{"id":11269,"date":"2025-12-14T15:42:19","date_gmt":"2025-12-14T14:42:19","guid":{"rendered":"https:\/\/spgoo.org\/?page_id=11269"},"modified":"2025-12-23T10:55:24","modified_gmt":"2025-12-23T09:55:24","slug":"deepbdd-bddictionnairique","status":"publish","type":"page","link":"https:\/\/spgoo.org\/?page_id=11269","title":{"rendered":"DeepBdd &#8211; Bddictionnairique"},"content":{"rendered":"\n<h2 class=\"wp-block-heading has-text-align-center\">CDA DeepBdd &#8211; Bddictionnairique Anglais : resp. JM Fournier<\/h2>\n\n\n\n<p class=\"has-text-align-center has-vivid-green-cyan-color has-text-color has-link-color has-medium-font-size wp-elements-3b58bdf883fbacd524f9b1c85703e1a0\">Ressources SPGoO : Y. Stroppa<\/p>\n\n\n\n<p class=\"has-text-align-center has-vivid-cyan-blue-color has-text-color has-link-color has-medium-font-size wp-elements-dca1442da3f2b709e9d1caeb49efe766\">Projet de d\u00e9veloppement d&#8217;une plateforme Web avec l&#8217;\u00e9quipe <a href=\"https:\/\/morphophonologie.org\/\">MorphoPhonologie<\/a> de Tours<\/p>\n\n\n\n<p>Objectifs : unifier plusieurs dictionnaires de type phon\u00e9tique de l&#8217;Anglais (Am\u00e9ricain, Anglais et Australien) au sein d&#8217;une m\u00eame plateforme pour permettre des extractions et des analyses comparatives. Permettre \u00e9galement de compl\u00e9ter ces informations selon une approche  Morphologique et de relier les diff\u00e9rentes r\u00e9alisations phon\u00e9tiques par des illustrations sonores issues de corpus.<\/p>\n\n\n\n<p>Ce travail a d\u00e9but\u00e9 en 2012 et se concr\u00e9tise aujourd&#8217;hui par une consolidation importante et la mise \u00e0 disposition de ce dispositif qui devrait d\u00e8s 2026 permettre aux chercheurs de disposer d&#8217;un outil et des donn\u00e9es d&#8217;une richesse exceptionnelle gr\u00e2ce \u00e0  l&#8217;effort et la pers\u00e9v\u00e9rance des coll\u00e8gues de Tours malgr\u00e9 un contexte difficile.  <\/p>\n\n\n\n<p>L&#8217;interface de la plateforme a \u00e9t\u00e9 d\u00e9velopp\u00e9e en conformit\u00e9 avec le pipeline de traitements utilis\u00e9.<\/p>\n\n\n<div class=\"wp-block-image\">\n<figure class=\"aligncenter size-large is-resized\"><img loading=\"lazy\" decoding=\"async\" width=\"1024\" height=\"792\" src=\"https:\/\/spgoo.org\/wp-content\/uploads\/2025\/12\/Capture-du-2025-12-23-10-05-48-1024x792.png\" alt=\"\" class=\"wp-image-11357\" style=\"width:596px;height:auto\" srcset=\"https:\/\/spgoo.org\/wp-content\/uploads\/2025\/12\/Capture-du-2025-12-23-10-05-48-1024x792.png 1024w, https:\/\/spgoo.org\/wp-content\/uploads\/2025\/12\/Capture-du-2025-12-23-10-05-48-300x232.png 300w, https:\/\/spgoo.org\/wp-content\/uploads\/2025\/12\/Capture-du-2025-12-23-10-05-48-768x594.png 768w, https:\/\/spgoo.org\/wp-content\/uploads\/2025\/12\/Capture-du-2025-12-23-10-05-48.png 1192w\" sizes=\"auto, (max-width: 1024px) 100vw, 1024px\" \/><\/figure>\n<\/div>\n\n\n<p>Chaque module correspond  \u00e0 un ensemble fonctionnel et \u00e0 un phase tr\u00e8s pr\u00e9cise du pipeline. La  r\u00e9versibilit\u00e9 a \u00e9t\u00e9 une pr\u00e9occupation  importante dans la mise en place du dispositif permettant de conserver des \u00e9tats interm\u00e9diaires des donn\u00e9es. Bien entendu l&#8217;ensemble de ces modules ne sera pas mis \u00e0 la disposition de tous les utilisateurs , seuls les utilisateurs du consortium auront acc\u00e8s \u00e0 l&#8217;ensemble.<\/p>\n\n\n\n<hr class=\"wp-block-separator has-alpha-channel-opacity\"\/>\n\n\n\n<p class=\"has-vivid-cyan-blue-color has-text-color has-link-color has-medium-font-size wp-elements-16fa06c858f6b74ffba1ecb14a9345d2\">Evolution de la plateforme : (en cours de construction) <\/p>\n\n\n\n<p>Description des \u00e9volutions de la plateforme au cours des \u00e9changes avec l&#8217;\u00e9quipe MP<\/p>\n\n\n\n<p class=\"has-vivid-green-cyan-color has-text-color has-link-color has-medium-font-size wp-elements-f59e22682649a65f0082413b37b288ee\">22\/12\/2025 : JMF-YS <\/p>\n\n\n\n<p>Description du transfert des fiches corrig\u00e9es par JMF : <a href=\"\/wp-content\/uploads\/2025\/12\/transfert_collection_2025.pdf\">doc<\/a><\/p>\n\n\n\n<p class=\"has-vivid-green-cyan-color has-text-color has-link-color has-medium-font-size wp-elements-8f08da56d4933f3db11c58d52f804aca\">01\/09\/2025 : YS <\/p>\n\n\n\n<p>Adaptation et d\u00e9veloppement de la partie \u00e9diteur hi\u00e9rarchique : l&#8217;interface web mise en place permettant la gestion des fiches ne permettait pas de d\u00e9placer des \u00e9l\u00e9ments directement dans la hi\u00e9rarchie et de bloquer une fiche en lecture uniquement ainsi que l&#8217;ajout de mode suppl\u00e9mentaire &#8220;Validation&#8221;. Pour r\u00e9pondre \u00e0 ce besoin nous avons entrepris l&#8217;\u00e9volution de cette interface pour faciliter l&#8217;ergonomie afin de permettre \u00e0 aux utilisateurs une plus grande facilit\u00e9 et un gain de temps pr\u00e9cieux sachant que le nombre de fiches \u00e0 visiter est cons\u00e9quent. <\/p>\n\n\n\n<p>Version initiale :<\/p>\n\n\n<div class=\"wp-block-image\">\n<figure class=\"aligncenter size-large\"><img loading=\"lazy\" decoding=\"async\" width=\"1024\" height=\"576\" src=\"https:\/\/spgoo.org\/wp-content\/uploads\/2025\/12\/Capture-du-2025-12-23-10-19-29-1024x576.png\" alt=\"\" class=\"wp-image-11367\" srcset=\"https:\/\/spgoo.org\/wp-content\/uploads\/2025\/12\/Capture-du-2025-12-23-10-19-29-1024x576.png 1024w, https:\/\/spgoo.org\/wp-content\/uploads\/2025\/12\/Capture-du-2025-12-23-10-19-29-300x169.png 300w, https:\/\/spgoo.org\/wp-content\/uploads\/2025\/12\/Capture-du-2025-12-23-10-19-29-768x432.png 768w, https:\/\/spgoo.org\/wp-content\/uploads\/2025\/12\/Capture-du-2025-12-23-10-19-29.png 1304w\" sizes=\"auto, (max-width: 1024px) 100vw, 1024px\" \/><\/figure>\n<\/div>\n\n\n<hr class=\"wp-block-separator has-alpha-channel-opacity\"\/>\n\n\n\n<p>Version am\u00e9lior\u00e9e : les zones gris\u00e9es permet d&#8217;identifier les blocs d&#8217;attributs.<\/p>\n\n\n<div class=\"wp-block-image\">\n<figure class=\"aligncenter size-full\"><img loading=\"lazy\" decoding=\"async\" width=\"1344\" height=\"813\" src=\"https:\/\/spgoo.org\/wp-content\/uploads\/2025\/12\/Capture-du-2025-12-23-10-29-28.png\" alt=\"\" class=\"wp-image-11370\" srcset=\"https:\/\/spgoo.org\/wp-content\/uploads\/2025\/12\/Capture-du-2025-12-23-10-29-28.png 1344w, https:\/\/spgoo.org\/wp-content\/uploads\/2025\/12\/Capture-du-2025-12-23-10-29-28-300x181.png 300w, https:\/\/spgoo.org\/wp-content\/uploads\/2025\/12\/Capture-du-2025-12-23-10-29-28-1024x619.png 1024w, https:\/\/spgoo.org\/wp-content\/uploads\/2025\/12\/Capture-du-2025-12-23-10-29-28-768x465.png 768w\" sizes=\"auto, (max-width: 1344px) 100vw, 1344px\" \/><\/figure>\n<\/div>\n\n\n<p>L&#8217;interface repose sur un socle du MIT qui a \u00e9t\u00e9 enrichi de fonctionnalit\u00e9s suppl\u00e9mentaires pour permettre de r\u00e9pondre aux besoins des utilisateurs. Les notions de mode lecture ou \u00e9criture directement dans des objets input que l&#8217;on a rajout\u00e9 de fa\u00e7on syst\u00e9matique, des attributs uniquement en lecture seule pour \u00e9viter des modifications sur des attributs d&#8217;identification. Un prototype qui nous a permis de faire la mise au point est accessible <a href=\"\/?page_id=6269\">ici<\/a>.<\/p>\n\n\n\n<p><\/p>\n","protected":false},"excerpt":{"rendered":"<p>CDA DeepBdd &#8211; Bddictionnairique Anglais : resp. JM Fournier Ressources SPGoO : Y. Stroppa Projet de d\u00e9veloppement d&#8217;une plateforme Web avec l&#8217;\u00e9quipe MorphoPhonologie de Tours Objectifs : unifier plusieurs dictionnaires de type phon\u00e9tique de l&#8217;Anglais (Am\u00e9ricain, Anglais et Australien) au sein d&#8217;une m\u00eame plateforme pour permettre des extractions et des analyses comparatives. Permettre \u00e9galement de [&hellip;]<\/p>\n","protected":false},"author":1,"featured_media":0,"parent":0,"menu_order":0,"comment_status":"closed","ping_status":"closed","template":"","meta":{"footnotes":""},"class_list":["post-11269","page","type-page","status-publish","hentry"],"_links":{"self":[{"href":"https:\/\/spgoo.org\/index.php?rest_route=\/wp\/v2\/pages\/11269","targetHints":{"allow":["GET"]}}],"collection":[{"href":"https:\/\/spgoo.org\/index.php?rest_route=\/wp\/v2\/pages"}],"about":[{"href":"https:\/\/spgoo.org\/index.php?rest_route=\/wp\/v2\/types\/page"}],"author":[{"embeddable":true,"href":"https:\/\/spgoo.org\/index.php?rest_route=\/wp\/v2\/users\/1"}],"replies":[{"embeddable":true,"href":"https:\/\/spgoo.org\/index.php?rest_route=%2Fwp%2Fv2%2Fcomments&post=11269"}],"version-history":[{"count":31,"href":"https:\/\/spgoo.org\/index.php?rest_route=\/wp\/v2\/pages\/11269\/revisions"}],"predecessor-version":[{"id":11381,"href":"https:\/\/spgoo.org\/index.php?rest_route=\/wp\/v2\/pages\/11269\/revisions\/11381"}],"wp:attachment":[{"href":"https:\/\/spgoo.org\/index.php?rest_route=%2Fwp%2Fv2%2Fmedia&parent=11269"}],"curies":[{"name":"wp","href":"https:\/\/api.w.org\/{rel}","templated":true}]}}