{"id":11287,"date":"2025-12-14T15:57:51","date_gmt":"2025-12-14T14:57:51","guid":{"rendered":"https:\/\/spgoo.org\/?page_id=11287"},"modified":"2025-12-15T17:39:19","modified_gmt":"2025-12-15T16:39:19","slug":"llm","status":"publish","type":"page","link":"https:\/\/spgoo.org\/?page_id=11287","title":{"rendered":"LLM"},"content":{"rendered":"\n<h2 class=\"wp-block-heading\">LLM : mise en oeuvre <\/h2>\n\n\n\n<p>Mise en oeuvre d&#8217;un syst\u00e8me LLM de type Ollama avec un syst\u00e8me de RAG associ\u00e9 pour l&#8217;adapter au contexte de GraphExIA\/Rephon-IA. L&#8217;objectif est de doter la plateforme \u00e0 une IA permettant aux utilisateurs de l&#8221;interroger via un prompt et ainsi de pouvoir explorer l&#8217;ensemble des donn\u00e9es consolid\u00e9es.<\/p>\n\n\n\n<p>Les contextes dans lesquels nous souhaitons mettre ce dispositif en place sont les deux plateformes REphon-IA et GraphExIA qui ont des documents sp\u00e9cifiques et une structure de base de donn\u00e9es. <\/p>\n\n\n\n<p>Pour GraphEXIA nous disposons des productions scientifiques du chercheur (articles, revues,  communications et co-auteurs) sur la p\u00e9riode compl\u00e8te d&#8217;activit\u00e9s. Cette masse d&#8217;informations est analys\u00e9e et structur\u00e9e dans une base de donn\u00e9es <span class='tooltipsall tooltipsincontent classtoolTips5'>Neo4J<\/span>\/<span class='tooltipsall tooltipsincontent classtoolTips3'>MongoDB<\/span>  et parser par le RAG pour une int\u00e9gration dans le mod\u00e8le LLM. <\/p>\n\n\n\n<p>Pour Rephon-IA : nous disposons des enregistrements, des diagnostics et des rem\u00e9diations pour chaque apprenant ce qui nous permet de constituer une structure une base de connaissance \u00e0 partir de laquelle nous allons compl\u00e9ter les mod\u00e8les. <\/p>\n<script type=\"text\/javascript\"> toolTips('.classtoolTips3','<a style=\"text-decoration: none;\" href=\"https:\/\/www.mongodb.com\/fr-fr\"><img style=\"width: 180px; height: 50px;\" src=\"\/wp-content\/uploads\/2025\/01\/mongodb-logo-rgb-scaled.jpg\" \/><\/a>'); <\/script><script type=\"text\/javascript\"> toolTips('.classtoolTips5','<a style=\"text-decoration: none;\" href=\"https:\/\/neo4j.com\/\"><img style=\"width: 180px; height: 50px;\" src=\"\/wp-content\/uploads\/2025\/01\/Neo4j-logo_color.png\" \/><\/a>'); <\/script>","protected":false},"excerpt":{"rendered":"<p>LLM : mise en oeuvre Mise en oeuvre d&#8217;un syst\u00e8me LLM de type Ollama avec un syst\u00e8me de RAG associ\u00e9 pour l&#8217;adapter au contexte de GraphExIA\/Rephon-IA. L&#8217;objectif est de doter la plateforme \u00e0 une IA permettant aux utilisateurs de l&#8221;interroger via un prompt et ainsi de pouvoir explorer l&#8217;ensemble des donn\u00e9es consolid\u00e9es. Les contextes dans [&hellip;]<\/p>\n","protected":false},"author":1,"featured_media":0,"parent":0,"menu_order":0,"comment_status":"closed","ping_status":"closed","template":"","meta":{"footnotes":""},"class_list":["post-11287","page","type-page","status-publish","hentry"],"_links":{"self":[{"href":"https:\/\/spgoo.org\/index.php?rest_route=\/wp\/v2\/pages\/11287","targetHints":{"allow":["GET"]}}],"collection":[{"href":"https:\/\/spgoo.org\/index.php?rest_route=\/wp\/v2\/pages"}],"about":[{"href":"https:\/\/spgoo.org\/index.php?rest_route=\/wp\/v2\/types\/page"}],"author":[{"embeddable":true,"href":"https:\/\/spgoo.org\/index.php?rest_route=\/wp\/v2\/users\/1"}],"replies":[{"embeddable":true,"href":"https:\/\/spgoo.org\/index.php?rest_route=%2Fwp%2Fv2%2Fcomments&post=11287"}],"version-history":[{"count":7,"href":"https:\/\/spgoo.org\/index.php?rest_route=\/wp\/v2\/pages\/11287\/revisions"}],"predecessor-version":[{"id":11298,"href":"https:\/\/spgoo.org\/index.php?rest_route=\/wp\/v2\/pages\/11287\/revisions\/11298"}],"wp:attachment":[{"href":"https:\/\/spgoo.org\/index.php?rest_route=%2Fwp%2Fv2%2Fmedia&parent=11287"}],"curies":[{"name":"wp","href":"https:\/\/api.w.org\/{rel}","templated":true}]}}