{"id":11699,"date":"2026-02-03T08:58:13","date_gmt":"2026-02-03T07:58:13","guid":{"rendered":"https:\/\/spgoo.org\/?page_id=11699"},"modified":"2026-02-24T18:06:07","modified_gmt":"2026-02-24T17:06:07","slug":"modele-numerique","status":"publish","type":"page","link":"https:\/\/spgoo.org\/?page_id=11699","title":{"rendered":"SNO tourbi\u00e8res : Mod\u00e8le num\u00e9rique"},"content":{"rendered":"\n<p>Description du fonctionnement d&#8217;une tourbi\u00e8re : d\u00e9crire les diff\u00e9rents \u00e9changes et r\u00e9actions chimiques l&#8217;int\u00e9rieur \u00e0 l&#8217;int\u00e9rieur de la tourbi\u00e8re. <\/p>\n\n\n\n<p>Conception du mod\u00e8le num\u00e9rique : l&#8217;id\u00e9e ici est de d\u00e9finir une repr\u00e9sentation \u00e9l\u00e9mentaire d&#8217;une tourbi\u00e8re que l&#8217;on va \u00e9tudier. L&#8217;\u00e9tude va consister \u00e0 d\u00e9finir quels sont les \u00e9changes de thermiques, de flux CH2, CH4 aux fronti\u00e8res. Et int\u00e9grer sur l&#8217;ensemble de la tourbi\u00e8re par une approche d&#8217;\u00e9l\u00e9ments finis FEM. Et ainsi d&#8217;avoir une approximation des interactions de la tourbi\u00e8re avec son environnement. <\/p>\n\n\n\n<p>Premi\u00e8re illustration \u00e0 partir de l&#8217;IA : <a href=\"https:\/\/spgoo.org\/?page_id=11711\">voir<\/a><\/p>\n\n\n\n<p><\/p>\n","protected":false},"excerpt":{"rendered":"<p>Description du fonctionnement d&#8217;une tourbi\u00e8re : d\u00e9crire les diff\u00e9rents \u00e9changes et r\u00e9actions chimiques l&#8217;int\u00e9rieur \u00e0 l&#8217;int\u00e9rieur de la tourbi\u00e8re. Conception du mod\u00e8le num\u00e9rique : l&#8217;id\u00e9e ici est de d\u00e9finir une repr\u00e9sentation \u00e9l\u00e9mentaire d&#8217;une tourbi\u00e8re que l&#8217;on va \u00e9tudier. L&#8217;\u00e9tude va consister \u00e0 d\u00e9finir quels sont les \u00e9changes de thermiques, de flux CH2, CH4 aux fronti\u00e8res. [&hellip;]<\/p>\n","protected":false},"author":1,"featured_media":0,"parent":0,"menu_order":0,"comment_status":"closed","ping_status":"closed","template":"","meta":{"footnotes":""},"class_list":["post-11699","page","type-page","status-publish","hentry"],"_links":{"self":[{"href":"https:\/\/spgoo.org\/index.php?rest_route=\/wp\/v2\/pages\/11699","targetHints":{"allow":["GET"]}}],"collection":[{"href":"https:\/\/spgoo.org\/index.php?rest_route=\/wp\/v2\/pages"}],"about":[{"href":"https:\/\/spgoo.org\/index.php?rest_route=\/wp\/v2\/types\/page"}],"author":[{"embeddable":true,"href":"https:\/\/spgoo.org\/index.php?rest_route=\/wp\/v2\/users\/1"}],"replies":[{"embeddable":true,"href":"https:\/\/spgoo.org\/index.php?rest_route=%2Fwp%2Fv2%2Fcomments&post=11699"}],"version-history":[{"count":7,"href":"https:\/\/spgoo.org\/index.php?rest_route=\/wp\/v2\/pages\/11699\/revisions"}],"predecessor-version":[{"id":11933,"href":"https:\/\/spgoo.org\/index.php?rest_route=\/wp\/v2\/pages\/11699\/revisions\/11933"}],"wp:attachment":[{"href":"https:\/\/spgoo.org\/index.php?rest_route=%2Fwp%2Fv2%2Fmedia&parent=11699"}],"curies":[{"name":"wp","href":"https:\/\/api.w.org\/{rel}","templated":true}]}}