{"id":11953,"date":"2026-03-31T09:16:41","date_gmt":"2026-03-31T07:16:41","guid":{"rendered":"https:\/\/spgoo.org\/?page_id=11953"},"modified":"2026-04-01T16:24:35","modified_gmt":"2026-04-01T14:24:35","slug":"partage-de-connexion","status":"publish","type":"page","link":"https:\/\/spgoo.org\/?page_id=11953","title":{"rendered":"Partage de connexion"},"content":{"rendered":"\n<h2 class=\"wp-block-heading\">Partage de connexion <\/h2>\n\n\n\n<p>Contexte :  vous souhaitez partager votre connexion WIFI  de portable \u00e0 un ensemble de machines interconnect\u00e9es sous un Lan pour qu&#8217;elles puissent acc\u00e9der  \u00e0 l&#8217;ext\u00e9rieur. <\/p>\n\n\n\n<p class=\"has-vivid-cyan-blue-color has-text-color has-link-color has-medium-font-size wp-elements-471892047c11d0f33755a6fbceb72b92\">Sch\u00e9ma de l&#8217;architecture : <\/p>\n\n\n\n<figure class=\"wp-block-image size-large\"><img loading=\"lazy\" decoding=\"async\" width=\"1024\" height=\"368\" src=\"https:\/\/spgoo.org\/wp-content\/uploads\/2026\/03\/Capture-du-2026-03-31-09-28-26-1024x368.png\" alt=\"\" class=\"wp-image-11955\" srcset=\"https:\/\/spgoo.org\/wp-content\/uploads\/2026\/03\/Capture-du-2026-03-31-09-28-26-1024x368.png 1024w, https:\/\/spgoo.org\/wp-content\/uploads\/2026\/03\/Capture-du-2026-03-31-09-28-26-300x108.png 300w, https:\/\/spgoo.org\/wp-content\/uploads\/2026\/03\/Capture-du-2026-03-31-09-28-26-768x276.png 768w, https:\/\/spgoo.org\/wp-content\/uploads\/2026\/03\/Capture-du-2026-03-31-09-28-26.png 1238w\" sizes=\"auto, (max-width: 1024px) 100vw, 1024px\" \/><\/figure>\n\n\n\n<p class=\"has-vivid-cyan-blue-color has-text-color has-link-color has-medium-font-size wp-elements-5552b10bbba8e42ef5b0a9ce491ea9bf\">V\u00e9rification du param\u00e8tre ip_forward <\/p>\n\n\n\n<p>Pour autoriser les redirections via les interfaces r\u00e9seaux.<\/p>\n\n\n\n<pre class=\"wp-block-code\"><code>&nbsp;<code>sudo nano \/etc\/sysctl.conf<span style=\"background-color: initial; font-family: inherit; font-size: inherit; text-align: initial; color: initial;\"> and uncomment the line&nbsp; <\/span><span style=\"background-color: initial; font-family: inherit; font-size: inherit; text-align: initial; color: initial;\">net.ipv4.ip_forward=1<\/span><\/code><\/code><\/pre>\n\n\n\n<pre class=\"wp-block-code\"><code>sudo sh -c \"echo 1 &gt; \/proc\/sys\/net\/ipv4\/ip_forward\"<\/code><\/pre>\n\n\n\n<p class=\"has-vivid-cyan-blue-color has-text-color has-link-color has-medium-font-size wp-elements-816f6c24a033c434b8458cbc92463f05\">Configuration de votre portable<\/p>\n\n\n\n<p>Extraire les param\u00e8tres des interfaces r\u00e9seaux de votre portable via la commande:<\/p>\n\n\n\n<pre class=\"wp-block-code\"><code>ip a<\/code><\/pre>\n\n\n\n<pre class=\"wp-block-code\"><code>3: wlo1: mtu 1500 qdisc noqueue state UP group default qlen 1000\nlink\/ether 2c:db:07:40:84:7c brd ff:ff:ff:ff:ff:ff\ninet 10.169.1.198\/24 brd 10.169.1.255 scope global dynamic noprefixroute wlo1\nvalid_lft 86380sec preferred_lft 86380sec\ninet6 2a01:cb00:8fd5:8200:7c71:9256:6b89:19e7\/64 scope global temporary dynamic\nvalid_lft 86381sec preferred_lft 581sec\ninet6 2a01:cb00:8fd5:8200:1f8f:e870:ee7d:6f74\/64 scope global dynamic mngtmpaddr noprefixroute\nvalid_lft 86381sec preferred_lft 581sec\ninet6 fe80::1b98:e7f3:d6bf:ce29\/64 scope link noprefixroute\nvalid_lft forever preferred_lft forever<\/code><\/pre>\n\n\n\n<pre class=\"wp-block-code\"><code>72: enxcc483a9e8fae: mtu 1500 qdisc fq_codel state UP group default qlen 1000<br>link\/ether cc:48:3a:9e:8f:ae brd ff:ff:ff:ff:ff:ff<br>inet 192.168.1.39\/24 brd 192.168.1.255 scope global noprefixroute enxcc483a9e8fae<br>valid_lft forever preferred_lft forever<br>inet6 2a01:cb00:8fd5:8200:1997:d5e3:d927:6bb5\/64 scope global temporary dynamic<br>valid_lft 86400sec preferred_lft 600sec<br>inet6 2a01:cb00:8fd5:8200:d914:f9f2:d2b0:d565\/64 scope global dynamic mngtmpaddr noprefixroute<br>valid_lft 86400sec preferred_lft 600sec<br>inet6 fe80::4e27:cfca:4d0f:95b8\/64 scope link noprefixroute<br>valid_lft forever preferred_lft forever<\/code><\/pre>\n\n\n\n<p class=\"has-vivid-cyan-blue-color has-text-color has-link-color has-medium-font-size wp-elements-2627a414a118d993f34396917b3f1549\">Modification de la  table de filtrage via iptables: <\/p>\n\n\n\n<pre class=\"wp-block-code\"><code><code>sudo iptables -A FORWARD -o wlo1 -i enxcc483a9e8fae -s 192.168.1.0\/24 -m conntrack --ctstate NEW -j ACCEPT<\/code>&nbsp;\n<code>sudo iptables -A FORWARD -m conntrack --ctstate ESTABLISHED,RELATED -j ACCEPT<\/code>&nbsp;\n<code>sudo iptables -t nat -F POSTROUTING<\/code>&nbsp;\n<code>sudo iptables -t nat -A POSTROUTING -o wlo1 -j MASQUERADE<\/code><\/code><\/pre>\n\n\n\n<p class=\"has-vivid-cyan-blue-color has-text-color has-link-color has-medium-font-size wp-elements-e126a7bf1d0083f693a6484e9afae2d9\">Extension : <\/p>\n\n\n\n<p>Utilisation de dnsmasq pour un service simple dhcp : <\/p>\n\n\n\n<p>On peut utiliser \u00e9galement dnsmasq pour mettre en place si besoin  un service simple dhcp pour les machines connect\u00e9es &#8230; <\/p>\n\n\n\n<pre class=\"wp-block-code\"><code>- Vous devez installer dnsmasq via\u00a0<span style=\"background-color: initial; font-family: inherit; font-size: inherit; text-align: initial; color: initial;\"><strong>sudo apt install dnsmasq<\/strong><\/span>\u00a0puis arr\u00eater le service \u00a0<span style=\"background-color: initial; font-family: inherit; font-size: inherit; text-align: initial; color: initial;\"><strong>systemctl stop dnsmasq<\/strong><\/span>\n- Vous devez commencer par assigner une adresse IP , dnsmasq\u00a0<code><strong>sudo ip addr add 192.168.0.1\/24 dev <span style=\"background-color: initial; font-family: inherit; font-size: inherit; text-align: initial; color: initial;\">enxcc483a9e8fae<\/span><\/strong><span style=\"background-color: initial; font-family: inherit; font-size: inherit; text-align: initial; color: initial;\"> <\/span><\/code>- Modifiez \u00a0<span style=\"background-color: initial; font-family: inherit; font-size: inherit; text-align: initial; color: initial;\"><strong>sudo nano \/etc\/dnsmasq.conf<\/strong><\/span>\u00a0then add\u00a0<span style=\"background-color: initial; font-family: inherit; font-size: inherit; text-align: initial; color: initial;\">interface=eth0 dhcp-range=192.168.1.50,192.168.1.100,12h server=8.8.8.8 bind-interfaces domain-needed bogus-priv no-dhcp-interface=<span style=\"background-color: initial; font-family: inherit; font-size: inherit; text-align: initial; color: initial;\">wlo1<\/span><\/span> \n- Red\u00e9marrez le service  <strong>dnsmasq\u00a0<span style=\"background-color: initial; font-family: inherit; font-size: inherit; text-align: initial; color: initial;\">systemctl start dnsmasq<\/span><\/strong><\/code><\/pre>\n\n\n\n<p><\/p>\n","protected":false},"excerpt":{"rendered":"<p>Partage de connexion Contexte : vous souhaitez partager votre connexion WIFI de portable \u00e0 un ensemble de machines interconnect\u00e9es sous un Lan pour qu&#8217;elles puissent acc\u00e9der \u00e0 l&#8217;ext\u00e9rieur. Sch\u00e9ma de l&#8217;architecture : V\u00e9rification du param\u00e8tre ip_forward Pour autoriser les redirections via les interfaces r\u00e9seaux. Configuration de votre portable Extraire les param\u00e8tres des interfaces r\u00e9seaux de [&hellip;]<\/p>\n","protected":false},"author":1,"featured_media":0,"parent":0,"menu_order":0,"comment_status":"closed","ping_status":"closed","template":"","meta":{"footnotes":""},"class_list":["post-11953","page","type-page","status-publish","hentry"],"_links":{"self":[{"href":"https:\/\/spgoo.org\/index.php?rest_route=\/wp\/v2\/pages\/11953","targetHints":{"allow":["GET"]}}],"collection":[{"href":"https:\/\/spgoo.org\/index.php?rest_route=\/wp\/v2\/pages"}],"about":[{"href":"https:\/\/spgoo.org\/index.php?rest_route=\/wp\/v2\/types\/page"}],"author":[{"embeddable":true,"href":"https:\/\/spgoo.org\/index.php?rest_route=\/wp\/v2\/users\/1"}],"replies":[{"embeddable":true,"href":"https:\/\/spgoo.org\/index.php?rest_route=%2Fwp%2Fv2%2Fcomments&post=11953"}],"version-history":[{"count":26,"href":"https:\/\/spgoo.org\/index.php?rest_route=\/wp\/v2\/pages\/11953\/revisions"}],"predecessor-version":[{"id":11991,"href":"https:\/\/spgoo.org\/index.php?rest_route=\/wp\/v2\/pages\/11953\/revisions\/11991"}],"wp:attachment":[{"href":"https:\/\/spgoo.org\/index.php?rest_route=%2Fwp%2Fv2%2Fmedia&parent=11953"}],"curies":[{"name":"wp","href":"https:\/\/api.w.org\/{rel}","templated":true}]}}