{"id":11993,"date":"2026-04-03T10:28:19","date_gmt":"2026-04-03T08:28:19","guid":{"rendered":"https:\/\/spgoo.org\/?page_id=11993"},"modified":"2026-04-03T14:12:47","modified_gmt":"2026-04-03T12:12:47","slug":"virtualisation","status":"publish","type":"page","link":"https:\/\/spgoo.org\/?page_id=11993","title":{"rendered":"Virtualisation"},"content":{"rendered":"\n<h2 class=\"wp-block-heading\">Cr\u00e9ation d&#8217;image qcow2 pour d\u00e9ploiement sur EOSC.<\/h2>\n\n\n\n<p>Les images disponibles sur ESOC ne disposent pas toujours des \u00e9l\u00e9ments n\u00e9cessaires pour vos diff\u00e9rentes manipulations. Pour cela, il est n\u00e9cessaire de constituer sa propre image.<\/p>\n\n\n\n<p>Utilisation de qemu : <\/p>\n\n\n\n<p>Cr\u00e9ation d&#8217;un disque au format qcow2 (attention pr\u00e9voir assez d&#8217;espace pour les installations par d\u00e9faut, sinon il faudra adapter et tailler le disque de fa\u00e7on manuelle lors de l&#8217;installation).<\/p>\n\n\n\n<pre class=\"wp-block-code\"><code>qemu-img create -f qcow2 nom_disque.qcow2 10G<\/code><\/pre>\n\n\n\n<p>Cr\u00e9ation de la machine virtuelle :<\/p>\n\n\n\n<pre class=\"wp-block-code\"><code>qemu-system-x86_64 --enable-kvm -k fr -m 2048 -drive file=nom_disque.qcow2,media=disk,if=virtio,format=qcow2 -boot d -cdrom ubuntu24.04.4-live-server-amd64.iso -netdev user,id=mynet0 -device e1000,netdev=mynet0<\/code><\/pre>\n\n\n\n<p>D\u00e9marrage de l&#8217;image une fois g\u00e9n\u00e9r\u00e9e : <\/p>\n\n\n\n<pre class=\"wp-block-code\"><code>qemu-system-x86_64 --enable-kvm -k fr -m 2048 -drive file=nom_disque.qcow2,media=disk,if=virtio,format=qcow2 -boot d  -netdev user,id=mynet0 -device e1000,netdev=mynet0<\/code><\/pre>\n\n\n\n<p class=\"has-vivid-cyan-blue-color has-text-color has-link-color has-medium-font-size wp-elements-0ca30d098bdb39802dcfe6cb90eba4e4\">Importer une machine virtuelle de VirtualBox vers qemu <\/p>\n\n\n\n<p>D\u00e9sarchiver l&#8217;archive ova \u00e0 l&#8217;aide de la commande suivante :<\/p>\n\n\n\n<p>tar -xvf archive.ova <\/p>\n\n\n\n<p>Les fichiers sont d\u00e9sarchiv\u00e9s et vous avez acc\u00e8s au fichier vmdk qui repr\u00e9sente l&#8217;image de votre machine virtuelle. <\/p>\n\n\n\n<p>Pour convertir ce fichier en fichier qcow2 vous pouvez utiliser la commande suivante :<\/p>\n\n\n\n<pre class=\"wp-block-code\"><code>qemu-img convert -f vmdk -O qcow2 fichier.vmdk fichier.qcow2<\/code><\/pre>\n\n\n\n<p>Pour tester, vous pouvez ex\u00e9cuter cette commande : <\/p>\n\n\n\n<pre class=\"wp-block-code\"><code>qemu-system-x86_64 -m 4G -smp 2 --enable-kvm fichier.qcow2<\/code><\/pre>\n\n\n\n<p>Si besoin de red\u00e9finir le clavier en fr : <\/p>\n\n\n\n<pre class=\"wp-block-code\"><code>dpkg-reconfigure keyboard-configuration   (choisir la partie fr dans l'interface)<\/code><\/pre>\n","protected":false},"excerpt":{"rendered":"<p>Cr\u00e9ation d&#8217;image qcow2 pour d\u00e9ploiement sur EOSC. Les images disponibles sur ESOC ne disposent pas toujours des \u00e9l\u00e9ments n\u00e9cessaires pour vos diff\u00e9rentes manipulations. Pour cela, il est n\u00e9cessaire de constituer sa propre image. Utilisation de qemu : Cr\u00e9ation d&#8217;un disque au format qcow2 (attention pr\u00e9voir assez d&#8217;espace pour les installations par d\u00e9faut, sinon il faudra [&hellip;]<\/p>\n","protected":false},"author":1,"featured_media":0,"parent":0,"menu_order":0,"comment_status":"closed","ping_status":"closed","template":"","meta":{"footnotes":""},"class_list":["post-11993","page","type-page","status-publish","hentry"],"_links":{"self":[{"href":"https:\/\/spgoo.org\/index.php?rest_route=\/wp\/v2\/pages\/11993","targetHints":{"allow":["GET"]}}],"collection":[{"href":"https:\/\/spgoo.org\/index.php?rest_route=\/wp\/v2\/pages"}],"about":[{"href":"https:\/\/spgoo.org\/index.php?rest_route=\/wp\/v2\/types\/page"}],"author":[{"embeddable":true,"href":"https:\/\/spgoo.org\/index.php?rest_route=\/wp\/v2\/users\/1"}],"replies":[{"embeddable":true,"href":"https:\/\/spgoo.org\/index.php?rest_route=%2Fwp%2Fv2%2Fcomments&post=11993"}],"version-history":[{"count":9,"href":"https:\/\/spgoo.org\/index.php?rest_route=\/wp\/v2\/pages\/11993\/revisions"}],"predecessor-version":[{"id":12006,"href":"https:\/\/spgoo.org\/index.php?rest_route=\/wp\/v2\/pages\/11993\/revisions\/12006"}],"wp:attachment":[{"href":"https:\/\/spgoo.org\/index.php?rest_route=%2Fwp%2Fv2%2Fmedia&parent=11993"}],"curies":[{"name":"wp","href":"https:\/\/api.w.org\/{rel}","templated":true}]}}