{"id":12034,"date":"2026-04-22T09:02:21","date_gmt":"2026-04-22T07:02:21","guid":{"rendered":"https:\/\/spgoo.org\/?page_id=12034"},"modified":"2026-04-22T11:29:02","modified_gmt":"2026-04-22T09:29:02","slug":"virtualisation-sous-eosc","status":"publish","type":"page","link":"https:\/\/spgoo.org\/?page_id=12034","title":{"rendered":"Virtualisation sous EOSC EU-1"},"content":{"rendered":"\n<h2 class=\"wp-block-heading\">Virtualisation sous EOSC EU1: Avril 2026<\/h2>\n\n\n\n<p>Proc\u00e9dure de d\u00e9ploiement d&#8217;une VM sous Openstack solution retenue par EOSC EU-1. Les ressources disponibles sont d\u00e9pendantes de votre affiliation, de votre employeur et des accords \u00e9tablis. Pour du personnel du Staff les ressources sont de l&#8217;ordre de 1000 cr\u00e9dits, pour du personnel chercheur ces m\u00eames ressources sont de l&#8217;ordre de 2000 cr\u00e9dits avec possibilit\u00e9 de constituer une \u00e9quipe ce qui repr\u00e9sente l&#8217;\u00e9quivalent de 6000 cr\u00e9dits.<\/p>\n\n\n\n<p>Le personnel de type Staff ne peut pas approvisionner plus d&#8217;une VM de caract\u00e9ristique tr\u00e8s limit\u00e9e (8Go de Ram et 2 vCpu et d&#8217;un disque). Donc pour la cr\u00e9ation d&#8217;infrastructure plus complexe pour le moment ce n&#8217;est pas disponible simplement (voir les fournisseurs : OVH, AZURE et AWS il suffit de faire chauffer la carte bancaire)<\/p>\n\n\n\n<p>Lors de votre connexion, il y a deux configurations d\u00e9finies et disponibles EU-1 et EU-2 qui ne disposent pas des m\u00eames ressources (R\u00e9seaux, Images).   <\/p>\n\n\n\n<p>La configuration de la section EU-1 est \u00e9crite dans ce document que vous pouvez trouver ici <a href=\"https:\/\/docs.cloud.psnc.pl\/en\/networking\/net_design\">https:\/\/docs.cloud.psnc.pl\/en\/networking\/net_design<\/a><\/p>\n\n\n\n<p class=\"has-vivid-cyan-blue-color has-text-color has-link-color has-medium-font-size wp-elements-af43f0d7dede392a77e370426be3632e\">Proc\u00e9dure de mise en oeuvre d&#8217;une VM sous OpenStack<\/p>\n\n\n\n<p>Votre contexte et disponibilit\u00e9 de ressources<\/p>\n\n\n<div class=\"wp-block-image\">\n<figure class=\"aligncenter size-full is-resized\"><img loading=\"lazy\" decoding=\"async\" width=\"829\" height=\"794\" src=\"https:\/\/spgoo.org\/wp-content\/uploads\/2026\/04\/Capture-du-2026-04-22-08-53-29.png\" alt=\"\" class=\"wp-image-12048\" style=\"width:572px;height:auto\" srcset=\"https:\/\/spgoo.org\/wp-content\/uploads\/2026\/04\/Capture-du-2026-04-22-08-53-29.png 829w, https:\/\/spgoo.org\/wp-content\/uploads\/2026\/04\/Capture-du-2026-04-22-08-53-29-300x287.png 300w, https:\/\/spgoo.org\/wp-content\/uploads\/2026\/04\/Capture-du-2026-04-22-08-53-29-768x736.png 768w\" sizes=\"auto, (max-width: 829px) 100vw, 829px\" \/><\/figure>\n<\/div>\n\n\n<p>1. D\u00e9finir une cl\u00e9 publique dans votre projet. Pour cela, il vous suffit de copier le fichier id_rsa.pub de votre machine du r\u00e9pertoire .ssh  et dans Section: Compute &gt; Key Pairs \u2014 further reading:&nbsp;<a href=\"https:\/\/ddec1-0-en-ctp.trendmicro.com\/wis\/clicktime\/v1\/query?url=https%3a%2f%2fdocs.cloud.psnc.pl%2fen%2faccess%5fsecurity%2fssh%2f&amp;umid=59f8f1a6-939a-4651-a0e3-33edd303da9b&amp;rct=1776781512&amp;auth=66532154a22d8ff5d1f4a9c61e98c0d1d5243a94-70ceaa48ef91bb0cf58c6f237f4f40e4511425b0\" target=\"_blank\" rel=\"noreferrer noopener\">https:\/\/docs.cloud.psnc.pl\/en\/access_security\/ssh\/<\/a>)<\/p>\n\n\n\n<p>2. Cr\u00e9ation de votre r\u00e9seau dans la partie NetWork pour pouvoir attacher votre VM (with one or more instances in mind \u2014&nbsp;<a href=\"https:\/\/ddec1-0-en-ctp.trendmicro.com\/wis\/clicktime\/v1\/query?url=https%3a%2f%2fdocs.cloud.psnc.pl%2fen%2fnetworking%2fipv4%2f&amp;umid=59f8f1a6-939a-4651-a0e3-33edd303da9b&amp;rct=1776781512&amp;auth=66532154a22d8ff5d1f4a9c61e98c0d1d5243a94-4df383e9a3d0878587a7b7e69b172f4b2f990418\" target=\"_blank\" rel=\"noreferrer noopener\">https:\/\/docs.cloud.psnc.pl\/en\/networking\/ipv4\/<\/a>)<\/p>\n\n\n\n<details class=\"wp-block-details is-layout-flow wp-block-details-is-layout-flow\"><summary>Ecran<\/summary>\n<p><\/p>\n\n\n\n<figure class=\"wp-block-image size-full\"><img loading=\"lazy\" decoding=\"async\" width=\"735\" height=\"428\" src=\"https:\/\/spgoo.org\/wp-content\/uploads\/2026\/04\/network.png\" alt=\"\" class=\"wp-image-12083\" srcset=\"https:\/\/spgoo.org\/wp-content\/uploads\/2026\/04\/network.png 735w, https:\/\/spgoo.org\/wp-content\/uploads\/2026\/04\/network-300x175.png 300w\" sizes=\"auto, (max-width: 735px) 100vw, 735px\" \/><\/figure>\n<\/details>\n\n\n\n<p>3. Cr\u00e9ation d&#8217;un sous-r\u00e9seau<\/p>\n\n\n\n<details class=\"wp-block-details is-layout-flow wp-block-details-is-layout-flow\"><summary>Ecrans<\/summary>\n<figure class=\"wp-block-image size-full\"><img loading=\"lazy\" decoding=\"async\" width=\"738\" height=\"605\" src=\"https:\/\/spgoo.org\/wp-content\/uploads\/2026\/04\/ss_network.png\" alt=\"\" class=\"wp-image-12082\" srcset=\"https:\/\/spgoo.org\/wp-content\/uploads\/2026\/04\/ss_network.png 738w, https:\/\/spgoo.org\/wp-content\/uploads\/2026\/04\/ss_network-300x246.png 300w\" sizes=\"auto, (max-width: 738px) 100vw, 738px\" \/><\/figure>\n\n\n\n<figure class=\"wp-block-image size-full\"><img loading=\"lazy\" decoding=\"async\" width=\"737\" height=\"633\" src=\"https:\/\/spgoo.org\/wp-content\/uploads\/2026\/04\/recap_network.png\" alt=\"\" class=\"wp-image-12081\" srcset=\"https:\/\/spgoo.org\/wp-content\/uploads\/2026\/04\/recap_network.png 737w, https:\/\/spgoo.org\/wp-content\/uploads\/2026\/04\/recap_network-300x258.png 300w\" sizes=\"auto, (max-width: 737px) 100vw, 737px\" \/><\/figure>\n<\/details>\n\n\n\n<p class=\"has-text-align-center\">R\u00e9seau disponible<\/p>\n\n\n\n<details class=\"wp-block-details is-layout-flow wp-block-details-is-layout-flow\"><summary>Vue<\/summary>\n<p><\/p>\n\n\n\n<figure class=\"wp-block-image size-large\"><img loading=\"lazy\" decoding=\"async\" width=\"1024\" height=\"486\" src=\"https:\/\/spgoo.org\/wp-content\/uploads\/2026\/04\/architecture_1-1024x486.png\" alt=\"\" class=\"wp-image-12079\" srcset=\"https:\/\/spgoo.org\/wp-content\/uploads\/2026\/04\/architecture_1-1024x486.png 1024w, https:\/\/spgoo.org\/wp-content\/uploads\/2026\/04\/architecture_1-300x142.png 300w, https:\/\/spgoo.org\/wp-content\/uploads\/2026\/04\/architecture_1-768x364.png 768w, https:\/\/spgoo.org\/wp-content\/uploads\/2026\/04\/architecture_1-1536x728.png 1536w, https:\/\/spgoo.org\/wp-content\/uploads\/2026\/04\/architecture_1.png 1607w\" sizes=\"auto, (max-width: 1024px) 100vw, 1024px\" \/><\/figure>\n<\/details>\n\n\n\n<p>4. Cr\u00e9ation d&#8217;un routeur qui va permettre interconnecter les r\u00e9seaux entre eux et permettre \u00e0 votre VM de pouvoir sortir sur Internet si besoin.<\/p>\n\n\n\n<details class=\"wp-block-details is-layout-flow wp-block-details-is-layout-flow\"><summary>Ecrans<\/summary>\n<figure class=\"wp-block-image size-full is-resized\"><img loading=\"lazy\" decoding=\"async\" width=\"737\" height=\"463\" src=\"https:\/\/spgoo.org\/wp-content\/uploads\/2026\/04\/routeur.png\" alt=\"\" class=\"wp-image-12086\" style=\"width:737px;height:auto\" srcset=\"https:\/\/spgoo.org\/wp-content\/uploads\/2026\/04\/routeur.png 737w, https:\/\/spgoo.org\/wp-content\/uploads\/2026\/04\/routeur-300x188.png 300w\" sizes=\"auto, (max-width: 737px) 100vw, 737px\" \/><\/figure>\n\n\n\n<figure class=\"wp-block-image size-full\"><img loading=\"lazy\" decoding=\"async\" width=\"742\" height=\"389\" src=\"https:\/\/spgoo.org\/wp-content\/uploads\/2026\/04\/routeur_2.png\" alt=\"\" class=\"wp-image-12085\" srcset=\"https:\/\/spgoo.org\/wp-content\/uploads\/2026\/04\/routeur_2.png 742w, https:\/\/spgoo.org\/wp-content\/uploads\/2026\/04\/routeur_2-300x157.png 300w\" sizes=\"auto, (max-width: 742px) 100vw, 742px\" \/><\/figure>\n<\/details>\n\n\n\n<p>5. Attacher votre routeur aux diff\u00e9rents r\u00e9seaux en cr\u00e9ant des interfaces. Pour les IP laisser Openstack fixer par d\u00e9faut une adresse IP aux interfaces de votre routeur. <\/p>\n\n\n\n<details class=\"wp-block-details is-layout-flow wp-block-details-is-layout-flow\"><summary>Ecran<\/summary>\n<p><\/p>\n\n\n<div class=\"wp-block-image\">\n<figure class=\"aligncenter size-large\"><img loading=\"lazy\" decoding=\"async\" width=\"1024\" height=\"484\" src=\"https:\/\/spgoo.org\/wp-content\/uploads\/2026\/04\/architecture_routeur-1024x484.png\" alt=\"\" class=\"wp-image-12084\" srcset=\"https:\/\/spgoo.org\/wp-content\/uploads\/2026\/04\/architecture_routeur-1024x484.png 1024w, https:\/\/spgoo.org\/wp-content\/uploads\/2026\/04\/architecture_routeur-300x142.png 300w, https:\/\/spgoo.org\/wp-content\/uploads\/2026\/04\/architecture_routeur-768x363.png 768w, https:\/\/spgoo.org\/wp-content\/uploads\/2026\/04\/architecture_routeur-1536x726.png 1536w, https:\/\/spgoo.org\/wp-content\/uploads\/2026\/04\/architecture_routeur.png 1599w\" sizes=\"auto, (max-width: 1024px) 100vw, 1024px\" \/><\/figure>\n<\/div><\/details>\n\n\n\n<p>6. Cr\u00e9ation d&#8217;un groupe de s\u00e9curit\u00e9 en ajoutant les protocoles et les r\u00e8gles d\u00e9sir\u00e9es pour l&#8217;acc\u00e8s \u00e0 votre VM<\/p>\n\n\n\n<p>7. Cr\u00e9ation de votre instance (Name &gt; Flavour &gt; Image &gt; Network\/Security Group &gt; Public Key \u2014&nbsp;<a href=\"https:\/\/ddec1-0-en-ctp.trendmicro.com\/wis\/clicktime\/v1\/query?url=https%3a%2f%2fdocs.cloud.psnc.pl%2fen%2fcompute%2finstances%2f&amp;umid=59f8f1a6-939a-4651-a0e3-33edd303da9b&amp;rct=1776781512&amp;auth=66532154a22d8ff5d1f4a9c61e98c0d1d5243a94-fea6450a04829bd13e3107c2f7c8c12095f78a8b\" target=\"_blank\" rel=\"noreferrer noopener\">https:\/\/docs.cloud.psnc.pl\/en\/compute\/instances\/<\/a>)<\/p>\n\n\n\n<details class=\"wp-block-details is-layout-flow wp-block-details-is-layout-flow\"><summary>D\u00e9tails<\/summary>\n<p><\/p>\n\n\n\n<figure class=\"wp-block-gallery has-nested-images columns-default is-cropped wp-block-gallery-1 is-layout-flex wp-block-gallery-is-layout-flex\">\n<figure class=\"wp-block-image size-large\"><img loading=\"lazy\" decoding=\"async\" width=\"968\" height=\"611\" data-id=\"12104\" src=\"https:\/\/spgoo.org\/wp-content\/uploads\/2026\/04\/ecran_1.png\" alt=\"\" class=\"wp-image-12104\" srcset=\"https:\/\/spgoo.org\/wp-content\/uploads\/2026\/04\/ecran_1.png 968w, https:\/\/spgoo.org\/wp-content\/uploads\/2026\/04\/ecran_1-300x189.png 300w, https:\/\/spgoo.org\/wp-content\/uploads\/2026\/04\/ecran_1-768x485.png 768w\" sizes=\"auto, (max-width: 968px) 100vw, 968px\" \/><\/figure>\n\n\n\n<figure class=\"wp-block-image size-large\"><img loading=\"lazy\" decoding=\"async\" width=\"967\" height=\"759\" data-id=\"12103\" src=\"https:\/\/spgoo.org\/wp-content\/uploads\/2026\/04\/ecran_source.png\" alt=\"\" class=\"wp-image-12103\" srcset=\"https:\/\/spgoo.org\/wp-content\/uploads\/2026\/04\/ecran_source.png 967w, https:\/\/spgoo.org\/wp-content\/uploads\/2026\/04\/ecran_source-300x235.png 300w, https:\/\/spgoo.org\/wp-content\/uploads\/2026\/04\/ecran_source-768x603.png 768w\" sizes=\"auto, (max-width: 967px) 100vw, 967px\" \/><\/figure>\n\n\n\n<figure class=\"wp-block-image size-large\"><img loading=\"lazy\" decoding=\"async\" width=\"968\" height=\"771\" data-id=\"12102\" src=\"https:\/\/spgoo.org\/wp-content\/uploads\/2026\/04\/ecran_gabarit.png\" alt=\"\" class=\"wp-image-12102\" srcset=\"https:\/\/spgoo.org\/wp-content\/uploads\/2026\/04\/ecran_gabarit.png 968w, https:\/\/spgoo.org\/wp-content\/uploads\/2026\/04\/ecran_gabarit-300x239.png 300w, https:\/\/spgoo.org\/wp-content\/uploads\/2026\/04\/ecran_gabarit-768x612.png 768w\" sizes=\"auto, (max-width: 968px) 100vw, 968px\" \/><\/figure>\n\n\n\n<figure class=\"wp-block-image size-large\"><img loading=\"lazy\" decoding=\"async\" width=\"965\" height=\"634\" data-id=\"12101\" src=\"https:\/\/spgoo.org\/wp-content\/uploads\/2026\/04\/ecran_reseau.png\" alt=\"\" class=\"wp-image-12101\" srcset=\"https:\/\/spgoo.org\/wp-content\/uploads\/2026\/04\/ecran_reseau.png 965w, https:\/\/spgoo.org\/wp-content\/uploads\/2026\/04\/ecran_reseau-300x197.png 300w, https:\/\/spgoo.org\/wp-content\/uploads\/2026\/04\/ecran_reseau-768x505.png 768w\" sizes=\"auto, (max-width: 965px) 100vw, 965px\" \/><\/figure>\n\n\n\n<figure class=\"wp-block-image size-large\"><img loading=\"lazy\" decoding=\"async\" width=\"967\" height=\"615\" data-id=\"12100\" src=\"https:\/\/spgoo.org\/wp-content\/uploads\/2026\/04\/ecran_securite.png\" alt=\"\" class=\"wp-image-12100\" srcset=\"https:\/\/spgoo.org\/wp-content\/uploads\/2026\/04\/ecran_securite.png 967w, https:\/\/spgoo.org\/wp-content\/uploads\/2026\/04\/ecran_securite-300x191.png 300w, https:\/\/spgoo.org\/wp-content\/uploads\/2026\/04\/ecran_securite-768x488.png 768w\" sizes=\"auto, (max-width: 967px) 100vw, 967px\" \/><\/figure>\n\n\n\n<figure class=\"wp-block-image size-large\"><img loading=\"lazy\" decoding=\"async\" width=\"968\" height=\"673\" data-id=\"12099\" src=\"https:\/\/spgoo.org\/wp-content\/uploads\/2026\/04\/ecran_keypair.png\" alt=\"\" class=\"wp-image-12099\" srcset=\"https:\/\/spgoo.org\/wp-content\/uploads\/2026\/04\/ecran_keypair.png 968w, https:\/\/spgoo.org\/wp-content\/uploads\/2026\/04\/ecran_keypair-300x209.png 300w, https:\/\/spgoo.org\/wp-content\/uploads\/2026\/04\/ecran_keypair-768x534.png 768w\" sizes=\"auto, (max-width: 968px) 100vw, 968px\" \/><\/figure>\n<\/figure>\n<\/details>\n\n\n\n<p class=\"has-text-align-center\">Instance g\u00e9n\u00e9r\u00e9e et disponible<\/p>\n\n\n<div class=\"wp-block-image\">\n<figure class=\"aligncenter size-large\"><img loading=\"lazy\" decoding=\"async\" width=\"1024\" height=\"483\" src=\"https:\/\/spgoo.org\/wp-content\/uploads\/2026\/04\/topologie_instance-1024x483.png\" alt=\"\" class=\"wp-image-12110\" srcset=\"https:\/\/spgoo.org\/wp-content\/uploads\/2026\/04\/topologie_instance-1024x483.png 1024w, https:\/\/spgoo.org\/wp-content\/uploads\/2026\/04\/topologie_instance-300x142.png 300w, https:\/\/spgoo.org\/wp-content\/uploads\/2026\/04\/topologie_instance-768x362.png 768w, https:\/\/spgoo.org\/wp-content\/uploads\/2026\/04\/topologie_instance-1536x725.png 1536w, https:\/\/spgoo.org\/wp-content\/uploads\/2026\/04\/topologie_instance.png 1606w\" sizes=\"auto, (max-width: 1024px) 100vw, 1024px\" \/><\/figure>\n<\/div>\n\n\n<p class=\"has-text-align-center\">Si on double l&#8217;instance<\/p>\n\n\n<div class=\"wp-block-image\">\n<figure class=\"aligncenter size-large\"><img loading=\"lazy\" decoding=\"async\" width=\"1024\" height=\"495\" src=\"https:\/\/spgoo.org\/wp-content\/uploads\/2026\/04\/topologie_deux_instances-1024x495.png\" alt=\"\" class=\"wp-image-12109\" srcset=\"https:\/\/spgoo.org\/wp-content\/uploads\/2026\/04\/topologie_deux_instances-1024x495.png 1024w, https:\/\/spgoo.org\/wp-content\/uploads\/2026\/04\/topologie_deux_instances-300x145.png 300w, https:\/\/spgoo.org\/wp-content\/uploads\/2026\/04\/topologie_deux_instances-768x372.png 768w, https:\/\/spgoo.org\/wp-content\/uploads\/2026\/04\/topologie_deux_instances-1536x743.png 1536w, https:\/\/spgoo.org\/wp-content\/uploads\/2026\/04\/topologie_deux_instances.png 1606w\" sizes=\"auto, (max-width: 1024px) 100vw, 1024px\" \/><\/figure>\n<\/div>\n\n\n<p>8. Attacher une IP flottante sur le domaine public pour vous permettre de vous connecter \u00e0 votre instance.  (<a href=\"https:\/\/ddec1-0-en-ctp.trendmicro.com\/wis\/clicktime\/v1\/query?url=https%3a%2f%2fdocs.cloud.psnc.pl%2fen%2fnetworking%2ffloating%5fip%2f&amp;umid=59f8f1a6-939a-4651-a0e3-33edd303da9b&amp;rct=1776781512&amp;auth=66532154a22d8ff5d1f4a9c61e98c0d1d5243a94-135550ea5763f3ccfac8674806e29eb5f239c834\" target=\"_blank\" rel=\"noreferrer noopener\">https:\/\/docs.cloud.psnc.pl\/en\/networking\/floating_ip\/<\/a>)<\/p>\n\n\n\n<details class=\"wp-block-details is-layout-flow wp-block-details-is-layout-flow\"><summary>Ecrans<\/summary>\n<div class=\"wp-block-columns is-layout-flex wp-container-core-columns-is-layout-9d6595d7 wp-block-columns-is-layout-flex\">\n<div class=\"wp-block-column is-layout-flow wp-block-column-is-layout-flow\">\n<figure class=\"wp-block-image size-full\"><img loading=\"lazy\" decoding=\"async\" width=\"740\" height=\"528\" src=\"https:\/\/spgoo.org\/wp-content\/uploads\/2026\/04\/ip_flottante_public.png\" alt=\"\" class=\"wp-image-12117\" srcset=\"https:\/\/spgoo.org\/wp-content\/uploads\/2026\/04\/ip_flottante_public.png 740w, https:\/\/spgoo.org\/wp-content\/uploads\/2026\/04\/ip_flottante_public-300x214.png 300w\" sizes=\"auto, (max-width: 740px) 100vw, 740px\" \/><\/figure>\n<\/div>\n\n\n\n<div class=\"wp-block-column is-layout-flow wp-block-column-is-layout-flow\">\n<figure class=\"wp-block-image size-full\"><img loading=\"lazy\" decoding=\"async\" width=\"744\" height=\"312\" src=\"https:\/\/spgoo.org\/wp-content\/uploads\/2026\/04\/ip_flottante_affectee.png\" alt=\"\" class=\"wp-image-12116\" srcset=\"https:\/\/spgoo.org\/wp-content\/uploads\/2026\/04\/ip_flottante_affectee.png 744w, https:\/\/spgoo.org\/wp-content\/uploads\/2026\/04\/ip_flottante_affectee-300x126.png 300w\" sizes=\"auto, (max-width: 744px) 100vw, 744px\" \/><\/figure>\n<\/div>\n<\/div>\n<\/details>\n\n\n\n<p>R\u00e9sultat une fois l&#8217;op\u00e9ration aboutie : <\/p>\n\n\n\n<figure class=\"wp-block-image size-large\"><img loading=\"lazy\" decoding=\"async\" width=\"1024\" height=\"232\" src=\"https:\/\/spgoo.org\/wp-content\/uploads\/2026\/04\/ip_flottante_ok-1024x232.png\" alt=\"\" class=\"wp-image-12115\" srcset=\"https:\/\/spgoo.org\/wp-content\/uploads\/2026\/04\/ip_flottante_ok-1024x232.png 1024w, https:\/\/spgoo.org\/wp-content\/uploads\/2026\/04\/ip_flottante_ok-300x68.png 300w, https:\/\/spgoo.org\/wp-content\/uploads\/2026\/04\/ip_flottante_ok-768x174.png 768w, https:\/\/spgoo.org\/wp-content\/uploads\/2026\/04\/ip_flottante_ok-1536x349.png 1536w, https:\/\/spgoo.org\/wp-content\/uploads\/2026\/04\/ip_flottante_ok.png 1608w\" sizes=\"auto, (max-width: 1024px) 100vw, 1024px\" \/><\/figure>\n\n\n\n<p><\/p>\n\n\n\n<p class=\"has-vivid-cyan-blue-color has-text-color has-link-color has-medium-font-size wp-elements-e397106e411a3828e7012c31aafcdbd1\">Accessibilit\u00e9 de votre VM via ssh : <\/p>\n\n\n\n<p>Plusieurs points \u00e0 v\u00e9rifier, dans les r\u00e8gles est-ce que le protocole ssh est autoris\u00e9, est-ce que votre VM a une IP Flottante d&#8217;associ\u00e9e. Si c&#8217;est deux conditions sont respect\u00e9es, vous devriez acc\u00e9der \u00e0 votre VM.<\/p>\n\n\n<div class=\"wp-block-image\">\n<figure class=\"aligncenter size-large\"><img loading=\"lazy\" decoding=\"async\" width=\"1024\" height=\"612\" src=\"https:\/\/spgoo.org\/wp-content\/uploads\/2026\/04\/connexion_ssh-1024x612.png\" alt=\"\" class=\"wp-image-12114\" srcset=\"https:\/\/spgoo.org\/wp-content\/uploads\/2026\/04\/connexion_ssh-1024x612.png 1024w, https:\/\/spgoo.org\/wp-content\/uploads\/2026\/04\/connexion_ssh-300x179.png 300w, https:\/\/spgoo.org\/wp-content\/uploads\/2026\/04\/connexion_ssh-768x459.png 768w, https:\/\/spgoo.org\/wp-content\/uploads\/2026\/04\/connexion_ssh.png 1505w\" sizes=\"auto, (max-width: 1024px) 100vw, 1024px\" \/><\/figure>\n<\/div>\n\n\n<p class=\"has-vivid-cyan-blue-color has-text-color has-link-color has-medium-font-size wp-elements-93560b147d6c713335b61793d982d012\">Lib\u00e9ration des ressources <\/p>\n\n\n\n<p>Pour supprimer l&#8217;ensemble des ressources utilis\u00e9es, vous devez d\u00e9marrer dans le sens inverse de la cr\u00e9ation<\/p>\n\n\n\n<ul class=\"wp-block-list\">\n<li>Supprimer l&#8217;instance<\/li>\n\n\n\n<li>Supprimer  le routeur<\/li>\n\n\n\n<li>Supprimer  le sous-r\u00e9seau<\/li>\n\n\n\n<li>Supprimer le r\u00e9seau<\/li>\n\n\n\n<li>Lib\u00e9rer l&#8217;ip flottante<\/li>\n<\/ul>\n\n\n\n<p><\/p>\n","protected":false},"excerpt":{"rendered":"<p>Virtualisation sous EOSC EU1: Avril 2026 Proc\u00e9dure de d\u00e9ploiement d&#8217;une VM sous Openstack solution retenue par EOSC EU-1. Les ressources disponibles sont d\u00e9pendantes de votre affiliation, de votre employeur et des accords \u00e9tablis. Pour du personnel du Staff les ressources sont de l&#8217;ordre de 1000 cr\u00e9dits, pour du personnel chercheur ces m\u00eames ressources sont de [&hellip;]<\/p>\n","protected":false},"author":1,"featured_media":0,"parent":0,"menu_order":0,"comment_status":"closed","ping_status":"closed","template":"","meta":{"footnotes":""},"class_list":["post-12034","page","type-page","status-publish","hentry"],"_links":{"self":[{"href":"https:\/\/spgoo.org\/index.php?rest_route=\/wp\/v2\/pages\/12034","targetHints":{"allow":["GET"]}}],"collection":[{"href":"https:\/\/spgoo.org\/index.php?rest_route=\/wp\/v2\/pages"}],"about":[{"href":"https:\/\/spgoo.org\/index.php?rest_route=\/wp\/v2\/types\/page"}],"author":[{"embeddable":true,"href":"https:\/\/spgoo.org\/index.php?rest_route=\/wp\/v2\/users\/1"}],"replies":[{"embeddable":true,"href":"https:\/\/spgoo.org\/index.php?rest_route=%2Fwp%2Fv2%2Fcomments&post=12034"}],"version-history":[{"count":32,"href":"https:\/\/spgoo.org\/index.php?rest_route=\/wp\/v2\/pages\/12034\/revisions"}],"predecessor-version":[{"id":12125,"href":"https:\/\/spgoo.org\/index.php?rest_route=\/wp\/v2\/pages\/12034\/revisions\/12125"}],"wp:attachment":[{"href":"https:\/\/spgoo.org\/index.php?rest_route=%2Fwp%2Fv2%2Fmedia&parent=12034"}],"curies":[{"name":"wp","href":"https:\/\/api.w.org\/{rel}","templated":true}]}}