{"id":1208,"date":"2024-07-15T16:41:52","date_gmt":"2024-07-15T14:41:52","guid":{"rendered":"https:\/\/spgoo.org\/?page_id=1208"},"modified":"2024-08-22T14:24:12","modified_gmt":"2024-08-22T12:24:12","slug":"programme-de-preparation-formation","status":"publish","type":"page","link":"https:\/\/spgoo.org\/?page_id=1208","title":{"rendered":"Programme de pr\u00e9paration formation"},"content":{"rendered":"\n<p class=\"has-pale-cyan-blue-color has-text-color has-link-color has-medium-font-size wp-elements-901c9783014a162a534713dbb3c634fe\">Phase pr\u00e9paratoire : r\u00e9partition des actions pour la construction des outils<\/p>\n\n\n\n<p>Pr\u00e9paration des ressources pour les TP sur les  conteneurs<\/p>\n\n\n\n<ul class=\"wp-block-list\">\n<li>Pr\u00e9paration d&#8217;une VM Ubuntu 22.04  avec docker, docker-compose et scout <\/li>\n\n\n\n<li>Pr\u00e9paration d&#8217;une VM Ubuntu 22.04 avec podman et buildah<\/li>\n\n\n\n<li>Pr\u00e9paration d&#8217;une VM Ubuntu 22.04 avec crio<\/li>\n\n\n\n<li>Pr\u00e9paration d&#8217;une VM Ubuntu 22.04  avec kata<\/li>\n<\/ul>\n\n\n\n<p>Pr\u00e9paration des ressources pour les TP sur le cluster SWARM<\/p>\n\n\n\n<ul class=\"wp-block-list\">\n<li>Cluster SWARM sous Ubuntu 22.04 configuration simple sans persistance <\/li>\n\n\n\n<li>Cluster SWARM sous Ubuntu 22.04 configuration avec  persistance NFS, glusterFS <\/li>\n\n\n\n<li>Cluster SWARM sous Ubuntu 22.04 configuration avec  persistance NFS, glusterFS avec repository<\/li>\n<\/ul>\n\n\n\n<p>Pr\u00e9paration des ressources pour les TP sur le cluster K8S<\/p>\n\n\n\n<ul class=\"wp-block-list\">\n<li>Cluster K8S sous Ubuntu 22.04 configuration simple sans persistance <\/li>\n\n\n\n<li>Cluster K8S sous Ubuntu 22.04 configuration avec  persistance NFS, Ceph <\/li>\n\n\n\n<li>Cluster K8S sous Ubuntu 22.04 configuration avec  persistance NFS, Ceph et repository <\/li>\n\n\n\n<li>Cluster K8S sous Ubuntu 22.04 configuration avec  persistance NFS, Ceph, repository  et outils de supervision et de monitoring<\/li>\n\n\n\n<li>Cluster K8S sous Ubuntu 22.04 configuration avec  persistance NFS, Ceph, repository  et outils de supervision et de monitoring avec MESH (Istio)<\/li>\n<\/ul>\n\n\n\n<p class=\"has-pale-cyan-blue-color has-text-color has-link-color has-medium-font-size wp-elements-eaa7e46c9f2bdbdbef7750e95c467a65\">Supports :<\/p>\n\n\n\n<ul class=\"wp-block-list\">\n<li>Documentations Docker <\/li>\n\n\n\n<li>Documentations Podman<\/li>\n\n\n\n<li>Documentations Swarm<\/li>\n\n\n\n<li><a href=\"https:\/\/spgoo.org\/?page_id=1454\">Documentations Kubernetes<\/a><\/li>\n<\/ul>\n\n\n\n<p class=\"has-pale-cyan-blue-color has-text-color has-link-color has-medium-font-size wp-elements-4f9edb2947e49b7aaf31ed584366a969\">Contenu des cours et exercices <\/p>\n\n\n\n<p><\/p>\n\n\n\n<p><\/p>\n","protected":false},"excerpt":{"rendered":"<p>Phase pr\u00e9paratoire : r\u00e9partition des actions pour la construction des outils Pr\u00e9paration des ressources pour les TP sur les conteneurs Pr\u00e9paration des ressources pour les TP sur le cluster SWARM Pr\u00e9paration des ressources pour les TP sur le cluster K8S Supports : Contenu des cours et exercices<\/p>\n","protected":false},"author":1,"featured_media":0,"parent":0,"menu_order":0,"comment_status":"closed","ping_status":"closed","template":"","meta":{"footnotes":""},"class_list":["post-1208","page","type-page","status-publish","hentry"],"_links":{"self":[{"href":"https:\/\/spgoo.org\/index.php?rest_route=\/wp\/v2\/pages\/1208","targetHints":{"allow":["GET"]}}],"collection":[{"href":"https:\/\/spgoo.org\/index.php?rest_route=\/wp\/v2\/pages"}],"about":[{"href":"https:\/\/spgoo.org\/index.php?rest_route=\/wp\/v2\/types\/page"}],"author":[{"embeddable":true,"href":"https:\/\/spgoo.org\/index.php?rest_route=\/wp\/v2\/users\/1"}],"replies":[{"embeddable":true,"href":"https:\/\/spgoo.org\/index.php?rest_route=%2Fwp%2Fv2%2Fcomments&post=1208"}],"version-history":[{"count":9,"href":"https:\/\/spgoo.org\/index.php?rest_route=\/wp\/v2\/pages\/1208\/revisions"}],"predecessor-version":[{"id":1458,"href":"https:\/\/spgoo.org\/index.php?rest_route=\/wp\/v2\/pages\/1208\/revisions\/1458"}],"wp:attachment":[{"href":"https:\/\/spgoo.org\/index.php?rest_route=%2Fwp%2Fv2%2Fmedia&parent=1208"}],"curies":[{"name":"wp","href":"https:\/\/api.w.org\/{rel}","templated":true}]}}