{"id":182,"date":"2024-05-22T17:23:34","date_gmt":"2024-05-22T15:23:34","guid":{"rendered":"https:\/\/spgoo.org\/?page_id=182"},"modified":"2025-03-02T17:28:14","modified_gmt":"2025-03-02T16:28:14","slug":"jsxgraph","status":"publish","type":"page","link":"https:\/\/spgoo.org\/?page_id=182","title":{"rendered":"JSXGraph application \u00e0 l&#8217;Economie"},"content":{"rendered":"\n<p>Cette page vous pr\u00e9sente toutes les r\u00e9alisations effectu\u00e9es dans la cadre de la collaboration avec le LEO pour la pr\u00e9paration de diff\u00e9rents supports \u00e0 des fins p\u00e9dagogique et de recherche.<\/p>\n\n\n\n<div class=\"wp-block-columns is-layout-flex wp-container-core-columns-is-layout-9d6595d7 wp-block-columns-is-layout-flex\">\n<div class=\"wp-block-column is-layout-flow wp-block-column-is-layout-flow\" style=\"flex-basis:40%\">\n<p class=\"has-small-font-size\"><a href=\".\/?page_id=235\">Lemme de Sperner<\/a> (1928) : Consid\u00e9rons un triangle dont les sommets se distinguent par 3 couleurs. Les c\u00f4t\u00e9s sont divis\u00e9s de telle sorte \u00e0 reproduire le graphique de droite (en dimension 2). Les intersections sont color\u00e9es au hasard sur les deux couleurs qui marquent les sommets qui d\u00e9terminent les c\u00f4t\u00e9s et sur les trois couleurs pour les points int\u00e9rieur. <strong>Alors, il existe au moins un triangle int\u00e9rieur dont les sommets poss\u00e8dent les 3 couleurs.<\/strong><\/p>\n\n\n\n<p class=\"has-small-font-size\">Ce th\u00e9or\u00e8me est \u00e9quivalent au <strong>Th\u00e9or\u00e8me du Point Fixe<\/strong> de Brouwer (1912). En \u00e9conomie, Il permet de d\u00e9montrer, entre autres, l&#8217;existence de l&#8217;<strong>\u00c9quilibre G\u00e9n\u00e9ral (1954) <\/strong>(<strong>Th\u00e9or\u00e8me d&#8217;Arrow-Debreu<\/strong>) ou de l&#8217;<strong>\u00c9quilibre de Nash (1951) <\/strong>.<\/p>\n\n\n\n<p class=\"has-small-font-size\">Ici, le <strong>lemme de Sperner<\/strong> est pr\u00e9sent\u00e9 en dimension 2, mais il est valable pour toute dimension \u2a7e 1. ici on choisit un c\u00f4t\u00e9. On appelle porte, un segment dont les deux extr\u00e9mit\u00e9s sont de couleur diff\u00e9rente. On rentre dans le triangle par une porte et on \u00e9volue par ce type de porte jusqu&#8217;\u00e0 ce que, soit on ressorte, soit qu&#8217;on aboutisse sur un triangle \u00e0 trois couleurs. Comme ressortir consomme deux portes et que le nombre de porte est n\u00e9cessairement impair, il existe au moins un triangle tricolor dans l&#8217;int\u00e9rieur de grand triangle.<\/p>\n\n\n<div class=\"wp-block-image\">\n<figure class=\"aligncenter size-full is-resized\"><img loading=\"lazy\" decoding=\"async\" width=\"250\" height=\"261\" src=\"https:\/\/spgoo.org\/wp-content\/uploads\/2024\/06\/logo_tw.png\" alt=\"\" class=\"wp-image-536\" style=\"width:89px;height:auto\"\/><\/figure>\n<\/div><\/div>\n\n\n\n<div class=\"wp-block-column is-layout-flow wp-block-column-is-layout-flow\" style=\"flex-basis:60%\">\n<figure class=\"wp-block-image size-full\"><img loading=\"lazy\" decoding=\"async\" width=\"800\" height=\"801\" src=\"https:\/\/spgoo.org\/wp-content\/uploads\/2024\/06\/lemme_sperner.png\" alt=\"\" class=\"wp-image-389\" style=\"object-fit:cover\" srcset=\"https:\/\/spgoo.org\/wp-content\/uploads\/2024\/06\/lemme_sperner.png 800w, https:\/\/spgoo.org\/wp-content\/uploads\/2024\/06\/lemme_sperner-300x300.png 300w, https:\/\/spgoo.org\/wp-content\/uploads\/2024\/06\/lemme_sperner-150x150.png 150w, https:\/\/spgoo.org\/wp-content\/uploads\/2024\/06\/lemme_sperner-768x769.png 768w\" sizes=\"auto, (max-width: 800px) 100vw, 800px\" \/><\/figure>\n<\/div>\n<\/div>\n\n\n\n<p><\/p>\n\n\n\n<div class=\"wp-block-columns is-layout-flex wp-container-core-columns-is-layout-9d6595d7 wp-block-columns-is-layout-flex\">\n<div class=\"wp-block-column is-layout-flow wp-block-column-is-layout-flow\" style=\"flex-basis:40%\">\n<p class=\"has-white-color has-text-color has-link-color has-small-font-size wp-elements-8fc841f8390ae90f74aa035783066951\"><a href=\".\/?page_id=220\">Bo\u00eete d&#8217;Edgeworth<\/a> : La <strong>bo\u00eete d&#8217;Edgeworth <\/strong> (qui n&#8217;a pas \u00e9t\u00e9 con\u00e7ue par <strong>Francis Isidro Edgeworth<\/strong> lui-m\u00eame mais par Vilfredo Pareto et <strong>Arthur Bowley<\/strong>) permet de d\u00e9crire \u00e0 la fois l&#8217;<strong>Optimum de Pareto<\/strong> et l<strong>&#8216;\u00c9quilibre g\u00e9n\u00e9ral d&#8217;une <strong>\u00c9<\/strong>conomie d&#8217;<strong>\u00c9<\/strong>change<\/strong>. Elle illustre parfaitement, dans le cas de deux agents (ou de deux cat\u00e9gories d&#8217;agents identiques),  le fait que le syst\u00e8me de prix d&#8217;\u00e9quilibre d&#8217;une \u00e9conomie d&#8217;\u00e9change est aussi un Optimum de Pareto, si un certain nombre de conditions g\u00e9n\u00e9riques est v\u00e9rifi\u00e9. <\/p>\n\n\n<div class=\"wp-block-image\">\n<figure class=\"aligncenter size-full is-resized\"><img loading=\"lazy\" decoding=\"async\" width=\"250\" height=\"261\" src=\"https:\/\/spgoo.org\/wp-content\/uploads\/2024\/06\/logo_tw.png\" alt=\"\" class=\"wp-image-536\" style=\"width:89px\"\/><\/figure>\n<\/div><\/div>\n\n\n\n<div class=\"wp-block-column is-layout-flow wp-block-column-is-layout-flow\" style=\"flex-basis:60%\">\n<figure class=\"wp-block-image size-full\"><img loading=\"lazy\" decoding=\"async\" width=\"801\" height=\"602\" src=\"https:\/\/spgoo.org\/wp-content\/uploads\/2024\/06\/boite_edgeworth.png\" alt=\"\" class=\"wp-image-613\" srcset=\"https:\/\/spgoo.org\/wp-content\/uploads\/2024\/06\/boite_edgeworth.png 801w, https:\/\/spgoo.org\/wp-content\/uploads\/2024\/06\/boite_edgeworth-300x225.png 300w, https:\/\/spgoo.org\/wp-content\/uploads\/2024\/06\/boite_edgeworth-768x577.png 768w\" sizes=\"auto, (max-width: 801px) 100vw, 801px\" \/><\/figure>\n<\/div>\n<\/div>\n\n\n\n<p><\/p>\n\n\n\n<div class=\"wp-block-columns is-layout-flex wp-container-core-columns-is-layout-9d6595d7 wp-block-columns-is-layout-flex\">\n<div class=\"wp-block-column is-layout-flow wp-block-column-is-layout-flow\" style=\"flex-basis:40%\">\n<p class=\"has-small-font-size\"><a href=\"https:\/\/spgoo.org\/?page_id=475\">Circuit Keyn\u00e9sien (simplifi\u00e9)<\/a> : Cette pr\u00e9sentation explique dynamiquement, \u00e9tape par \u00e9tape, ce qui se produit dans un circuit \u00e9conomique simplifi\u00e9 par la pr\u00e9sence de deux types d&#8217;agents (les m\u00e9nages et les entreprises) quand les entreprises d\u00e9cident d&#8217;accro\u00eetre l&#8217;investissement. Elle traduit l&#8217;encha\u00eenement des accroissements des consommations qui se retransforment en revenu pour les m\u00e9nages. Mais; du fait de la fuite que repr\u00e9sente l&#8217;\u00e9pargne hors du syst\u00e8me, ces accroissements sont de plus en plus r\u00e9duits.<\/p>\n\n\n<div class=\"wp-block-image\">\n<figure class=\"aligncenter size-full is-resized\"><img loading=\"lazy\" decoding=\"async\" width=\"250\" height=\"261\" src=\"https:\/\/spgoo.org\/wp-content\/uploads\/2024\/06\/logo_tw.png\" alt=\"\" class=\"wp-image-536\" style=\"width:89px\"\/><\/figure>\n<\/div><\/div>\n\n\n\n<div class=\"wp-block-column is-layout-flow wp-block-column-is-layout-flow\" style=\"flex-basis:60%\">\n<figure class=\"wp-block-image size-full\"><img loading=\"lazy\" decoding=\"async\" width=\"1002\" height=\"602\" src=\"https:\/\/spgoo.org\/wp-content\/uploads\/2024\/06\/dynamique_circuit.png\" alt=\"\" class=\"wp-image-616\" srcset=\"https:\/\/spgoo.org\/wp-content\/uploads\/2024\/06\/dynamique_circuit.png 1002w, https:\/\/spgoo.org\/wp-content\/uploads\/2024\/06\/dynamique_circuit-300x180.png 300w, https:\/\/spgoo.org\/wp-content\/uploads\/2024\/06\/dynamique_circuit-768x461.png 768w\" sizes=\"auto, (max-width: 1002px) 100vw, 1002px\" \/><\/figure>\n<\/div>\n<\/div>\n\n\n\n<ul class=\"wp-block-list\"><\/ul>\n\n\n\n<div class=\"wp-block-columns is-layout-flex wp-container-core-columns-is-layout-9d6595d7 wp-block-columns-is-layout-flex\">\n<div class=\"wp-block-column is-layout-flow wp-block-column-is-layout-flow\" style=\"flex-basis:40%\">\n<p class=\"has-small-font-size\"><a href=\"https:\/\/spgoo.org\/?page_id=423\" data-type=\"page\" data-id=\"599\">Syst\u00e8me d&#8217;\u00e9quations diff\u00e9rentielles lin\u00e9aires<\/a> : cette petite application permet de simuler l&#8217;\u00e9volution d&#8217;un syst\u00e8me d&#8217;\u00e9quations diff\u00e9rentielles lin\u00e9aires et de tracer le champ de force qui lui est associ\u00e9.<\/p>\n\n\n\n<p class=\"has-small-font-size\">Une fois les param\u00e8tres entr\u00e9s dans l&#8217;application, elle demande \u00e0 <strong>SageCell<\/strong> de trouver la solution, puis elle la trace dans <strong>JsxGraph<\/strong>. On peut cliquer sur un point  du plan pour changer le point de d\u00e9part.<\/p>\n\n\n\n<div class=\"wp-block-columns is-layout-flex wp-container-core-columns-is-layout-9d6595d7 wp-block-columns-is-layout-flex\">\n<div class=\"wp-block-column is-layout-flow wp-block-column-is-layout-flow\">\n<figure class=\"wp-block-image size-full is-resized\"><img loading=\"lazy\" decoding=\"async\" width=\"472\" height=\"130\" src=\"https:\/\/spgoo.org\/wp-content\/uploads\/2024\/06\/logo_sagemath.png\" alt=\"\" class=\"wp-image-535\" style=\"width:112px;height:auto\" srcset=\"https:\/\/spgoo.org\/wp-content\/uploads\/2024\/06\/logo_sagemath.png 472w, https:\/\/spgoo.org\/wp-content\/uploads\/2024\/06\/logo_sagemath-300x83.png 300w\" sizes=\"auto, (max-width: 472px) 100vw, 472px\" \/><\/figure>\n<\/div>\n\n\n\n<div class=\"wp-block-column is-layout-flow wp-block-column-is-layout-flow\">\n<figure class=\"wp-block-image size-full is-resized\"><img loading=\"lazy\" decoding=\"async\" width=\"250\" height=\"261\" src=\"https:\/\/spgoo.org\/wp-content\/uploads\/2024\/06\/logo_tw.png\" alt=\"\" class=\"wp-image-536\" style=\"width:89px\"\/><\/figure>\n<\/div>\n<\/div>\n<\/div>\n\n\n\n<div class=\"wp-block-column is-layout-flow wp-block-column-is-layout-flow\" style=\"flex-basis:60%\">\n<figure class=\"wp-block-image size-full\"><img loading=\"lazy\" decoding=\"async\" width=\"802\" height=\"603\" src=\"https:\/\/spgoo.org\/wp-content\/uploads\/2024\/06\/Capture-du-2024-06-20-12-03-06.png\" alt=\"\" class=\"wp-image-698\" srcset=\"https:\/\/spgoo.org\/wp-content\/uploads\/2024\/06\/Capture-du-2024-06-20-12-03-06.png 802w, https:\/\/spgoo.org\/wp-content\/uploads\/2024\/06\/Capture-du-2024-06-20-12-03-06-300x226.png 300w, https:\/\/spgoo.org\/wp-content\/uploads\/2024\/06\/Capture-du-2024-06-20-12-03-06-768x577.png 768w\" sizes=\"auto, (max-width: 802px) 100vw, 802px\" \/><\/figure>\n<\/div>\n<\/div>\n\n\n\n<div class=\"wp-block-columns is-layout-flex wp-container-core-columns-is-layout-9d6595d7 wp-block-columns-is-layout-flex\">\n<div class=\"wp-block-column is-layout-flow wp-block-column-is-layout-flow\" style=\"flex-basis:40%\">\n<p class=\"has-small-font-size\"><a href=\"https:\/\/spgoo.org\/?page_id=448\" data-type=\"page\" data-id=\"599\">Calcul d&#8217;imp\u00f4t<\/a> : cette feuille de calcul \u00e9value l&#8217;imp\u00f4t sur le revenu qu&#8217;un m\u00e9nage doit payer en fonction de son revenu et du nombre de parts qui le caract\u00e9rise.<\/p>\n\n\n\n<p class=\"has-small-font-size\">Ainsi, elle retourne la pression fiscale marginale auquel est soumis ce m\u00e9nage. <\/p>\n\n\n\n<p class=\"has-small-font-size\">Elle permet de comprendre la d\u00e9composition du revenu imposable par tranche de taxation (en 2024).<\/p>\n\n\n<div class=\"wp-block-image\">\n<figure class=\"aligncenter size-full is-resized\"><img loading=\"lazy\" decoding=\"async\" width=\"250\" height=\"261\" src=\"https:\/\/spgoo.org\/wp-content\/uploads\/2024\/06\/logo_tw.png\" alt=\"\" class=\"wp-image-536\" style=\"width:89px\"\/><\/figure>\n<\/div><\/div>\n\n\n\n<div class=\"wp-block-column is-layout-flow wp-block-column-is-layout-flow\" style=\"flex-basis:60%\">\n<figure class=\"wp-block-image size-full\"><img loading=\"lazy\" decoding=\"async\" width=\"1001\" height=\"601\" src=\"https:\/\/spgoo.org\/wp-content\/uploads\/2024\/06\/Capture-du-2024-06-20-12-02-15.png\" alt=\"\" class=\"wp-image-697\" srcset=\"https:\/\/spgoo.org\/wp-content\/uploads\/2024\/06\/Capture-du-2024-06-20-12-02-15.png 1001w, https:\/\/spgoo.org\/wp-content\/uploads\/2024\/06\/Capture-du-2024-06-20-12-02-15-300x180.png 300w, https:\/\/spgoo.org\/wp-content\/uploads\/2024\/06\/Capture-du-2024-06-20-12-02-15-768x461.png 768w\" sizes=\"auto, (max-width: 1001px) 100vw, 1001px\" \/><\/figure>\n<\/div>\n<\/div>\n\n\n\n<div class=\"wp-block-columns is-layout-flex wp-container-core-columns-is-layout-9d6595d7 wp-block-columns-is-layout-flex\">\n<div class=\"wp-block-column is-layout-flow wp-block-column-is-layout-flow\" style=\"flex-basis:40%\">\n<p class=\"has-small-font-size\"><a href=\"https:\/\/spgoo.org\/?page_id=643\" data-type=\"page\" data-id=\"599\">Jeux spatiaux<\/a> : les jeux spatiaux sont un cas particulier de la <strong>Th\u00e9orie des Jeux<\/strong>. Chaque joueur joue un certain nombre de fois (adaptable) avec ses voisins (il existe plusieurs types de voisinages). Au commencement, tous les joueurs adoptent la m\u00eame strat\u00e9gie parmi les deux disponibles. S&#8217;il d\u00e9couvre que l&#8217;un de ses voisins r\u00e9alise un meilleur score que lui, il change de strat\u00e9gie comme dans l&#8217;article de Nowak et May (1992).<\/p>\n\n\n<div class=\"wp-block-image\">\n<figure class=\"aligncenter size-full is-resized\"><img loading=\"lazy\" decoding=\"async\" width=\"250\" height=\"261\" src=\"https:\/\/spgoo.org\/wp-content\/uploads\/2024\/06\/logo_tw.png\" alt=\"\" class=\"wp-image-536\" style=\"width:89px\"\/><\/figure>\n<\/div><\/div>\n\n\n\n<div class=\"wp-block-column is-layout-flow wp-block-column-is-layout-flow\" style=\"flex-basis:60%\">\n<figure class=\"wp-block-image size-full\"><img loading=\"lazy\" decoding=\"async\" width=\"803\" height=\"602\" src=\"https:\/\/spgoo.org\/wp-content\/uploads\/2024\/06\/Capture-du-2024-06-20-17-18-59.png\" alt=\"\" class=\"wp-image-737\" srcset=\"https:\/\/spgoo.org\/wp-content\/uploads\/2024\/06\/Capture-du-2024-06-20-17-18-59.png 803w, https:\/\/spgoo.org\/wp-content\/uploads\/2024\/06\/Capture-du-2024-06-20-17-18-59-300x225.png 300w, https:\/\/spgoo.org\/wp-content\/uploads\/2024\/06\/Capture-du-2024-06-20-17-18-59-768x576.png 768w\" sizes=\"auto, (max-width: 803px) 100vw, 803px\" \/><\/figure>\n<\/div>\n<\/div>\n","protected":false},"excerpt":{"rendered":"<p>Cette page vous pr\u00e9sente toutes les r\u00e9alisations effectu\u00e9es dans la cadre de la collaboration avec le LEO pour la pr\u00e9paration de diff\u00e9rents supports \u00e0 des fins p\u00e9dagogique et de recherche. Lemme de Sperner (1928) : Consid\u00e9rons un triangle dont les sommets se distinguent par 3 couleurs. Les c\u00f4t\u00e9s sont divis\u00e9s de telle sorte \u00e0 reproduire [&hellip;]<\/p>\n","protected":false},"author":1,"featured_media":0,"parent":0,"menu_order":0,"comment_status":"closed","ping_status":"closed","template":"","meta":{"footnotes":""},"class_list":["post-182","page","type-page","status-publish","hentry"],"_links":{"self":[{"href":"https:\/\/spgoo.org\/index.php?rest_route=\/wp\/v2\/pages\/182","targetHints":{"allow":["GET"]}}],"collection":[{"href":"https:\/\/spgoo.org\/index.php?rest_route=\/wp\/v2\/pages"}],"about":[{"href":"https:\/\/spgoo.org\/index.php?rest_route=\/wp\/v2\/types\/page"}],"author":[{"embeddable":true,"href":"https:\/\/spgoo.org\/index.php?rest_route=\/wp\/v2\/users\/1"}],"replies":[{"embeddable":true,"href":"https:\/\/spgoo.org\/index.php?rest_route=%2Fwp%2Fv2%2Fcomments&post=182"}],"version-history":[{"count":46,"href":"https:\/\/spgoo.org\/index.php?rest_route=\/wp\/v2\/pages\/182\/revisions"}],"predecessor-version":[{"id":5724,"href":"https:\/\/spgoo.org\/index.php?rest_route=\/wp\/v2\/pages\/182\/revisions\/5724"}],"wp:attachment":[{"href":"https:\/\/spgoo.org\/index.php?rest_route=%2Fwp%2Fv2%2Fmedia&parent=182"}],"curies":[{"name":"wp","href":"https:\/\/api.w.org\/{rel}","templated":true}]}}