{"id":2479,"date":"2024-12-14T16:48:54","date_gmt":"2024-12-14T15:48:54","guid":{"rendered":"https:\/\/spgoo.org\/?page_id=2479"},"modified":"2025-06-12T15:38:41","modified_gmt":"2025-06-12T13:38:41","slug":"evaluation-du-pka","status":"publish","type":"page","link":"https:\/\/spgoo.org\/?page_id=2479","title":{"rendered":"\u00c9valuation du pKa"},"content":{"rendered":"\n<h2 class=\"wp-block-heading has-text-align-center\">CDA Evaluation mod\u00e8le pr\u00e9dictif pKa <\/h2>\n\n\n\n<p class=\"has-text-align-center has-vivid-green-cyan-color has-text-color has-link-color has-medium-font-size wp-elements-792a083acf9ced55e50cdafbcc67325a\">Ressources SPGoO : PK, YS <\/p>\n\n\n\n<p class=\"has-medium-font-size\"><strong>Objectif : Permettre l&#8217;\u00e9valuation du ou des pKa pour une mol\u00e9cule donn\u00e9e \u00e0 l&#8217;aide d&#8217;un outil utilisant l&#8217; IA.<\/strong><\/p>\n\n\n\n<p>Description du travail \u00e0 produire : ce travail va se d\u00e9rouler en plusieurs \u00e9tapes qui vont passer par l&#8217;\u00e9valuation de l&#8217;\u00e9tat de l&#8217;art qui consistera \u00e0 trouver les approches existantes et d&#8217;en faire la synth\u00e8se.<\/p>\n\n\n\n<p>La deuxi\u00e8me \u00e9tape consistera \u00e0 construire une solution compl\u00e8te et op\u00e9rationnelle pour ce calcul.<\/p>\n\n\n\n<p class=\"has-pale-cyan-blue-color has-text-color has-link-color has-medium-font-size wp-elements-3aded6b7f831c89ccd9ad64ba1978fff\">Etape 1 : rep\u00e9rage de l&#8217;existant et analyse des solutions : <\/p>\n\n\n\n<figure class=\"wp-block-table\"><table><thead><tr><th><\/th><th><\/th><th><\/th><th><\/th><\/tr><\/thead><tbody><tr><td><\/td><td>Nom<\/td><td>lien<\/td><td>Date de publi.<\/td><\/tr><tr><td>1<\/td><td>MolGpka&nbsp;&nbsp;<\/td><td><a href=\"https:\/\/github.com\/Xundrug\/MolGpKa\/tree\/master\">https:\/\/github.com\/Xundrug\/MolGpKa\/tree\/master<\/a><\/td><td><\/td><\/tr><tr><td>2<\/td><td>Unipka&nbsp;<\/td><td><a href=\"https:\/\/github.com\/dptech-corp\/Uni-pKa\">https:\/\/github.com\/dptech-corp\/Uni-pKa<\/a><\/td><td><\/td><\/tr><tr><td>3<\/td><td>mol_property <\/td><td><a href=\"https:\/\/github.com\/TVect\/mol_property\/tree\/master\">https:\/\/github.com\/TVect\/mol_property\/tree\/master<\/a><\/td><td><\/td><\/tr><tr><td>4<\/td><td>pka_lookup&nbsp;<\/td><td><a href=\"https:\/\/github.com\/khoivan88\/pka_lookup\">https:\/\/github.com\/khoivan88\/pka_lookup<\/a><\/td><td><\/td><\/tr><tr><td>5<\/td><td>Graph-Pka&nbsp;&nbsp;&nbsp;<\/td><td><a href=\"https:\/\/pka.simm.ac.cn\/en\/page\/help\/\">https:\/\/pka.simm.ac.cn\/en\/page\/help\/<\/a><\/td><td><\/td><\/tr><tr><td>6<\/td><td>OPERA&nbsp;<\/td><td><a href=\"https:\/\/github.com\/kmansouri\/OPERA\/tree\/master\">https:\/\/github.com\/kmansouri\/OPERA\/tree\/master<\/a>&nbsp;<\/td><td><\/td><\/tr><tr><td>7<\/td><td>GR-pKa&nbsp;<\/td><td><a href=\"https:\/\/academic.oup.com\/bib\/article\/25\/5\/bbae408\/7738659\">https:\/\/academic.oup.com\/bib\/article\/25\/5\/bbae408\/7738659<\/a><\/td><td>09\/2024<\/td><\/tr><tr><td>8<\/td><td>dimorphite_dl<\/td><td><a href=\"https:\/\/github.com\/UnixJunkie\/dimorphite_dl\/tree\/master\">https:\/\/github.com\/UnixJunkie\/dimorphite_dl\/tree\/master<\/a><\/td><td><\/td><\/tr><\/tbody><\/table><figcaption class=\"wp-element-caption\">Liste des sites explor\u00e9s.<\/figcaption><\/figure>\n\n\n\n<hr class=\"wp-block-separator has-alpha-channel-opacity\"\/>\n\n\n\n<p class=\"has-pale-cyan-blue-color has-text-color has-link-color has-medium-font-size wp-elements-973fcc76bc7ad31889b1fe69df8b2fc2\">Analyse de la solution MolGpka : <\/p>\n\n\n\n<p>D\u00e9tail de la mise en oeuvre de cette solution. <\/p>\n\n\n\n<p class=\"has-pale-cyan-blue-color has-text-color has-link-color has-medium-font-size wp-elements-03dd4c9cd4c00eda34e49252177e017c\">Analyse de la solution Unipka : <\/p>\n\n\n\n<p>D\u00e9tail de la mise en oeuvre de cette solution. <\/p>\n\n\n\n<p class=\"has-pale-cyan-blue-color has-text-color has-link-color has-medium-font-size wp-elements-d502a895a2b721af2879ddb0a6920984\">Analyse de la solution Mol-property :<\/p>\n\n\n\n<p>D\u00e9tail de la mise en oeuvre de cette solution. <\/p>\n\n\n\n<p class=\"has-pale-cyan-blue-color has-text-color has-link-color has-medium-font-size wp-elements-1b74bbf17eb8e584529a417c1a543757\">Analyse de la solution pka_loopup :<\/p>\n\n\n\n<p>D\u00e9tail de la mise en oeuvre de cette solution. <\/p>\n\n\n\n<p class=\"has-pale-cyan-blue-color has-text-color has-link-color has-medium-font-size wp-elements-c4f34ab1b87b810f26bac39b23a5255a\">Analyse de la solution Graph-Pka :<\/p>\n\n\n\n<p>D\u00e9tail de la mise en oeuvre de cette solution. <\/p>\n\n\n\n<p class=\"has-pale-cyan-blue-color has-text-color has-link-color has-medium-font-size wp-elements-867a2277dead0bc6d9c5600b14cbbf7c\">Analyse de la solution OPERA :<\/p>\n\n\n\n<p>D\u00e9tail de la mise en oeuvre de cette solution. <\/p>\n\n\n\n<p class=\"has-pale-cyan-blue-color has-text-color has-link-color has-medium-font-size wp-elements-148fc33fad60d9e5bb82acd47102b6af\">Analyse de la solution GR-pka :<\/p>\n\n\n\n<p>D\u00e9tail de la mise en oeuvre de cette solution. <\/p>\n\n\n\n<p>Analyse de la solution dimorphite_dl:<\/p>\n\n\n\n<p><\/p>\n\n\n\n<hr class=\"wp-block-separator has-alpha-channel-opacity\"\/>\n\n\n\n<p class=\"has-pale-cyan-blue-color has-text-color has-link-color has-medium-font-size wp-elements-5b91a872327c81afb3734573bc18ac81\">Etape 2 : \u00e9laboration d&#8217;une solution <\/p>\n\n\n\n<p>Description des solutions connues et ma\u00eetris\u00e9es <\/p>\n","protected":false},"excerpt":{"rendered":"<p>CDA Evaluation mod\u00e8le pr\u00e9dictif pKa Ressources SPGoO : PK, YS Objectif : Permettre l&#8217;\u00e9valuation du ou des pKa pour une mol\u00e9cule donn\u00e9e \u00e0 l&#8217;aide d&#8217;un outil utilisant l&#8217; IA. Description du travail \u00e0 produire : ce travail va se d\u00e9rouler en plusieurs \u00e9tapes qui vont passer par l&#8217;\u00e9valuation de l&#8217;\u00e9tat de l&#8217;art qui consistera \u00e0 [&hellip;]<\/p>\n","protected":false},"author":1,"featured_media":0,"parent":0,"menu_order":0,"comment_status":"closed","ping_status":"closed","template":"","meta":{"footnotes":""},"class_list":["post-2479","page","type-page","status-publish","hentry"],"_links":{"self":[{"href":"https:\/\/spgoo.org\/index.php?rest_route=\/wp\/v2\/pages\/2479","targetHints":{"allow":["GET"]}}],"collection":[{"href":"https:\/\/spgoo.org\/index.php?rest_route=\/wp\/v2\/pages"}],"about":[{"href":"https:\/\/spgoo.org\/index.php?rest_route=\/wp\/v2\/types\/page"}],"author":[{"embeddable":true,"href":"https:\/\/spgoo.org\/index.php?rest_route=\/wp\/v2\/users\/1"}],"replies":[{"embeddable":true,"href":"https:\/\/spgoo.org\/index.php?rest_route=%2Fwp%2Fv2%2Fcomments&post=2479"}],"version-history":[{"count":27,"href":"https:\/\/spgoo.org\/index.php?rest_route=\/wp\/v2\/pages\/2479\/revisions"}],"predecessor-version":[{"id":7077,"href":"https:\/\/spgoo.org\/index.php?rest_route=\/wp\/v2\/pages\/2479\/revisions\/7077"}],"wp:attachment":[{"href":"https:\/\/spgoo.org\/index.php?rest_route=%2Fwp%2Fv2%2Fmedia&parent=2479"}],"curies":[{"name":"wp","href":"https:\/\/api.w.org\/{rel}","templated":true}]}}