{"id":2567,"date":"2024-12-18T14:39:52","date_gmt":"2024-12-18T13:39:52","guid":{"rendered":"https:\/\/spgoo.org\/?page_id=2567"},"modified":"2024-12-19T11:11:17","modified_gmt":"2024-12-19T10:11:17","slug":"aizynthfinder-mol-icoa","status":"publish","type":"page","link":"https:\/\/spgoo.org\/?page_id=2567","title":{"rendered":"Aizynthfinder Mol ICOA"},"content":{"rendered":"<script type='text\/javascript'>\nvar id = \"2565\";<\/script>\n<script type='text\/javascript' src='https:\/\/spgoo.org\/wp-content\/uploads\/winp-css-js\/2565.js?ver=1734679154'><\/script>\n\n\n\n<link rel='stylesheet' id='2539-css'  href='https:\/\/spgoo.org\/wp-content\/uploads\/winp-css-js\/2539.css?ver=1734544698' type='text\/css' media='all' \/>\n\n\n<script type=\"text\/javascript\" charset=\"UTF-8\" src=\"https:\/\/cdn.jsdelivr.net\/npm\/jsxgraph\/distrib\/jsxgraphcore.js\"><\/script>\r\n<link rel=\"stylesheet\" type=\"text\/css\" href=\"https:\/\/cdn.jsdelivr.net\/npm\/jsxgraph\/distrib\/jsxgraph.css\" \/>\r\n<script type=\"text\/javascript\"   src ='https:\/\/cdnjs.cloudflare.com\/ajax\/libs\/jquery\/3.6.1\/jquery.min.js'><\/script>\r\n<p style=\"color: #87CEEB\">Voici des essais de r\u00e9trosynth\u00e8se obtenus avec AiZynFinder. Pour chaque mol\u00e9cule diff\u00e9rentes solutions sont propos\u00e9es. En cliquant sur une solution, une fen\u00eatre appara\u00eet. Pour le moment, les images sont un peu d\u00e9form\u00e9es, vous pouvez corrigez cela en modifiant la forme de la fen\u00eatre. <BR> Merci de faire part de vos observations \u00e0 Pascal Krezel ainsi que de vos propositions de nouvelles retrosynth\u00e8ses.<\/p>\r\n<div id=\"mydivComments\" style=\"width:620px;height:500px;margin-bottom:10px;display:none\" class=\"fen_arrondie\">\r\n\t<div  class=\"fen_arrondie\" id=\"mydivCommentsheader\">\r\n\t\t<div style=\"text-align:center;\">\r\n\t\t\t<span style=\"font-size:12px;\" id=\"smile_commentaire\" ><\/span>\r\n\t\t\t<button type=\"button\" class=\"close\" onclick=\"closeModal('mydivComments');\" data-dismiss=\"modal\" aria-label=\"Close\">\r\n\t\t\t  <span aria-hidden=\"true\" style=\"color:white\">\u00d7<\/span>\r\n\t\t\t<\/button>\t\t\r\n\t\t<\/div>\r\n\t\t<div >\r\n\t\t\t<div class=\"row\">\r\n\t\t\t\t<div class=\"col-sm-2\">\r\n\t\t\t\t\t<img decoding=\"async\" id=\"img_auteur\" src=\"\" style=\"width:40px;\" \/>\r\n\t\t\t\t<\/div>\r\n\t\t\t\t<div class=\"col-sm-10\" style=\"text-align:center;\">\r\n\t\t\t\t\t<span style=\"font-size:12px;color:#87CEEB\" id=\"titre_commentaire\" ><\/span>\t\t\r\n\t\t\t\t<\/div>\r\n\t\t\t<\/div>\r\n\t\t<\/div>\r\n\t<\/div>\r\n\t<div  class=\"fen_arrondie\" class=\"modele_local_Comments\" id=\"div_corps_Comments\" style=\"background-color:#2196F3;color:#130b8c;padding:10px 10px 10px 10px\">\r\n\t\t<div class=\"row\">\r\n\t\t\t<div class=\"col-sm-12\">\r\n\t\t\t\t<img decoding=\"async\" id=\"img_big\" src=\"\" style=\"width:600px; height:420px;\" \/>\r\n\t\t\t<\/div>\r\n\t\t<\/div>\t\r\n\t<\/div>\r\n\t<div class=\"resizer resizer-r\"><\/div>\r\n    <div class=\"resizer resizer-b\"><\/div>\t\r\n<\/div>\r\n\r\n\r\n<div id=\"benchs_icoa\">\r\n<\/div>\n\n<script type='text\/javascript'>\nvar id = \"2542\";<\/script>\n<script type='text\/javascript' src='https:\/\/spgoo.org\/wp-content\/uploads\/winp-css-js\/2542.js?ver=1734680629'><\/script>\n\n\n<script type='text\/javascript'>\nvar id = \"2717\";<\/script>\n<script type='text\/javascript' src='https:\/\/spgoo.org\/wp-content\/uploads\/winp-css-js\/2717.js?ver=1734680566'><\/script>\n\n\n\n<p><\/p>\n","protected":false},"excerpt":{"rendered":"","protected":false},"author":1,"featured_media":0,"parent":0,"menu_order":0,"comment_status":"closed","ping_status":"closed","template":"","meta":{"footnotes":""},"class_list":["post-2567","page","type-page","status-publish","hentry"],"_links":{"self":[{"href":"https:\/\/spgoo.org\/index.php?rest_route=\/wp\/v2\/pages\/2567","targetHints":{"allow":["GET"]}}],"collection":[{"href":"https:\/\/spgoo.org\/index.php?rest_route=\/wp\/v2\/pages"}],"about":[{"href":"https:\/\/spgoo.org\/index.php?rest_route=\/wp\/v2\/types\/page"}],"author":[{"embeddable":true,"href":"https:\/\/spgoo.org\/index.php?rest_route=\/wp\/v2\/users\/1"}],"replies":[{"embeddable":true,"href":"https:\/\/spgoo.org\/index.php?rest_route=%2Fwp%2Fv2%2Fcomments&post=2567"}],"version-history":[{"count":3,"href":"https:\/\/spgoo.org\/index.php?rest_route=\/wp\/v2\/pages\/2567\/revisions"}],"predecessor-version":[{"id":2722,"href":"https:\/\/spgoo.org\/index.php?rest_route=\/wp\/v2\/pages\/2567\/revisions\/2722"}],"wp:attachment":[{"href":"https:\/\/spgoo.org\/index.php?rest_route=%2Fwp%2Fv2%2Fmedia&parent=2567"}],"curies":[{"name":"wp","href":"https:\/\/api.w.org\/{rel}","templated":true}]}}