{"id":2959,"date":"2024-12-26T10:15:41","date_gmt":"2024-12-26T09:15:41","guid":{"rendered":"https:\/\/spgoo.org\/?page_id=2959"},"modified":"2025-09-28T12:23:26","modified_gmt":"2025-09-28T10:23:26","slug":"cda","status":"publish","type":"page","link":"https:\/\/spgoo.org\/?page_id=2959","title":{"rendered":"CDA"},"content":{"rendered":"\n<h2 class=\"wp-block-heading\">Cellule D\u00e9di\u00e9e \u00e0 l&#8217;Appui : <strong>CDA<\/strong><\/h2>\n\n\n\n<p class=\"has-pale-cyan-blue-color has-text-color has-link-color has-medium-font-size wp-elements-6a691c9b766100494363e6f5e356216d\">Constitution :<\/p>\n\n\n\n<p>Cette cellule est constitu\u00e9e \u00e0 chaque demande accept\u00e9e par la CDM. Les objectifs sont fix\u00e9s lors de sa constitution en accord avec la CDM.  Elle regroupe les moyens et les ressources d\u00e9di\u00e9es pour mener \u00e0 bien ses objectifs dans un d\u00e9lais imparti. Le prolongement d&#8217;une CDA sera \u00e9galement soumis \u00e0 l&#8217;approbation de la CDM. Lors de sa constitution, un responsable est nomm\u00e9 et devra prendre la gestion de cette cellule.  <\/p>\n\n\n\n<p class=\"has-pale-cyan-blue-color has-text-color has-link-color has-medium-font-size wp-elements-39507b07ea3da57a098a6d6e37ab244e\">Objectifs et fonctions :<\/p>\n\n\n\n<p>Ses objectifs sont de r\u00e9pondre aux besoins d&#8217;un projet de recherche dans la limite des ressources disponibles au sein de SPGoO. L&#8217;organisation et la gestion des actions \u00e0 entreprendre sont de la responsabilit\u00e9 du responsable de la CDA. <\/p>\n\n\n\n<p>Les CDA en cours :<\/p>\n\n\n<div class=\"wp-block-image is-style-default\">\n<figure class=\"aligncenter size-large\"><img loading=\"lazy\" decoding=\"async\" width=\"1024\" height=\"574\" src=\"https:\/\/spgoo.org\/wp-content\/uploads\/2025\/01\/Capture-du-2025-01-08-15-49-52-1024x574.png\" alt=\"\" class=\"wp-image-4193\" srcset=\"https:\/\/spgoo.org\/wp-content\/uploads\/2025\/01\/Capture-du-2025-01-08-15-49-52-1024x574.png 1024w, https:\/\/spgoo.org\/wp-content\/uploads\/2025\/01\/Capture-du-2025-01-08-15-49-52-300x168.png 300w, https:\/\/spgoo.org\/wp-content\/uploads\/2025\/01\/Capture-du-2025-01-08-15-49-52-768x430.png 768w, https:\/\/spgoo.org\/wp-content\/uploads\/2025\/01\/Capture-du-2025-01-08-15-49-52-1536x860.png 1536w, https:\/\/spgoo.org\/wp-content\/uploads\/2025\/01\/Capture-du-2025-01-08-15-49-52.png 1589w\" sizes=\"auto, (max-width: 1024px) 100vw, 1024px\" \/><\/figure>\n<\/div>\n\n\n<p class=\"has-pale-cyan-blue-color has-text-color has-link-color has-medium-font-size wp-elements-94937f1a06fd9a5ceb0e79dfa8f67545\">Outils et m\u00e9thodologie<\/p>\n\n\n\n<p>Outil de management :<\/p>\n\n\n\n<p>Un environnement de travail constitu\u00e9 de la solution JIRA pour la gestion de projet sera mis \u00e0 la disposition des responsables de CDA. Il devrait leur permettre d&#8217;organiser et de piloter les diff\u00e9rentes t\u00e2ches du projet ainsi que les ressources \u00e0 engager et engag\u00e9es. Cette alimentation permettra de maintenir et de r\u00e9actualiser les tableaux de bords de SPGoO afin d&#8217;avoir en permanence la situation et l&#8217;avancement des projets, de pouvoir faire des extractions d&#8217;activit\u00e9s des diff\u00e9rents membres participants.<\/p>\n\n\n\n<p>M\u00e9thodologie et g\u00e9nie logiciel <\/p>\n\n\n\n<p>Lors de la conception des diff\u00e9rentes solutions informatiques, il sera recommand\u00e9 aux diff\u00e9rents concepteurs de respecter un ensemble de bonnes pratiques dans l&#8217;\u00e9criture des codes,  l&#8217;usage de syst\u00e8me de versionning (git) et d&#8217;automatisation des d\u00e9ploiements partir d&#8217;un Gitlab. L&#8217;ensemble des d\u00e9veloppements donnera lieu \u00e9galement \u00e0 l&#8217;alimentation d&#8217;une banque de composants logiciels qui permettra d&#8217;indexer les diff\u00e9rentes parties de d\u00e9veloppement afin de faciliter la r\u00e9utilisation dans des contextes anaiogues. <\/p>\n","protected":false},"excerpt":{"rendered":"<p>Cellule D\u00e9di\u00e9e \u00e0 l&#8217;Appui : CDA Constitution : Cette cellule est constitu\u00e9e \u00e0 chaque demande accept\u00e9e par la CDM. Les objectifs sont fix\u00e9s lors de sa constitution en accord avec la CDM. Elle regroupe les moyens et les ressources d\u00e9di\u00e9es pour mener \u00e0 bien ses objectifs dans un d\u00e9lais imparti. Le prolongement d&#8217;une CDA sera [&hellip;]<\/p>\n","protected":false},"author":1,"featured_media":0,"parent":0,"menu_order":0,"comment_status":"closed","ping_status":"closed","template":"","meta":{"footnotes":""},"class_list":["post-2959","page","type-page","status-publish","hentry"],"_links":{"self":[{"href":"https:\/\/spgoo.org\/index.php?rest_route=\/wp\/v2\/pages\/2959","targetHints":{"allow":["GET"]}}],"collection":[{"href":"https:\/\/spgoo.org\/index.php?rest_route=\/wp\/v2\/pages"}],"about":[{"href":"https:\/\/spgoo.org\/index.php?rest_route=\/wp\/v2\/types\/page"}],"author":[{"embeddable":true,"href":"https:\/\/spgoo.org\/index.php?rest_route=\/wp\/v2\/users\/1"}],"replies":[{"embeddable":true,"href":"https:\/\/spgoo.org\/index.php?rest_route=%2Fwp%2Fv2%2Fcomments&post=2959"}],"version-history":[{"count":21,"href":"https:\/\/spgoo.org\/index.php?rest_route=\/wp\/v2\/pages\/2959\/revisions"}],"predecessor-version":[{"id":10422,"href":"https:\/\/spgoo.org\/index.php?rest_route=\/wp\/v2\/pages\/2959\/revisions\/10422"}],"wp:attachment":[{"href":"https:\/\/spgoo.org\/index.php?rest_route=%2Fwp%2Fv2%2Fmedia&parent=2959"}],"curies":[{"name":"wp","href":"https:\/\/api.w.org\/{rel}","templated":true}]}}