{"id":2988,"date":"2024-12-26T10:56:11","date_gmt":"2024-12-26T09:56:11","guid":{"rendered":"https:\/\/spgoo.org\/?page_id=2988"},"modified":"2025-01-02T15:59:56","modified_gmt":"2025-01-02T14:59:56","slug":"charte","status":"publish","type":"page","link":"https:\/\/spgoo.org\/?page_id=2988","title":{"rendered":"Charte"},"content":{"rendered":"\n<h2 class=\"wp-block-heading\">Charte \u00e0 suivre au sein de SPGoO<\/h2>\n\n\n\n<p>La charte d\u00e9finie dans notre contexte est la moins contraignante possible pour une grande flexibilit\u00e9, mais elle se concentre sur les valeurs port\u00e9es par SPGoO : confiance et p\u00e9rennit\u00e9.<\/p>\n\n\n\n<p class=\"has-pale-cyan-blue-color has-text-color has-link-color has-medium-font-size wp-elements-bdc7b80fc73df3432edfb67f7e612c88\">Engagement de Confidentialit\u00e9 et s\u00e9curit\u00e9 :<\/p>\n\n\n\n<p>Non divulgation des donn\u00e9es et des traitements dans le cadre d\u2019une CDA.<br>Adh\u00e9sion aux bonnes pratiques de SPGoO : <\/p>\n\n\n\n<ul class=\"wp-block-list\">\n<li>tra\u00e7abilit\u00e9 des actions, <\/li>\n\n\n\n<li>documentation des codes d\u00e9velopp\u00e9s,<\/li>\n\n\n\n<li>conservation de l&#8217;ensemble des \u00e9l\u00e9ments d\u00e9velopp\u00e9s dans un espace r\u00e9serv\u00e9 \u00e0 SPGoO;<\/li>\n<\/ul>\n\n\n\n<p>Les r\u00e8gles de confidentialit\u00e9 \u00e0 appliquer dans le cadre d&#8217;une CDA sont celles du laboratoire d\u2019origine du projet. Elles seront \u00e0 d\u00e9finir \u00e0 la constitution d\u2019une CDA et appliquer par le responsable CDA aux membres concern\u00e9s.<\/p>\n\n\n\n<p class=\"has-pale-cyan-blue-color has-text-color has-link-color has-medium-font-size wp-elements-387ed0e54b41678fc4059602c5d62a7b\">Gestion des activit\u00e9s : <\/p>\n\n\n\n<p>La tenue d\u2019un registre d\u2019activit\u00e9s par CDA sera \u00e0 la charge du responsable de projet. Plusieurs int\u00e9r\u00eats \u00e0 ce registre:<\/p>\n\n\n\n<ul class=\"wp-block-list\">\n<li>avoir une vue sur les activit\u00e9s de SPGoO \u00e0 travers les diff\u00e9rentes CDA et des activit\u00e9s de ses membres.<\/li>\n\n\n\n<li>permettre de justifier la pr\u00e9sence de chacun et son implication<\/li>\n\n\n\n<li>\u00e9viter les d\u00e9rives que l\u2019on pourrait constater par n\u00e9gligences ou d\u00e9sint\u00e9r\u00eats<\/li>\n<\/ul>\n\n\n\n<p class=\"has-pale-cyan-blue-color has-text-color has-link-color has-medium-font-size wp-elements-eb441883d53726b57dc3cb222f778716\">R\u00e9siliation :&nbsp;<\/p>\n\n\n\n<p>Lors d&#8217;une r\u00e9siliation d&#8217;adh\u00e9sion \u00e0 SPGoO, toute personne ayant \u00e9t\u00e9 affect\u00e9e \u00e0 une CDA doit s&#8217;assurer que   tous les \u00e9l\u00e9ments n\u00e9cessaires au transfert de connaissance ont \u00e9t\u00e9 g\u00e9n\u00e9r\u00e9s afin d\u2019\u00e9viter de bloquer du projet en cours.<\/p>\n","protected":false},"excerpt":{"rendered":"<p>Charte \u00e0 suivre au sein de SPGoO La charte d\u00e9finie dans notre contexte est la moins contraignante possible pour une grande flexibilit\u00e9, mais elle se concentre sur les valeurs port\u00e9es par SPGoO : confiance et p\u00e9rennit\u00e9. Engagement de Confidentialit\u00e9 et s\u00e9curit\u00e9 : Non divulgation des donn\u00e9es et des traitements dans le cadre d\u2019une CDA.Adh\u00e9sion aux [&hellip;]<\/p>\n","protected":false},"author":1,"featured_media":0,"parent":0,"menu_order":0,"comment_status":"closed","ping_status":"closed","template":"","meta":{"footnotes":""},"class_list":["post-2988","page","type-page","status-publish","hentry"],"_links":{"self":[{"href":"https:\/\/spgoo.org\/index.php?rest_route=\/wp\/v2\/pages\/2988","targetHints":{"allow":["GET"]}}],"collection":[{"href":"https:\/\/spgoo.org\/index.php?rest_route=\/wp\/v2\/pages"}],"about":[{"href":"https:\/\/spgoo.org\/index.php?rest_route=\/wp\/v2\/types\/page"}],"author":[{"embeddable":true,"href":"https:\/\/spgoo.org\/index.php?rest_route=\/wp\/v2\/users\/1"}],"replies":[{"embeddable":true,"href":"https:\/\/spgoo.org\/index.php?rest_route=%2Fwp%2Fv2%2Fcomments&post=2988"}],"version-history":[{"count":9,"href":"https:\/\/spgoo.org\/index.php?rest_route=\/wp\/v2\/pages\/2988\/revisions"}],"predecessor-version":[{"id":3579,"href":"https:\/\/spgoo.org\/index.php?rest_route=\/wp\/v2\/pages\/2988\/revisions\/3579"}],"wp:attachment":[{"href":"https:\/\/spgoo.org\/index.php?rest_route=%2Fwp%2Fv2%2Fmedia&parent=2988"}],"curies":[{"name":"wp","href":"https:\/\/api.w.org\/{rel}","templated":true}]}}