{"id":2999,"date":"2024-12-26T11:27:12","date_gmt":"2024-12-26T10:27:12","guid":{"rendered":"https:\/\/spgoo.org\/?page_id=2999"},"modified":"2025-09-28T12:28:49","modified_gmt":"2025-09-28T10:28:49","slug":"adhesion","status":"publish","type":"page","link":"https:\/\/spgoo.org\/?page_id=2999","title":{"rendered":"Adh\u00e9sion"},"content":{"rendered":"\n<h2 class=\"wp-block-heading\">Processus d&#8217;Adh\u00e9sion \u00e0 SPGoO :<\/h2>\n\n\n\n<p>SPGoO est une structure mutualis\u00e9e de comp\u00e9tences informatiques en &#8220;data science&#8221; au service des projets de recherche. SPGoO fonctionne de mani\u00e8re collaborative et par adh\u00e9sion. Les adh\u00e9sions sont volontaires et sont soumises \u00e0 l&#8217;approbation du CDM suite \u00e0 un entretien. Cet entretien avec le candidat (Chercheur\/Ita) a pour objectif de v\u00e9rifier la nature de la demande, l&#8217;\u00e9valuation des moyens \u00e0 engager et l&#8217;ad\u00e9quation avec les ressources en pr\u00e9sence. A la suite de cet entretien, plusieurs options sont possibles:<\/p>\n\n\n\n<p class=\"has-pale-cyan-blue-color has-text-color has-link-color has-medium-font-size wp-elements-88715bf20d311cfa11e4605c29308d18\">Demande d&#8217;adh\u00e9sion \u00e0 SPGoO avec projet de recherche :<\/p>\n\n\n\n<ul class=\"wp-block-list\">\n<li>La demande est valid\u00e9e et une CDA est cr\u00e9\u00e9e;<\/li>\n\n\n\n<li>La demande est valid\u00e9e mais diff\u00e9r\u00e9e faute de ressources en pr\u00e9sence;<\/li>\n\n\n\n<li>La demande n&#8217;est pas valid\u00e9e, elle est jug\u00e9e hors cadre. <\/li>\n<\/ul>\n\n\n\n<p class=\"has-pale-cyan-blue-color has-text-color has-link-color has-medium-font-size wp-elements-a123996617afdba32e0c9f3183ef553f\">Demande d&#8217;adh\u00e9sion \u00e0 SPGoO sans projet de recherche:<\/p>\n\n\n\n<ul class=\"wp-block-list\">\n<li>La demande est valid\u00e9e et l&#8217;adh\u00e9rent fait partie du Pool;<\/li>\n\n\n\n<li>La demande n&#8217;est pas valid\u00e9e, le profil ne correspond pas aux profils de SPGoO. <\/li>\n<\/ul>\n\n\n\n<figure class=\"wp-block-image size-large\"><img loading=\"lazy\" decoding=\"async\" width=\"1024\" height=\"575\" src=\"https:\/\/spgoo.org\/wp-content\/uploads\/2025\/09\/nouvelle_image_adhesion-1024x575.png\" alt=\"\" class=\"wp-image-10423\" srcset=\"https:\/\/spgoo.org\/wp-content\/uploads\/2025\/09\/nouvelle_image_adhesion-1024x575.png 1024w, https:\/\/spgoo.org\/wp-content\/uploads\/2025\/09\/nouvelle_image_adhesion-300x168.png 300w, https:\/\/spgoo.org\/wp-content\/uploads\/2025\/09\/nouvelle_image_adhesion-768x431.png 768w, https:\/\/spgoo.org\/wp-content\/uploads\/2025\/09\/nouvelle_image_adhesion.png 1247w\" sizes=\"auto, (max-width: 1024px) 100vw, 1024px\" \/><\/figure>\n\n\n\n<p class=\"has-pale-cyan-blue-color has-text-color has-link-color has-medium-font-size wp-elements-fa52d0d5b9c084a85a2981c4a30f6722\">Fonctionnement d&#8217;une CDA : <\/p>\n\n\n\n<p>Il n&#8217;y a pas d&#8217;affectation de membres sur les CDA, les membres de SPGoO s&#8217;inscrivent et contribuent de fa\u00e7on volontaire \u00e0 une ou plusieurs CDA.<\/p>\n\n\n\n<p><a href=\"\/?page_id=3071\">Nous rejoindre ?<\/a><\/p>\n","protected":false},"excerpt":{"rendered":"<p>Processus d&#8217;Adh\u00e9sion \u00e0 SPGoO : SPGoO est une structure mutualis\u00e9e de comp\u00e9tences informatiques en &#8220;data science&#8221; au service des projets de recherche. SPGoO fonctionne de mani\u00e8re collaborative et par adh\u00e9sion. Les adh\u00e9sions sont volontaires et sont soumises \u00e0 l&#8217;approbation du CDM suite \u00e0 un entretien. Cet entretien avec le candidat (Chercheur\/Ita) a pour objectif de [&hellip;]<\/p>\n","protected":false},"author":1,"featured_media":0,"parent":0,"menu_order":0,"comment_status":"closed","ping_status":"closed","template":"","meta":{"footnotes":""},"class_list":["post-2999","page","type-page","status-publish","hentry"],"_links":{"self":[{"href":"https:\/\/spgoo.org\/index.php?rest_route=\/wp\/v2\/pages\/2999","targetHints":{"allow":["GET"]}}],"collection":[{"href":"https:\/\/spgoo.org\/index.php?rest_route=\/wp\/v2\/pages"}],"about":[{"href":"https:\/\/spgoo.org\/index.php?rest_route=\/wp\/v2\/types\/page"}],"author":[{"embeddable":true,"href":"https:\/\/spgoo.org\/index.php?rest_route=\/wp\/v2\/users\/1"}],"replies":[{"embeddable":true,"href":"https:\/\/spgoo.org\/index.php?rest_route=%2Fwp%2Fv2%2Fcomments&post=2999"}],"version-history":[{"count":16,"href":"https:\/\/spgoo.org\/index.php?rest_route=\/wp\/v2\/pages\/2999\/revisions"}],"predecessor-version":[{"id":10424,"href":"https:\/\/spgoo.org\/index.php?rest_route=\/wp\/v2\/pages\/2999\/revisions\/10424"}],"wp:attachment":[{"href":"https:\/\/spgoo.org\/index.php?rest_route=%2Fwp%2Fv2%2Fmedia&parent=2999"}],"curies":[{"name":"wp","href":"https:\/\/api.w.org\/{rel}","templated":true}]}}