{"id":3071,"date":"2024-12-27T09:47:38","date_gmt":"2024-12-27T08:47:38","guid":{"rendered":"https:\/\/spgoo.org\/?page_id=3071"},"modified":"2025-09-28T12:16:36","modified_gmt":"2025-09-28T10:16:36","slug":"nous-rejoindre","status":"publish","type":"page","link":"https:\/\/spgoo.org\/?page_id=3071","title":{"rendered":"Nous rejoindre ?"},"content":{"rendered":"<div class=\"wp-block-image\">\n<figure class=\"aligncenter size-full is-resized\"><img loading=\"lazy\" decoding=\"async\" width=\"640\" height=\"480\" src=\"https:\/\/spgoo.org\/wp-content\/uploads\/2024\/12\/206626.jpg\" alt=\"\" class=\"wp-image-3265\" style=\"width:299px;height:auto\" srcset=\"https:\/\/spgoo.org\/wp-content\/uploads\/2024\/12\/206626.jpg 640w, https:\/\/spgoo.org\/wp-content\/uploads\/2024\/12\/206626-300x225.jpg 300w\" sizes=\"auto, (max-width: 640px) 100vw, 640px\" \/><\/figure>\n<\/div>\n\n\n<p class=\"has-pale-cyan-blue-color has-text-color has-link-color has-medium-font-size wp-elements-c1c462028762726f369667d9f46a4585\">Qui peut nous rejoindre : Adh\u00e9r\u00e9 ? <\/p>\n\n\n\n<p>Tout coll\u00e8gue  ayant envie de partager son savoir faire (Data Science, Informatique) et de le valoriser dans le cadre de projets transverses. L&#8217;adh\u00e9sion est conditionn\u00e9 par un entretien avec la CDM (Cellule D\u00e9di\u00e9e de Management) de SPGoO.<\/p>\n\n\n\n<p>Vos contributions au sein des CDA (Cellule D\u00e9die \u00e0 l&#8217;Appui) est un acte volontaire mais qui vous oblige.Votre apport au sein d&#8217;un projet ne peut \u00eatre rompu que suite \u00e0 une concertation avec le responsable de la CDA au pr\u00e9alable.<\/p>\n\n\n\n<p><\/p>\n\n\n\n<p class=\"has-pale-cyan-blue-color has-text-color has-link-color has-medium-font-size wp-elements-194d515716c77fb5bf7c54d513292202\">Pourquoi nous rejoindre ? <\/p>\n\n\n\n<p>Si vous \u00eates chercheur avec un projet de recherche ? <\/p>\n\n\n\n<p>Vous cherchez des comp\u00e9tences compl\u00e9mentaires scientifiques et techniques dans le domaine de la Data science, du d\u00e9veloppement informatique que vous ne trouvez pas dans votre laboratoire dans le cadre de votre projet de recherche et qui vous permettraient d&#8217;entrevoir des perspectives ambitieuses pour votre projet. SPGoO \u00e0 travers ses membres, dispose de ressource pour \u0153uvrer sur des projets scientifiques. <\/p>\n\n\n\n<p>Vous avez dans le cadre d&#8217;un projet de recherche utilis\u00e9 du personnel, que vous ne pouvez pas garder au sein de votre \u00e9quipe\/laboratoire, ce personnel a acquis une expertise et un savoir faire que vous voulez pr\u00e9server au sein de votre unit\u00e9, SPGoO peut vous accompagner dans une proc\u00e9dure de transferts de connaissance afin de pr\u00e9server le maximum de savoir-faire.<\/p>\n\n\n\n<p>Si vous \u00eates ITA\/BIATSS (personnel d&#8217;appui en Data Science) :<\/p>\n\n\n\n<p>Vous voulez participer \u00e0 une structure mutualis\u00e9e de comp\u00e9tences pour apporter votre savoir faire et votre expertise. Vous voulez donner \u00e0 votre carri\u00e8re une nouvelle dimension  et collaborer avec des coll\u00e8gues autour de projets ambitieux sur des techniques innovantes. Vous aimez relever des d\u00e9fis et participer au rayonnement de nos institutions. <\/p>\n\n\n\n<p class=\"has-pale-cyan-blue-color has-text-color has-link-color has-medium-font-size wp-elements-d8a4832c21b5e76afb56186174dbc43c\">Le fonctionnement au sein de SPGoO ? <\/p>\n\n\n\n<p>SPGoO est organis\u00e9 par CDA, chaque CDA est g\u00e9r\u00e9e par un responsable qui garantit le bon fonctionnement de l&#8217;\u00e9quipe projet et s&#8217;occupe de fournir les moyens n\u00e9cessaires pour travailler pendant le temps imparti. Il s&#8217;occupe \u00e9galement du recensement du temps pass\u00e9 par les membres de SPGoO autour de son projet. Il n&#8217;y a pas de structure hi\u00e9rarchique entre les membres de SPGoO.<\/p>\n\n\n\n<p class=\"has-pale-cyan-blue-color has-text-color has-link-color has-medium-font-size wp-elements-4759bf262402a2c6a935c9a1e23040e2\">Quitter SPGoO ? <\/p>\n\n\n\n<p>La seule contrainte associ\u00e9e \u00e0 une r\u00e9siliation avec SPGoO est de garantir la continuit\u00e9 des projets sur lesquels vous \u00e9tiez impliqu\u00e9s. Cela se traduit par laisser les \u00e9l\u00e9ments n\u00e9cessaires pour un transfert de connaissance \u00e0 un autre coll\u00e8gue pour poursuivre le projet. Pour les membres d&#8217;appui, une note sera envoy\u00e9 au DU pour l&#8217;informer de cette r\u00e9siliation. <\/p>\n","protected":false},"excerpt":{"rendered":"<p>Qui peut nous rejoindre : Adh\u00e9r\u00e9 ? Tout coll\u00e8gue ayant envie de partager son savoir faire (Data Science, Informatique) et de le valoriser dans le cadre de projets transverses. L&#8217;adh\u00e9sion est conditionn\u00e9 par un entretien avec la CDM (Cellule D\u00e9di\u00e9e de Management) de SPGoO. Vos contributions au sein des CDA (Cellule D\u00e9die \u00e0 l&#8217;Appui) est [&hellip;]<\/p>\n","protected":false},"author":1,"featured_media":0,"parent":0,"menu_order":0,"comment_status":"closed","ping_status":"closed","template":"","meta":{"footnotes":""},"class_list":["post-3071","page","type-page","status-publish","hentry"],"_links":{"self":[{"href":"https:\/\/spgoo.org\/index.php?rest_route=\/wp\/v2\/pages\/3071","targetHints":{"allow":["GET"]}}],"collection":[{"href":"https:\/\/spgoo.org\/index.php?rest_route=\/wp\/v2\/pages"}],"about":[{"href":"https:\/\/spgoo.org\/index.php?rest_route=\/wp\/v2\/types\/page"}],"author":[{"embeddable":true,"href":"https:\/\/spgoo.org\/index.php?rest_route=\/wp\/v2\/users\/1"}],"replies":[{"embeddable":true,"href":"https:\/\/spgoo.org\/index.php?rest_route=%2Fwp%2Fv2%2Fcomments&post=3071"}],"version-history":[{"count":30,"href":"https:\/\/spgoo.org\/index.php?rest_route=\/wp\/v2\/pages\/3071\/revisions"}],"predecessor-version":[{"id":10418,"href":"https:\/\/spgoo.org\/index.php?rest_route=\/wp\/v2\/pages\/3071\/revisions\/10418"}],"wp:attachment":[{"href":"https:\/\/spgoo.org\/index.php?rest_route=%2Fwp%2Fv2%2Fmedia&parent=3071"}],"curies":[{"name":"wp","href":"https:\/\/api.w.org\/{rel}","templated":true}]}}