{"id":330,"date":"2024-05-29T18:20:10","date_gmt":"2024-05-29T16:20:10","guid":{"rendered":"https:\/\/spgoo.org\/?page_id=330"},"modified":"2025-09-28T12:13:10","modified_gmt":"2025-09-28T10:13:10","slug":"spgoo","status":"publish","type":"page","link":"https:\/\/spgoo.org\/?page_id=330","title":{"rendered":"SPGoO"},"content":{"rendered":"\n<h2 class=\"wp-block-heading has-text-align-center\">SPGoO <\/h2>\n\n\n<div class=\"wp-block-image\">\n<figure class=\"aligncenter size-full is-resized\"><img loading=\"lazy\" decoding=\"async\" width=\"380\" height=\"257\" src=\"https:\/\/spgoo.org\/wp-content\/uploads\/2024\/12\/depositphotos_53554311-stock-photo-team-effort.jpg\" alt=\"\" class=\"wp-image-3067\" style=\"width:276px;height:auto\" srcset=\"https:\/\/spgoo.org\/wp-content\/uploads\/2024\/12\/depositphotos_53554311-stock-photo-team-effort.jpg 380w, https:\/\/spgoo.org\/wp-content\/uploads\/2024\/12\/depositphotos_53554311-stock-photo-team-effort-300x203.jpg 300w\" sizes=\"auto, (max-width: 380px) 100vw, 380px\" \/><\/figure>\n<\/div>\n\n\n<hr class=\"wp-block-separator has-alpha-channel-opacity\"\/>\n\n\n\n<p>SPGoO se distingue par son caract\u00e8re interdisciplinaire qui favorise les \u00e9changes entre chercheurs et ing\u00e9nieurs de diff\u00e9rentes disciplines, sa dimension novatrice qui explore de nouvelles m\u00e9thodes et techniques et son approche exploratoire qui encourage l&#8217;exp\u00e9rimentation et l&#8217;am\u00e9lioration continue. Ces aspects combin\u00e9s font du projet une initiative prometteuse et ambitieuse pour r\u00e9pondre aux d\u00e9fis actuels de la recherche interdisciplinaire et de la gestion des donn\u00e9es complexes. De plus SPGoO adh\u00e8re  aux concepts de l&#8217;<span class='tooltipsall tooltipsincontent classtoolTips1'>Open Science<\/span>.<\/p>\n\n\n\n<p>Le caract\u00e8re interdisciplinaire du projet se manifeste par sa volont\u00e9 de rassembler des chercheurs issus de diff\u00e9rentes disciplines, telles que la linguistique,l &#8216;\u00e9conomie et la biophysique, etc.. . En int\u00e9grant ces diverses disciplines, le projet privil\u00e9gie les \u00e9changes, les collaborations et les synergies entre les personnes, ce qui permet une approche plus holistique et compl\u00e8te des probl\u00e9matiques de recherche. En facilitant la communication entre les membres d&#8217;\u00e9quipes multidisciplinaires, le groupe SPGoO contribue \u00e0 surmonter les barri\u00e8res existantes et \u00e0 favoriser une compr\u00e9hension mutuelle entre les chercheurs issus de diff\u00e9rents domaines (<a href=\"https:\/\/spgoo.org\/?page_id=36\">Exemples<\/a>).<br><\/p>\n\n\n\n<p>En outre, l&#8217;initiative SPGoO se positionne comme une solution novatrice pour relever les d\u00e9fis pos\u00e9s par la gestion et l&#8217;analyse des donn\u00e9es de recherche de plus en plus volumineuses et complexes. En offrant un environnement adaptatif, la plateforme permet aux chercheurs d&#8217;explorer de nouvelles m\u00e9thodes et techniques de traitement des donn\u00e9es, en combinant des approches statistiques, des outils de machine learning et d&#8217;autres m\u00e9thodologies sp\u00e9cifiques \u00e0 chaque discipline. Cette approche novatrice favorise l&#8217;\u00e9mergence de nouvelles id\u00e9es, de d\u00e9couvertes inattendues et de solutions innovantes pour r\u00e9soudre les probl\u00e8mes de recherche complexes.<br><\/p>\n\n\n\n<p>Les membres de SPGoO adopte une approche exploratoire en mettant l&#8217;accent sur l&#8217;exp\u00e9rimentation et la mise au point de m\u00e9thodes de plus en plus complexes. En permettant aux chercheurs de d\u00e9finir des pipelines de traitement de donn\u00e9es et de constituer des plans d&#8217;exp\u00e9rience, la plateforme encourage l&#8217;exploration de diff\u00e9rentes approches, l&#8217;it\u00e9ration et l&#8217;am\u00e9lioration continue des m\u00e9thodes. Les utilisateurs ont la possibilit\u00e9 d&#8217;annoter, de compl\u00e9ter et de versionner les sources de donn\u00e9es, privil\u00e9giant ainsi une approche it\u00e9rative et r\u00e9plicable des exp\u00e9rimentations.<\/p>\n\n\n\n<p class=\"has-pale-cyan-blue-color has-text-color has-link-color has-medium-font-size wp-elements-7445e505e66c426194774b2f5ba497de\">Comment nous aider ? <\/p>\n\n\n\n<p>Deux actions sont possibles pour nous aider dans nos actions : <\/p>\n\n\n\n<p>Adh\u00e9rer : vous avez envie de participer \u00e0 cette Cellule de comp\u00e9tences et d&#8217;apporter votre contribution ;<\/p>\n\n\n\n<p>Transfert de mat\u00e9riel : vous avez du mat\u00e9riel informatique que vous n&#8217;utilisez plus mais  en bon \u00e9tat que vous pouvez nous c\u00e9der.<\/p>\n\n\n\n<p class=\"has-pale-cyan-blue-color has-text-color has-link-color has-medium-font-size wp-elements-b6f9233821efa200474bcdb1e38686c6\">Projets d&#8217;exploration : <\/p>\n\n\n\n<p>Dans le cadre de ses activit\u00e9s, SPGoO explore des solutions innovantes dans le contexte WEB pour des repr\u00e9sentations graphiques interactives. Un choix de la solution JSXGraph a \u00e9t\u00e9 effectu\u00e9 et plusieurs illustrations ont pu \u00eatre men\u00e9 pour s&#8217;approprier de cette solution dans nos d\u00e9veloppements. Quelques exemples sont disponibles \u00e0 partir de notre site <a href=\"https:\/\/spgoo.org\/?page_id=182\">https:\/\/spgoo.org\/?page_id=182<\/a> et d&#8217;autres sont accessibles directement sur le site de nos coll\u00e8gues allemands voir <a href=\"https:\/\/jsxgraph.uni-bayreuth.de\/share\/\">https:\/\/jsxgraph.uni-bayreuth.de\/share\/<\/a> .<\/p>\n\n\n\n<p>Plusieurs int\u00e9grations ont \u00e9t\u00e9 effectu\u00e9es dans les plateformes d\u00e9velopp\u00e9es : Emolgine, FRAP\u00e9OR pour r\u00e9pondre aux exigences utilisateurs. <\/p>\n\n\n\n<p>Une solution de type SageMath a pu \u00eatre \u00e9galement \u00e9valu\u00e9e dans les cours dispens\u00e9s par Cyrille Piatecki en Economie. Lors de la construction de ses cours, Cyrille a pu \u00e9labor\u00e9 des pages web interactives crois\u00e9es avec les serveurs de SageMath pour ex\u00e9cuter les diff\u00e9rentes instructions fournies dans des SageCell. Notion de cellule d\u00e9di\u00e9e Sage ex\u00e9cutable sur des sites distants. Dans le cadre du d\u00e9veloppement du jeu Fiver nous avons exp\u00e9riment\u00e9 ce type de solution pour r\u00e9soudre des programmes lin\u00e9aires en nombre entier voir <a href=\"https:\/\/spgoo.org\/?page_id=514\">https:\/\/spgoo.org\/?page_id=514<\/a> .<\/p>\n\n\n\n<p><\/p>\n\n\n\n<p><\/p>\n<script type=\"text\/javascript\"> toolTips('.classtoolTips1','<a href=\"https:\/\/www.ouvrirlascience.fr\/accueil\/\"><img src=\"\/wp-content\/uploads\/2025\/01\/logoSciencesouvertes.png\" style=\"width:150px;height:50px;\" ><\/a>'); <\/script>","protected":false},"excerpt":{"rendered":"<p>SPGoO SPGoO se distingue par son caract\u00e8re interdisciplinaire qui favorise les \u00e9changes entre chercheurs et ing\u00e9nieurs de diff\u00e9rentes disciplines, sa dimension novatrice qui explore de nouvelles m\u00e9thodes et techniques et son approche exploratoire qui encourage l&#8217;exp\u00e9rimentation et l&#8217;am\u00e9lioration continue. Ces aspects combin\u00e9s font du projet une initiative prometteuse et ambitieuse pour r\u00e9pondre aux d\u00e9fis actuels [&hellip;]<\/p>\n","protected":false},"author":2,"featured_media":0,"parent":0,"menu_order":0,"comment_status":"closed","ping_status":"closed","template":"","meta":{"footnotes":""},"class_list":["post-330","page","type-page","status-publish","hentry"],"_links":{"self":[{"href":"https:\/\/spgoo.org\/index.php?rest_route=\/wp\/v2\/pages\/330","targetHints":{"allow":["GET"]}}],"collection":[{"href":"https:\/\/spgoo.org\/index.php?rest_route=\/wp\/v2\/pages"}],"about":[{"href":"https:\/\/spgoo.org\/index.php?rest_route=\/wp\/v2\/types\/page"}],"author":[{"embeddable":true,"href":"https:\/\/spgoo.org\/index.php?rest_route=\/wp\/v2\/users\/2"}],"replies":[{"embeddable":true,"href":"https:\/\/spgoo.org\/index.php?rest_route=%2Fwp%2Fv2%2Fcomments&post=330"}],"version-history":[{"count":18,"href":"https:\/\/spgoo.org\/index.php?rest_route=\/wp\/v2\/pages\/330\/revisions"}],"predecessor-version":[{"id":10414,"href":"https:\/\/spgoo.org\/index.php?rest_route=\/wp\/v2\/pages\/330\/revisions\/10414"}],"wp:attachment":[{"href":"https:\/\/spgoo.org\/index.php?rest_route=%2Fwp%2Fv2%2Fmedia&parent=330"}],"curies":[{"name":"wp","href":"https:\/\/api.w.org\/{rel}","templated":true}]}}