{"id":39,"date":"2024-05-21T18:06:59","date_gmt":"2024-05-21T16:06:59","guid":{"rendered":"https:\/\/spgoo.org\/?page_id=39"},"modified":"2024-06-05T17:31:54","modified_gmt":"2024-06-05T15:31:54","slug":"visualisation-et-construction-image-arn","status":"publish","type":"page","link":"https:\/\/spgoo.org\/?page_id=39","title":{"rendered":"Visualisation et construction d&#8217;image \u00e0 partir de s\u00e9quence"},"content":{"rendered":"\n<p>Dans le cadre de l&#8217;exploration des donn\u00e9es issues de s\u00e9quences, l&#8217;\u00e9quipe s&#8217;est orient\u00e9 vers les traitements de haut niveau sur les images dans le cadre de machine learning ou de r\u00e9seaux de neurones.<\/p>\n\n\n\n<p>Pour ce faire, la question pos\u00e9e est donc comment passer d&#8217;une s\u00e9quence de bases ARN sous de cha\u00eene de caract\u00e8res \u00e0 une repr\u00e9sentation graphique ?<\/p>\n\n\n\n<p>Premi\u00e8re partie : \u00e9laboration d&#8217;un outil de visualisation et de mise au point des images ARN. <\/p>\n\n\n\n<p>Copie d&#8217;\u00e9cran de l&#8217;application web d\u00e9velopp\u00e9e sous la base de <a href=\"https:\/\/jsxgraph.uni-bayreuth.de\/wp\/index.html\">JSXGraph<\/a><\/p>\n\n\n\n<figure class=\"wp-block-image size-large\"><img loading=\"lazy\" decoding=\"async\" width=\"1024\" height=\"636\" src=\"https:\/\/spgoo.org\/wp-content\/uploads\/2024\/05\/captur_CBM_1-1024x636.png\" alt=\"\" class=\"wp-image-78\" srcset=\"https:\/\/spgoo.org\/wp-content\/uploads\/2024\/05\/captur_CBM_1-1024x636.png 1024w, https:\/\/spgoo.org\/wp-content\/uploads\/2024\/05\/captur_CBM_1-300x186.png 300w, https:\/\/spgoo.org\/wp-content\/uploads\/2024\/05\/captur_CBM_1-768x477.png 768w, https:\/\/spgoo.org\/wp-content\/uploads\/2024\/05\/captur_CBM_1.png 1537w\" sizes=\"auto, (max-width: 1024px) 100vw, 1024px\" \/><\/figure>\n\n\n\n<p>Repr\u00e9sentation des \u00e9l\u00e9ments sous diff\u00e9rentes formes spatiales (\u00e0 l&#8217;aide de la librairie JS fornac.js)<\/p>\n\n\n\n<figure class=\"wp-block-image size-large\"><img loading=\"lazy\" decoding=\"async\" width=\"1024\" height=\"562\" src=\"https:\/\/spgoo.org\/wp-content\/uploads\/2024\/05\/cbm_2-1024x562.png\" alt=\"\" class=\"wp-image-79\" srcset=\"https:\/\/spgoo.org\/wp-content\/uploads\/2024\/05\/cbm_2-1024x562.png 1024w, https:\/\/spgoo.org\/wp-content\/uploads\/2024\/05\/cbm_2-300x165.png 300w, https:\/\/spgoo.org\/wp-content\/uploads\/2024\/05\/cbm_2-768x422.png 768w, https:\/\/spgoo.org\/wp-content\/uploads\/2024\/05\/cbm_2.png 1280w\" sizes=\"auto, (max-width: 1024px) 100vw, 1024px\" \/><\/figure>\n\n\n\n<p>Acc\u00e8s \u00e0 l&#8217;application, via ce lien : <a href=\".\/?page_id=98\">VCI-Arn<\/a><\/p>\n\n\n\n<p>Deuxi\u00e8me partie : \u00e9laboration d&#8217;un outillage d&#8217;exploitation des de la strat\u00e9gie de mise au point <\/p>\n\n\n\n<figure class=\"wp-block-image size-large\"><img loading=\"lazy\" decoding=\"async\" width=\"1024\" height=\"747\" src=\"https:\/\/spgoo.org\/wp-content\/uploads\/2024\/05\/captur_exploitation_1-1024x747.png\" alt=\"\" class=\"wp-image-129\" srcset=\"https:\/\/spgoo.org\/wp-content\/uploads\/2024\/05\/captur_exploitation_1-1024x747.png 1024w, https:\/\/spgoo.org\/wp-content\/uploads\/2024\/05\/captur_exploitation_1-300x219.png 300w, https:\/\/spgoo.org\/wp-content\/uploads\/2024\/05\/captur_exploitation_1-768x560.png 768w, https:\/\/spgoo.org\/wp-content\/uploads\/2024\/05\/captur_exploitation_1.png 1116w\" sizes=\"auto, (max-width: 1024px) 100vw, 1024px\" \/><\/figure>\n\n\n\n<p>Exploitation et production des images : <a href=\"\/?page_id=116\">Exp-Arn<\/a><\/p>\n\n\n\n<p>Troisi\u00e8me partie : Int\u00e9gration de VCI-seq dans le Pipeline de mod\u00e9lisations multivari\u00e9e li\u00e9e \u00e0 <a href=\"https:\/\/spgoo.org\/?page_id=86\">IAML<\/a>; permettant une mod\u00e9lisation apr\u00e8s une modification des images. Dans ce cas, si des s\u00e9quences ARN li\u00e9es \u00e0 la terminaison rho d\u00e9pendante. La modification de l&#8217;image est en fonctions des param\u00e8tres calcul\u00e9s \u00e0 partir d&#8217;une synth\u00e8se des modifications faites par l&#8217;expert (sur un nombre r\u00e9duit de s\u00e9quences).<\/p>\n\n\n\n<figure class=\"wp-block-image size-full\"><img loading=\"lazy\" decoding=\"async\" width=\"643\" height=\"516\" src=\"https:\/\/spgoo.org\/wp-content\/uploads\/2024\/06\/Images_Variables_Bulle_CG.jpg\" alt=\"\" class=\"wp-image-414\" srcset=\"https:\/\/spgoo.org\/wp-content\/uploads\/2024\/06\/Images_Variables_Bulle_CG.jpg 643w, https:\/\/spgoo.org\/wp-content\/uploads\/2024\/06\/Images_Variables_Bulle_CG-300x241.jpg 300w\" sizes=\"auto, (max-width: 643px) 100vw, 643px\" \/><\/figure>\n\n\n\n<p><\/p>\n","protected":false},"excerpt":{"rendered":"<p>Dans le cadre de l&#8217;exploration des donn\u00e9es issues de s\u00e9quences, l&#8217;\u00e9quipe s&#8217;est orient\u00e9 vers les traitements de haut niveau sur les images dans le cadre de machine learning ou de r\u00e9seaux de neurones. Pour ce faire, la question pos\u00e9e est donc comment passer d&#8217;une s\u00e9quence de bases ARN sous de cha\u00eene de caract\u00e8res \u00e0 une [&hellip;]<\/p>\n","protected":false},"author":1,"featured_media":0,"parent":0,"menu_order":0,"comment_status":"closed","ping_status":"closed","template":"","meta":{"footnotes":""},"class_list":["post-39","page","type-page","status-publish","hentry"],"_links":{"self":[{"href":"https:\/\/spgoo.org\/index.php?rest_route=\/wp\/v2\/pages\/39","targetHints":{"allow":["GET"]}}],"collection":[{"href":"https:\/\/spgoo.org\/index.php?rest_route=\/wp\/v2\/pages"}],"about":[{"href":"https:\/\/spgoo.org\/index.php?rest_route=\/wp\/v2\/types\/page"}],"author":[{"embeddable":true,"href":"https:\/\/spgoo.org\/index.php?rest_route=\/wp\/v2\/users\/1"}],"replies":[{"embeddable":true,"href":"https:\/\/spgoo.org\/index.php?rest_route=%2Fwp%2Fv2%2Fcomments&post=39"}],"version-history":[{"count":17,"href":"https:\/\/spgoo.org\/index.php?rest_route=\/wp\/v2\/pages\/39\/revisions"}],"predecessor-version":[{"id":417,"href":"https:\/\/spgoo.org\/index.php?rest_route=\/wp\/v2\/pages\/39\/revisions\/417"}],"wp:attachment":[{"href":"https:\/\/spgoo.org\/index.php?rest_route=%2Fwp%2Fv2%2Fmedia&parent=39"}],"curies":[{"name":"wp","href":"https:\/\/api.w.org\/{rel}","templated":true}]}}