{"id":4467,"date":"2025-01-15T12:22:12","date_gmt":"2025-01-15T11:22:12","guid":{"rendered":"https:\/\/spgoo.org\/?page_id=4467"},"modified":"2025-01-16T10:16:46","modified_gmt":"2025-01-16T09:16:46","slug":"jbrowse2-exploration","status":"publish","type":"page","link":"https:\/\/spgoo.org\/?page_id=4467","title":{"rendered":"JBrowse2 &#8211; Exploration"},"content":{"rendered":"\n<h2 class=\"wp-block-heading\">JBrowse2 &#8211; Exploration<\/h2>\n\n\n\n<link rel='stylesheet' id='4485-css'  href='https:\/\/spgoo.org\/wp-content\/uploads\/winp-css-js\/4485.css?ver=1747039442' type='text\/css' media='all' \/>\n\n\n\n<p>Description des actions et des retours d&#8217;exp\u00e9rience dans la pratique de JBrowse2. Notre d\u00e9marche dans cette exp\u00e9rimentation tes la suivante pour s&#8217;approprier du potentiel qu&#8217;offre cette solution et de les partager. <\/p>\n\n\n\n<p class=\"has-pale-cyan-blue-color has-text-color has-link-color has-medium-font-size wp-elements-03d53e53413ddb2ab9d2af856907f95d\">Explorations des plugins :<\/p>\n\n\n\n<p>L&#8217;installation de ces plugins se fait directement \u00e0 partir de l&#8217;interface web. On se propose plugin par plugin d&#8217;effectuer l&#8217;installation et d&#8217;\u00e9valuer dans notre contexte la pertinence et l&#8221;apport de ces plugins.<\/p>\n\n\n\n<details class=\"wp-block-details is-layout-flow wp-block-details-is-layout-flow\"><summary>  \u25bc Analyse et exploration des Plugins<\/summary>\n<p><a href=\"https:\/\/github.com\/GMOD\/jbrowse-plugin-msaview#readme\" target=\"_blank\" rel=\"noreferrer noopener\">MsaView<\/a> de Colin Diesh <\/p>\n\n\n\n<p>Description : multiple sequence alignment browser plugin for JBrowse 2INSTALL<\/p>\n\n\n\n<p><a href=\"https:\/\/github.com\/GMOD\/jbrowse-plugin-gdc#readme\" target=\"_blank\" rel=\"noreferrer noopener\">GDC<\/a>  Garrett Stevens, Colin Diesh, Rob Buels, Caroline Bridge<\/p>\n\n\n\n<p>Description : JBrowse 2 plugin for integrating with GDC resourcesINSTALL<\/p>\n\n\n\n<p><a href=\"https:\/\/github.com\/GMOD\/jbrowse-plugin-quantseq#readme\" target=\"_blank\" rel=\"noreferrer noopener\">Quantseq<\/a> Elliot Hershberg<\/p>\n\n\n\n<p>Description : External JB2 plugin implementing a QuantitativeSequence track for displaying base-resolution models.INSTALL<\/p>\n\n\n\n<p><a href=\"https:\/\/github.com\/cmdcolin\/jbrowse-plugin-gwas#readme\" target=\"_blank\" rel=\"noreferrer noopener\">GWAS<\/a> Colin Diesh<\/p>\n\n\n\n<p>Description : Plugin for displaying GWAS results such as manhattan plot renderingsINSTALL<\/p>\n\n\n\n<p><a href=\"https:\/\/github.com\/cmdcolin\/jbrowse-plugin-ucsc-api#readme\" target=\"_blank\" rel=\"noreferrer noopener\">UCSC<\/a> Colin Diesh<\/p>\n\n\n\n<p>Description : A JBrowse 2 plugin for accessing the UCSC APIINSTALL<\/p>\n\n\n\n<p><a href=\"https:\/\/github.com\/cmdcolin\/jbrowse-plugin-biothings-api#readme\" target=\"_blank\" rel=\"noreferrer noopener\">Biothings<\/a> Colin Diesh<\/p>\n\n\n\n<p>Description : Adapts to APIs like mygene.info to get super rich gene annotationsINSTALL<\/p>\n\n\n\n<p><a href=\"https:\/\/github.com\/cmdcolin\/jbrowse-plugin-ideogram#readme\" target=\"_blank\" rel=\"noreferrer noopener\">Ideogram<\/a> Colin Diesh, Caroline Bridge<\/p>\n\n\n\n<p>Description : JBrowse 2 plugin for rendering ideogramsINSTALL<\/p>\n\n\n\n<p><a href=\"https:\/\/github.com\/cmdcolin\/jbrowse-plugin-civic-api#readme\" target=\"_blank\" rel=\"noreferrer noopener\">CIVIC<\/a> Colin Diesh<\/p>\n\n\n\n<p>Description : JBrowse 2 plugin for fetching data from the CIVIC clinical interpretation of cancer variantsINSTALL<\/p>\n\n\n\n<p><a href=\"https:\/\/github.com\/GMOD\/jbrowse-plugin-icgc#readme\" target=\"_blank\" rel=\"noreferrer noopener\">ICGC<\/a> Caroline Bridge<\/p>\n\n\n\n<p>Description : JBrowse 2 plugin to integrate resources from the ICGCINSTALL<\/p>\n\n\n\n<p><a href=\"https:\/\/github.com\/GMOD\/jbrowse-plugin-reactome#readme\" target=\"_blank\" rel=\"noreferrer noopener\">Reactome<\/a> Caroline Bridge<\/p>\n\n\n\n<p>Description : JBrowse 2 plugin to integrate resources from ReactomeINSTALL<\/p>\n\n\n\n<p><a href=\"https:\/\/github.com\/GMOD\/jbrowse-plugin-multilevel-linear-view#readme\" target=\"_blank\" rel=\"noreferrer noopener\">MultilevelLinearView<\/a> Caroline Bridge<\/p>\n\n\n\n<p>Description : JBrowse 2 plugin that adds a linear genome view that can show multiple zoom levelsINSTALL<\/p>\n\n\n\n<p><a href=\"https:\/\/github.com\/cmdcolin\/jbrowse-plugin-trackhub-registry#readme\" target=\"_blank\" rel=\"noreferrer noopener\">TrackHubRegistry<\/a> Colin Diesh<\/p>\n\n\n\n<p>Description : JBrowse 2 plugin that adds ability to connect to hubs from the trackhub registry. Note: only for use with v2.3.0 or greaterINSTALL<\/p>\n\n\n\n<p><a href=\"https:\/\/github.com\/emiliorighi\/jbrowse-plugin-refget-api#readme\" target=\"_blank\" rel=\"noreferrer noopener\">RefGet<\/a> Emilio Righi<\/p>\n\n\n\n<p>Description : JBrowse 2 plugin that adds ability to retrieve sequences from refget API compliant serversINSTALL<\/p>\n\n\n\n<p><a href=\"https:\/\/github.com\/NAL-i5K\/jbrowse-plugin-linkout#readme\" target=\"_blank\" rel=\"noreferrer noopener\">Linkout<\/a> NAL-i5K<\/p>\n\n\n\n<p>Description : JBrowse 2 plugin that links out to feature page based on dbxrefINSTALL<\/p>\n\n\n\n<p><a href=\"https:\/\/github.com\/cmdcolin\/jbrowse-plugin-mafviewer#readme\" target=\"_blank\" rel=\"noreferrer noopener\">MafViewer<\/a> Colin Diesh<\/p>\n\n\n\n<p>Description : View multiple alignment format (MAF) files as tracksINSTALL<\/p>\n\n\n\n<p><a href=\"https:\/\/github.com\/cmdcolin\/jbrowse-plugin-protein3d#readme\" target=\"_blank\" rel=\"noreferrer noopener\">Protein3d<\/a> Colin Diesh<\/p>\n\n\n\n<p>Description : View 3-D protein structures in JBrowse 2INSTALLpartie masqu\u00e9e<\/p>\n<\/details>\n\n\n\n<p class=\"has-pale-cyan-blue-color has-text-color has-link-color has-medium-font-size wp-elements-0b03e1bcbcdd26ca5da476cf72f5fc45\">Insertion et manipulations de fichiers de donn\u00e9es : ajout de Tracks <\/p>\n\n\n\n<p>L&#8217;objectif de cette \u00e9tape est de voir  lors de l&#8217;insertion de nouvelles donn\u00e9es, les pr\u00e9-requis de la solution et les formats accept\u00e9s. De montrer le processus utilis\u00e9 et la conservation ou pas de l&#8217;environnement associ\u00e9 \u00e0 la session de l&#8217;utilisateur. On ne profitera pour \u00e9valuer du c\u00f4t\u00e9 serveur les ressources \u00e0 mettre en face pour garantir des temps de r\u00e9ponse acceptables.<\/p>\n\n\n\n<p class=\"has-pale-cyan-blue-color has-text-color has-link-color has-medium-font-size wp-elements-46e1b3df004c83f3bbf2d0ed9de3ef0c\">Possibilit\u00e9 de travail en groupe sur des m\u00eames donn\u00e9es <\/p>\n\n\n\n<p>Dans cette partie l&#8217;objectif est d\u00e9valuer le travail \u00e0 plusieurs sur un m\u00eame contexte et de voir que la solution offre cette possibilit\u00e9 de travail \u00e0 plusieurs sur des m\u00eames donn\u00e9es.<\/p>\n\n\n\n<p class=\"has-pale-cyan-blue-color has-text-color has-link-color has-medium-font-size wp-elements-3eb76e00b4187ca5b2a79070ca0b798a\">Quelles sont les possibilit\u00e9s de d\u00e9veloppement autour de ce type de solution<\/p>\n\n\n\n<p>Cette partie sera d\u00e9di\u00e9e pour l&#8217;\u00e9valuation et l&#8217;ajout \u00e9ventuel de fonctionnalit\u00e9s dans la solution. Plusieurs \u00e9tapes pour r\u00e9pondre \u00e0 de nouveaux besoins des utilisateurs : demander \u00e0 la communaut\u00e9 de JBrowse si  il est pr\u00e9vu ou \u00e0 pr\u00e9voir ce type de d\u00e9veloppement,  ou si on investit du temps pour entreprendre ce type de travail. Cela va d\u00e9pendre des diff\u00e9rentes demandes des chercheurs lors de leur manipulation.<\/p>\n","protected":false},"excerpt":{"rendered":"<p>JBrowse2 &#8211; Exploration Description des actions et des retours d&#8217;exp\u00e9rience dans la pratique de JBrowse2. Notre d\u00e9marche dans cette exp\u00e9rimentation tes la suivante pour s&#8217;approprier du potentiel qu&#8217;offre cette solution et de les partager. Explorations des plugins : L&#8217;installation de ces plugins se fait directement \u00e0 partir de l&#8217;interface web. On se propose plugin par [&hellip;]<\/p>\n","protected":false},"author":1,"featured_media":0,"parent":0,"menu_order":0,"comment_status":"closed","ping_status":"closed","template":"","meta":{"footnotes":""},"class_list":["post-4467","page","type-page","status-publish","hentry"],"_links":{"self":[{"href":"https:\/\/spgoo.org\/index.php?rest_route=\/wp\/v2\/pages\/4467","targetHints":{"allow":["GET"]}}],"collection":[{"href":"https:\/\/spgoo.org\/index.php?rest_route=\/wp\/v2\/pages"}],"about":[{"href":"https:\/\/spgoo.org\/index.php?rest_route=\/wp\/v2\/types\/page"}],"author":[{"embeddable":true,"href":"https:\/\/spgoo.org\/index.php?rest_route=\/wp\/v2\/users\/1"}],"replies":[{"embeddable":true,"href":"https:\/\/spgoo.org\/index.php?rest_route=%2Fwp%2Fv2%2Fcomments&post=4467"}],"version-history":[{"count":25,"href":"https:\/\/spgoo.org\/index.php?rest_route=\/wp\/v2\/pages\/4467\/revisions"}],"predecessor-version":[{"id":4598,"href":"https:\/\/spgoo.org\/index.php?rest_route=\/wp\/v2\/pages\/4467\/revisions\/4598"}],"wp:attachment":[{"href":"https:\/\/spgoo.org\/index.php?rest_route=%2Fwp%2Fv2%2Fmedia&parent=4467"}],"curies":[{"name":"wp","href":"https:\/\/api.w.org\/{rel}","templated":true}]}}