{"id":46,"date":"2024-05-21T18:15:10","date_gmt":"2024-05-21T16:15:10","guid":{"rendered":"https:\/\/spgoo.org\/?page_id=46"},"modified":"2025-12-22T15:17:36","modified_gmt":"2025-12-22T14:17:36","slug":"membres","status":"publish","type":"page","link":"https:\/\/spgoo.org\/?page_id=46","title":{"rendered":"Membres"},"content":{"rendered":"\n<link rel='stylesheet' id='1896-css'  href='https:\/\/spgoo.org\/wp-content\/uploads\/winp-css-js\/1896.css?ver=1734082454' type='text\/css' media='all' \/>\n\n\n<script type='text\/javascript'>\nvar id = \"1875\";<\/script>\n<script type='text\/javascript' src='https:\/\/spgoo.org\/wp-content\/uploads\/winp-css-js\/1875.js?ver=1732954950'><\/script>\n\n\n<div id=\"mydivComments\" class=\"fen_arrondie\" style=\"height:550px;width:600px;display:none\" >\r\n\t<div id=\"mydivCommentsheader\"  class=\"fen_arrondie\">\r\n\t\t<span id=\"fenetre_mot\" >Fen\u00eatre Info<\/span>\r\n\t\t<button type=\"button\" class=\"close\" onclick=\"closeModal('mydivComments');\" data-dismiss=\"modal\" aria-label=\"Close\"><span aria-hidden=\"true\">\u00d7<\/span>\r\n        <\/button>\r\n\t<\/div>\r\n\t<div class=\"fen_arrondie\" id=\"div_corps_Comments\" style=\"height:500px;overflow:auto;background-color:#00c2a9;padding:10px 10px 10px 10px;margin:-5px 0px 0px 0px\">\r\n\t\t<!-- <textarea id=\"resultat\" disabled cols=50 rows=10 style=\"color:black;font-size:10px;\"><\/textarea>  -->\r\n\t\t<div id=\"exploi_graphe\" class=\"exploi_graphe fen_arrondie\">\t<\/div>\t\r\n\t<\/div>\r\n<\/div>\n\n\n<p class=\"has-text-align-center has-medium-font-size\">Description et statut des diff\u00e9rents membres et partenaires.<\/p>\n\n\n\n<p class=\"has-text-align-center fen_arrondie has-black-color has-text-color has-background has-link-color wp-elements-2b02ca4aed4fe4e1a64183af6f9690a0\" style=\"background:radial-gradient(rgb(238,238,238) 38%,rgb(169,184,195) 64%)\">De 1989-2001 (SSII, AP-HP et ESIGETEL) depuis 2001 <strong>CNRS <\/strong><br><strong>2001->2016 : <a href=\"https:\/\/www.leo-univ-orleans.fr\/\">LEO<\/a> (<\/strong>Orl\u00e9ans<strong>) 2016->2020 : <a href=\"https:\/\/math.univ-lille.fr\/\">PP<\/a> (<\/strong>Lille<strong>) 2020->2025 : <a href=\"https:\/\/lll.cnrs.fr\/\">LLL<\/a> (<\/strong>Orl\u00e9ans<strong>), 2026 &#8211;> OSUC<\/strong> (Orl\u00e9ans)<\/p>\n\n\n\n<div class=\"wp-block-columns has-very-light-gray-to-cyan-bluish-gray-gradient-background has-background is-layout-flex wp-container-core-columns-is-layout-9d6595d7 wp-block-columns-is-layout-flex\">\n<div class=\"wp-block-column is-layout-flow wp-block-column-is-layout-flow\" style=\"flex-basis:200px\"><div class=\"wp-block-image is-style-rounded\">\n<figure class=\"aligncenter size-full is-resized\"><img loading=\"lazy\" decoding=\"async\" width=\"866\" height=\"1256\" src=\"https:\/\/spgoo.org\/wp-content\/uploads\/2024\/12\/ystroppa.jpg\" alt=\"\" class=\"wp-image-2073\" style=\"width:133px;height:auto\" srcset=\"https:\/\/spgoo.org\/wp-content\/uploads\/2024\/12\/ystroppa.jpg 866w, https:\/\/spgoo.org\/wp-content\/uploads\/2024\/12\/ystroppa-207x300.jpg 207w, https:\/\/spgoo.org\/wp-content\/uploads\/2024\/12\/ystroppa-706x1024.jpg 706w, https:\/\/spgoo.org\/wp-content\/uploads\/2024\/12\/ystroppa-768x1114.jpg 768w\" sizes=\"auto, (max-width: 866px) 100vw, 866px\" \/><figcaption class=\"wp-element-caption\"><em><strong>Yvan Stroppa<\/strong><\/em><\/figcaption><\/figure>\n<\/div><\/div>\n\n\n\n<div class=\"wp-block-column is-layout-flow wp-block-column-is-layout-flow\">\n<p class=\"has-text-align-center has-black-color has-text-color has-link-color wp-elements-e02911ec2ea50df891af9ed8277ee7bb\">Comp\u00e9tences:<\/p>\n\n\n\n<ul class=\"wp-block-list has-black-color has-text-color has-link-color wp-elements-747d275006016c376708490bb4bd50a4\">\n<li><strong>D\u00e9veloppement<\/strong> : Python Java, J2EE, Spring Boot &#8230; <\/li>\n\n\n\n<li><strong>Conteneurisation<\/strong> : Docker, podman, cri-o<\/li>\n\n\n\n<li><strong>Orchestration<\/strong> : Swarm, K8S<\/li>\n\n\n\n<li><strong>Calculs<\/strong> : ML et IA<\/li>\n\n\n\n<li><strong>Bdd<\/strong> : Couchbase, <span class='tooltipsall tooltipsincontent classtoolTips5'>Neo4J<\/span>, <span class='tooltipsall tooltipsincontent classtoolTips3'>MongoDB<\/span>, Mysql &#8230;<\/li>\n<\/ul>\n\n\n\n<p class=\"has-black-color has-text-color has-link-color wp-elements-2d68cdfb6da58ebc2ae592ddb278aecb\">Co-FONDATEUR<\/p>\n<\/div>\n<\/div>\n\n\n\n<p class=\"has-text-align-center has-black-color has-text-color has-background has-link-color wp-elements-4b6b25a01eee347f5b7aa1e7c4d1bd91\" style=\"background:radial-gradient(rgb(238,238,238) 0%,rgb(169,184,195) 66%);font-size:12px\">Faits marquants au sein du CNRS<br>LEO : <a href=\"https:\/\/spgoo.org\/wp-content\/uploads\/2024\/11\/Dossier_Concours_National_2010.pdf\"> <\/a><a href=\"\/wp-content\/uploads\/2024\/11\/Presentation_kresterion_concours.pdf\">Startup Kresterion<\/a> (2010-2012)&#8211;<a href=\"https:\/\/patents.justia.com\/inventor\/yvan-stroppa\">D\u00e9p\u00f4t de Brevet<\/a> (2013)&#8211;<br>RunMyCode(2012-2015)\/ExecAndShare (2015-2020)<br>(En savoir plus cliquer sur la p\u0125oto)<\/p>\n\n\n\n<p class=\"has-text-align-center fen_arrondie has-black-color has-text-color has-background has-link-color wp-elements-25b1f38bd3bd77b51912519e211198b9\" style=\"background:radial-gradient(rgb(237,237,237) 36%,rgb(0,194,169) 81%,rgb(204,242,247) 100%)\"><strong>CNRS <br>1998-2012 : G\u00e8ne Express UPR 42 (Villejuif), depuis 2012 : <a href=\"http:\/\/cbm.cnrs-orleans.fr\/\">CBM<\/a> (Orl\u00e9ans)<\/strong><\/p>\n\n\n\n<div class=\"wp-block-columns has-background is-layout-flex wp-container-core-columns-is-layout-9d6595d7 wp-block-columns-is-layout-flex\" style=\"background:linear-gradient(90deg,rgb(237,237,237) 0%,rgb(0,194,169) 44%,rgb(236,242,247) 100%)\">\n<div class=\"wp-block-column is-layout-flow wp-block-column-is-layout-flow\">\n<p class=\"has-text-align-center has-black-color has-text-color has-link-color wp-elements-b47686677c254dc13422fa0fbc25686d\">Comp\u00e9tences :<\/p>\n\n\n\n<ul class=\"wp-block-list\">\n<li><strong>Biologie<\/strong> : G\u00e9n\u00e9tique, Biologie mol\u00e9culaire, Syst\u00e9mique.<\/li>\n\n\n\n<li><strong>Bio-informatique et g\u00e9nomique <\/strong>: G\u00e9nomique computationnelle, Transcriptome, Annotations.<\/li>\n\n\n\n<li><strong>Informatique<\/strong>: Python, Perl &#8230;<\/li>\n<\/ul>\n\n\n\n<p class=\"has-black-color has-text-color has-link-color wp-elements-2d68cdfb6da58ebc2ae592ddb278aecb\">Co-FONDATEUR<\/p>\n<\/div>\n\n\n\n<div class=\"wp-block-column is-layout-flow wp-block-column-is-layout-flow\" style=\"flex-basis:200px\"><div class=\"wp-block-image is-style-rounded\">\n<figure class=\"aligncenter size-full is-resized\"><img loading=\"lazy\" decoding=\"async\" width=\"146\" height=\"146\" src=\"https:\/\/spgoo.org\/wp-content\/uploads\/2024\/05\/e_eveno-edited.jpg\" alt=\"\" class=\"wp-image-315\" style=\"width:157px;height:auto\"\/><figcaption class=\"wp-element-caption\"><strong><em>Eric Eveno<\/em><\/strong><\/figcaption><\/figure>\n<\/div><\/div>\n<\/div>\n\n\n\n<p><\/p>\n\n\n\n<p class=\"has-text-align-center fen_arrondie has-black-color has-text-color has-background has-link-color wp-elements-3b568f9f52e8b3cd5071200632ee48e0\" style=\"background:radial-gradient(rgb(238,238,238) 41%,rgb(169,184,195) 52%)\"><strong>SCARTEK<br>De 2016 \u00e0 2025  : <a href=\"https:\/\/www.icoa.fr\/\">ICOA<\/a> (Orl\u00e9ans)<\/strong><\/p>\n\n\n\n<div class=\"wp-block-columns has-background is-layout-flex wp-container-core-columns-is-layout-9d6595d7 wp-block-columns-is-layout-flex\" style=\"background:linear-gradient(88deg,rgb(231,231,231) 0%,rgb(244,242,242) 38%,rgb(166,166,166) 100%)\">\n<div class=\"wp-block-column is-layout-flow wp-block-column-is-layout-flow\" style=\"flex-basis:200px\"><div class=\"wp-block-image is-style-rounded\">\n<figure class=\"aligncenter size-full is-resized\"><img loading=\"lazy\" decoding=\"async\" width=\"154\" height=\"160\" src=\"https:\/\/spgoo.org\/wp-content\/uploads\/2024\/05\/p_krezel.jpg\" alt=\"\" class=\"wp-image-50\" style=\"width:157px;height:auto\"\/><figcaption class=\"wp-element-caption\"><strong><em>Pascal Krezel<\/em><\/strong><\/figcaption><\/figure>\n<\/div><\/div>\n\n\n\n<div class=\"wp-block-column is-layout-flow wp-block-column-is-layout-flow\">\n<p class=\"has-text-align-left has-black-color has-text-color has-link-color wp-elements-cc888615355df4b89f8dde186f5760f2\">Technologies actuellement utilis\u00e9es:<\/p>\n\n\n\n<ul class=\"wp-block-list has-black-color has-text-color has-link-color wp-elements-0c646a13dacb95f2513a8708c28613e9\">\n<li><strong>Informatique<\/strong>: python, <span class='tooltipsall tooltipsincontent classtoolTips5'>Neo4J<\/span>, slurm, jupyter notebooks, linux<\/li>\n\n\n\n<li><strong>Chemoinformatique<\/strong>: rdkit, pymol &#8230;<\/li>\n<\/ul>\n\n\n\n<p>Principales r\u00e9alisations:<\/p>\n\n\n\n<ul class=\"wp-block-list\">\n<li>M\u00e9thode de g\u00e9n\u00e9ration de mol\u00e9cules \u00e0 partir de fragments<\/li>\n\n\n\n<li>M\u00e9thode de repositionnement de fragments entre sous-cavit\u00e9s de prot\u00e9ines.<\/li>\n<\/ul>\n<\/div>\n<\/div>\n\n\n\n<p class=\"has-text-align-center fen_arrondie has-black-color has-text-color has-background has-link-color wp-elements-78b227e5cfbb2e729c3644be2b500d09\" style=\"background:radial-gradient(rgb(237,237,237) 31%,rgb(0,194,169) 62%,rgb(236,242,247) 96%)\">Professeur : Universit\u00e9 d&#8217;Orl\u00e9ans<br>Depuis 1984 <a href=\"https:\/\/www.leo-univ-orleans.fr\/\">LEO<\/a><\/p>\n\n\n\n<div class=\"wp-block-columns has-background is-layout-flex wp-container-core-columns-is-layout-9d6595d7 wp-block-columns-is-layout-flex\" style=\"background:linear-gradient(135deg,rgb(237,237,237) 0%,rgb(0,194,169) 43%,rgb(236,242,247) 100%)\">\n<div class=\"wp-block-column is-layout-flow wp-block-column-is-layout-flow\">\n<p class=\"has-text-align-center has-black-color has-text-color has-link-color wp-elements-b47686677c254dc13422fa0fbc25686d\">Comp\u00e9tences :<\/p>\n\n\n\n<ul class=\"wp-block-list has-black-color has-text-color has-link-color wp-elements-3eb79aa3a5f234c2c134c10b30dcc08b\">\n<li>Economie <\/li>\n\n\n\n<li>Programmation lin\u00e9aire,<\/li>\n\n\n\n<li>Multi-agents, th\u00e9orie des jeux &#8230;<\/li>\n<\/ul>\n\n\n\n<p><\/p>\n<\/div>\n\n\n\n<div class=\"wp-block-column is-layout-flow wp-block-column-is-layout-flow\" style=\"flex-basis:200px\"><div class=\"wp-block-image is-style-rounded\">\n<figure class=\"aligncenter size-full is-resized\"><img loading=\"lazy\" decoding=\"async\" width=\"234\" height=\"299\" src=\"https:\/\/spgoo.org\/wp-content\/uploads\/2024\/05\/c_piatecki.png\" alt=\"\" class=\"wp-image-48\" style=\"width:122px;height:auto\"\/><figcaption class=\"wp-element-caption\"><strong><em>Cyrille Piatecki<\/em><\/strong><\/figcaption><\/figure>\n<\/div><\/div>\n<\/div>\n\n\n\n<hr class=\"wp-block-separator has-alpha-channel-opacity\"\/>\n\n\n\n<p class=\"has-text-align-center has-vivid-green-cyan-color has-text-color has-link-color has-medium-font-size wp-elements-6d383cc3705ed45a9740a95c8832fc15\">Partenaires acad\u00e9miques :<\/p>\n\n\n\n<div class=\"wp-block-columns is-layout-flex wp-container-core-columns-is-layout-9d6595d7 wp-block-columns-is-layout-flex\">\n<div class=\"wp-block-column is-layout-flow wp-block-column-is-layout-flow\">\n<p class=\"has-text-align-center\">Badreddine Hamma<\/p>\n\n\n\n<p>MCF Universit\u00e9 d&#8217;Orl\u00e9ans LLL<\/p>\n\n\n\n<p>Projets FRAP\u00e9OR et RePhon-IA<\/p>\n<\/div>\n\n\n\n<div class=\"wp-block-column is-layout-flow wp-block-column-is-layout-flow\"><div class=\"wp-block-image\">\n<figure class=\"aligncenter size-full\"><img loading=\"lazy\" decoding=\"async\" width=\"238\" height=\"262\" src=\"https:\/\/spgoo.org\/wp-content\/uploads\/2025\/05\/bad.png\" alt=\"\" class=\"wp-image-6798\"\/><\/figure>\n<\/div><\/div>\n<\/div>\n\n\n<script type='text\/javascript'>\nvar id = \"1891\";<\/script>\n<script type='text\/javascript' src='https:\/\/spgoo.org\/wp-content\/uploads\/winp-css-js\/1891.js?ver=1733936087'><\/script>\n\n\n\n<div class=\"wp-block-columns is-layout-flex wp-container-core-columns-is-layout-9d6595d7 wp-block-columns-is-layout-flex\">\n<div class=\"wp-block-column is-layout-flow wp-block-column-is-layout-flow\">\n<p class=\"has-text-align-center\">Jean-michel Fournier<\/p>\n\n\n\n<p>Universit\u00e9 de Tours<\/p>\n\n\n\n<p>Projet DeepBdd-bdddictionnairique<\/p>\n\n\n\n<p>Dictionnaire phon\u00e9tique langue anglaise<\/p>\n<\/div>\n\n\n\n<div class=\"wp-block-column is-layout-flow wp-block-column-is-layout-flow\"><div class=\"wp-block-image\">\n<figure class=\"aligncenter size-full is-resized\"><img loading=\"lazy\" decoding=\"async\" width=\"294\" height=\"172\" src=\"https:\/\/spgoo.org\/wp-content\/uploads\/2025\/07\/jean_michel.jpg\" alt=\"\" class=\"wp-image-7745\" style=\"width:232px;height:auto\"\/><\/figure>\n<\/div><\/div>\n<\/div>\n\n\n\n<div class=\"wp-block-columns is-layout-flex wp-container-core-columns-is-layout-9d6595d7 wp-block-columns-is-layout-flex\">\n<div class=\"wp-block-column is-layout-flow wp-block-column-is-layout-flow\">\n<p class=\"has-text-align-center\">Gabriel Bergounioux<\/p>\n\n\n\n<p>Universit\u00e9 d&#8217;Orl\u00e9ans<\/p>\n\n\n\n<p>Projet passy <\/p>\n\n\n\n<p>Dictionnaire phon\u00e9tique de la langue fran\u00e7aise et ses variations.<\/p>\n<\/div>\n\n\n\n<div class=\"wp-block-column is-layout-flow wp-block-column-is-layout-flow\"><div class=\"wp-block-image\">\n<figure class=\"aligncenter size-full is-resized\"><img loading=\"lazy\" decoding=\"async\" width=\"478\" height=\"512\" src=\"https:\/\/spgoo.org\/wp-content\/uploads\/2025\/07\/AVT_Gabriel-Bergounioux_9629.webp\" alt=\"\" class=\"wp-image-7746\" style=\"width:223px;height:auto\" srcset=\"https:\/\/spgoo.org\/wp-content\/uploads\/2025\/07\/AVT_Gabriel-Bergounioux_9629.webp 478w, https:\/\/spgoo.org\/wp-content\/uploads\/2025\/07\/AVT_Gabriel-Bergounioux_9629-280x300.webp 280w\" sizes=\"auto, (max-width: 478px) 100vw, 478px\" \/><\/figure>\n<\/div><\/div>\n<\/div>\n\n\n\n<hr class=\"wp-block-separator has-alpha-channel-opacity\"\/>\n\n\n\n<p class=\"has-text-align-center has-vivid-green-cyan-color has-text-color has-link-color has-medium-font-size wp-elements-ced7c3576c77d2e41749f7a9110d99a1\"><\/p>\n<script type=\"text\/javascript\"> toolTips('.classtoolTips3','<a style=\"text-decoration: none;\" href=\"https:\/\/www.mongodb.com\/fr-fr\"><img style=\"width: 180px; height: 50px;\" src=\"\/wp-content\/uploads\/2025\/01\/mongodb-logo-rgb-scaled.jpg\" \/><\/a>'); <\/script><script type=\"text\/javascript\"> toolTips('.classtoolTips5','<a style=\"text-decoration: none;\" href=\"https:\/\/neo4j.com\/\"><img style=\"width: 180px; height: 50px;\" src=\"\/wp-content\/uploads\/2025\/01\/Neo4j-logo_color.png\" \/><\/a>'); <\/script>","protected":false},"excerpt":{"rendered":"<p>Description et statut des diff\u00e9rents membres et partenaires. De 1989-2001 (SSII, AP-HP et ESIGETEL) depuis 2001 CNRS 2001->2016 : LEO (Orl\u00e9ans) 2016->2020 : PP (Lille) 2020->2025 : LLL (Orl\u00e9ans), 2026 &#8211;> OSUC (Orl\u00e9ans) Comp\u00e9tences: Co-FONDATEUR Faits marquants au sein du CNRSLEO : Startup Kresterion (2010-2012)&#8211;D\u00e9p\u00f4t de Brevet (2013)&#8211;RunMyCode(2012-2015)\/ExecAndShare (2015-2020)(En savoir plus cliquer sur la p\u0125oto) [&hellip;]<\/p>\n","protected":false},"author":1,"featured_media":0,"parent":0,"menu_order":0,"comment_status":"closed","ping_status":"closed","template":"","meta":{"footnotes":""},"class_list":["post-46","page","type-page","status-publish","hentry"],"_links":{"self":[{"href":"https:\/\/spgoo.org\/index.php?rest_route=\/wp\/v2\/pages\/46","targetHints":{"allow":["GET"]}}],"collection":[{"href":"https:\/\/spgoo.org\/index.php?rest_route=\/wp\/v2\/pages"}],"about":[{"href":"https:\/\/spgoo.org\/index.php?rest_route=\/wp\/v2\/types\/page"}],"author":[{"embeddable":true,"href":"https:\/\/spgoo.org\/index.php?rest_route=\/wp\/v2\/users\/1"}],"replies":[{"embeddable":true,"href":"https:\/\/spgoo.org\/index.php?rest_route=%2Fwp%2Fv2%2Fcomments&post=46"}],"version-history":[{"count":218,"href":"https:\/\/spgoo.org\/index.php?rest_route=\/wp\/v2\/pages\/46\/revisions"}],"predecessor-version":[{"id":11345,"href":"https:\/\/spgoo.org\/index.php?rest_route=\/wp\/v2\/pages\/46\/revisions\/11345"}],"wp:attachment":[{"href":"https:\/\/spgoo.org\/index.php?rest_route=%2Fwp%2Fv2%2Fmedia&parent=46"}],"curies":[{"name":"wp","href":"https:\/\/api.w.org\/{rel}","templated":true}]}}