{"id":491,"date":"2024-06-17T09:46:03","date_gmt":"2024-06-17T07:46:03","guid":{"rendered":"https:\/\/spgoo.org\/?page_id=491"},"modified":"2024-06-17T16:58:10","modified_gmt":"2024-06-17T14:58:10","slug":"technologies-utilisees","status":"publish","type":"page","link":"https:\/\/spgoo.org\/?page_id=491","title":{"rendered":"Technologies utilis\u00e9es"},"content":{"rendered":"\n<p>Description des outils et m\u00e9thodes utilis\u00e9es dans les diff\u00e9rents projets. <\/p>\n\n\n\n<p>Technologies de stockages et de manipulation des donn\u00e9es <\/p>\n\n\n\n<ul class=\"wp-block-list\">\n<li><span class='tooltipsall tooltipsincontent classtoolTips3'>MongoDB<\/span><\/li>\n\n\n\n<li>couchBase<\/li>\n\n\n\n<li><span class='tooltipsall tooltipsincontent classtoolTips5'>Neo4J<\/span><\/li>\n\n\n\n<li>Mysql\/Mariadb <\/li>\n<\/ul>\n\n\n\n<p>Technologies de traitements distribu\u00e9s : <\/p>\n\n\n\n<ul class=\"wp-block-list\">\n<li>web service sous Spring Boot <\/li>\n\n\n\n<li>Kafka<\/li>\n\n\n\n<li>orchestrateur <\/li>\n<\/ul>\n<script type=\"text\/javascript\"> toolTips('.classtoolTips3','<a style=\"text-decoration: none;\" href=\"https:\/\/www.mongodb.com\/fr-fr\"><img style=\"width: 180px; height: 50px;\" src=\"\/wp-content\/uploads\/2025\/01\/mongodb-logo-rgb-scaled.jpg\" \/><\/a>'); <\/script><script type=\"text\/javascript\"> toolTips('.classtoolTips5','<a style=\"text-decoration: none;\" href=\"https:\/\/neo4j.com\/\"><img style=\"width: 180px; height: 50px;\" src=\"\/wp-content\/uploads\/2025\/01\/Neo4j-logo_color.png\" \/><\/a>'); <\/script>","protected":false},"excerpt":{"rendered":"<p>Description des outils et m\u00e9thodes utilis\u00e9es dans les diff\u00e9rents projets. Technologies de stockages et de manipulation des donn\u00e9es Technologies de traitements distribu\u00e9s :<\/p>\n","protected":false},"author":1,"featured_media":0,"parent":0,"menu_order":0,"comment_status":"closed","ping_status":"closed","template":"","meta":{"footnotes":""},"class_list":["post-491","page","type-page","status-publish","hentry"],"_links":{"self":[{"href":"https:\/\/spgoo.org\/index.php?rest_route=\/wp\/v2\/pages\/491","targetHints":{"allow":["GET"]}}],"collection":[{"href":"https:\/\/spgoo.org\/index.php?rest_route=\/wp\/v2\/pages"}],"about":[{"href":"https:\/\/spgoo.org\/index.php?rest_route=\/wp\/v2\/types\/page"}],"author":[{"embeddable":true,"href":"https:\/\/spgoo.org\/index.php?rest_route=\/wp\/v2\/users\/1"}],"replies":[{"embeddable":true,"href":"https:\/\/spgoo.org\/index.php?rest_route=%2Fwp%2Fv2%2Fcomments&post=491"}],"version-history":[{"count":2,"href":"https:\/\/spgoo.org\/index.php?rest_route=\/wp\/v2\/pages\/491\/revisions"}],"predecessor-version":[{"id":598,"href":"https:\/\/spgoo.org\/index.php?rest_route=\/wp\/v2\/pages\/491\/revisions\/598"}],"wp:attachment":[{"href":"https:\/\/spgoo.org\/index.php?rest_route=%2Fwp%2Fv2%2Fmedia&parent=491"}],"curies":[{"name":"wp","href":"https:\/\/api.w.org\/{rel}","templated":true}]}}