{"id":495,"date":"2024-06-17T10:28:16","date_gmt":"2024-06-17T08:28:16","guid":{"rendered":"https:\/\/spgoo.org\/?page_id=495"},"modified":"2024-11-24T17:53:33","modified_gmt":"2024-11-24T16:53:33","slug":"orchestrateur","status":"publish","type":"page","link":"https:\/\/spgoo.org\/?page_id=495","title":{"rendered":"Orchestrateur Kubernetes (K8S)"},"content":{"rendered":"\n<p class=\"has-vivid-cyan-blue-color has-text-color has-link-color has-medium-font-size wp-elements-f431f99fd4f51e36d8f4a8429234c196\">Proc\u00e9dure d&#8217;installation dans le contexte IAML et EMOLGINE d&#8217;un cluster K8S. <\/p>\n\n\n\n<p>Objectif de cette installation : permettre aux plateformes WEB de communiquer avec ce type d&#8217;environnement pour deux fonctions importantes.<\/p>\n\n\n\n<p>1 : pouvoir allouer des Jupyter Notebook de fa\u00e7on &#8220;embarqu\u00e9&#8221; dans des pages d\u00e9di\u00e9es dans la partie Analyse et statistiques des lots de donn\u00e9es <\/p>\n\n\n\n<p>2 : pouvoir constituer des solveurs sous forme d&#8217;image et de pouvoir les ex\u00e9cuter dans cet environnement et d&#8217;en extraire les r\u00e9sultats.<\/p>\n\n\n\n<p class=\"has-vivid-cyan-blue-color has-text-color has-link-color has-medium-font-size wp-elements-7a2ef60e6ad2d55cffe27167b9e1d737\">Installation : <\/p>\n\n\n\n<p>Pour mener \u00e0 bien cette installation, on d\u00e9marre avec une station de travail et une installation de cockpit sous un Ubuntu 22.04 pour un acc\u00e8s plus simple. Sous cette station de travail on va allouer 4 VMs sous un lan sp\u00e9cifique 192.168.100.0\/24 et une version 24.04 de Ubuntu en mode serveur. <\/p>\n\n\n\n<p>Pour cette installation, on va avoir besoin de plusieurs choses sp\u00e9cifiques :<\/p>\n\n\n\n<ul class=\"wp-block-list\">\n<li>Kubeadm, kubelet, kubelet<\/li>\n\n\n\n<li>Helm <\/li>\n\n\n\n<li>R\u00e9seau Calico <\/li>\n\n\n\n<li>Dashboard<\/li>\n\n\n\n<li>Prometheus\/grafana<\/li>\n\n\n\n<li>Un service JupyterHub pour les d\u00e9ploiements des Jupyter NoteBook<\/li>\n\n\n\n<li>Un service Ceph <\/li>\n\n\n\n<li>Un serveur de d\u00e9p\u00f4t s\u00e9curis\u00e9 <\/li>\n\n\n\n<li>Un web service pour service d&#8217;interface avec les plateformes Web.<\/li>\n<\/ul>\n\n\n\n<p><\/p>\n","protected":false},"excerpt":{"rendered":"<p>Proc\u00e9dure d&#8217;installation dans le contexte IAML et EMOLGINE d&#8217;un cluster K8S. Objectif de cette installation : permettre aux plateformes WEB de communiquer avec ce type d&#8217;environnement pour deux fonctions importantes. 1 : pouvoir allouer des Jupyter Notebook de fa\u00e7on &#8220;embarqu\u00e9&#8221; dans des pages d\u00e9di\u00e9es dans la partie Analyse et statistiques des lots de donn\u00e9es 2 [&hellip;]<\/p>\n","protected":false},"author":1,"featured_media":0,"parent":0,"menu_order":0,"comment_status":"closed","ping_status":"closed","template":"","meta":{"footnotes":""},"class_list":["post-495","page","type-page","status-publish","hentry"],"_links":{"self":[{"href":"https:\/\/spgoo.org\/index.php?rest_route=\/wp\/v2\/pages\/495","targetHints":{"allow":["GET"]}}],"collection":[{"href":"https:\/\/spgoo.org\/index.php?rest_route=\/wp\/v2\/pages"}],"about":[{"href":"https:\/\/spgoo.org\/index.php?rest_route=\/wp\/v2\/types\/page"}],"author":[{"embeddable":true,"href":"https:\/\/spgoo.org\/index.php?rest_route=\/wp\/v2\/users\/1"}],"replies":[{"embeddable":true,"href":"https:\/\/spgoo.org\/index.php?rest_route=%2Fwp%2Fv2%2Fcomments&post=495"}],"version-history":[{"count":4,"href":"https:\/\/spgoo.org\/index.php?rest_route=\/wp\/v2\/pages\/495\/revisions"}],"predecessor-version":[{"id":1857,"href":"https:\/\/spgoo.org\/index.php?rest_route=\/wp\/v2\/pages\/495\/revisions\/1857"}],"wp:attachment":[{"href":"https:\/\/spgoo.org\/index.php?rest_route=%2Fwp%2Fv2%2Fmedia&parent=495"}],"curies":[{"name":"wp","href":"https:\/\/api.w.org\/{rel}","templated":true}]}}