{"id":503,"date":"2024-06-17T10:31:54","date_gmt":"2024-06-17T08:31:54","guid":{"rendered":"https:\/\/spgoo.org\/?page_id=503"},"modified":"2024-06-18T08:25:54","modified_gmt":"2024-06-18T06:25:54","slug":"bdd-couchbase","status":"publish","type":"page","link":"https:\/\/spgoo.org\/?page_id=503","title":{"rendered":"BDD &#8211; Couchbase"},"content":{"rendered":"\n<h2 class=\"wp-block-heading\">Solution CouchBase : NoSQL<\/h2>\n\n\n\n<p>Langage : N1QL  Type : Document <\/p>\n\n\n\n<p>Cette solution de base de donn\u00e9es dans sa version communautaire a \u00e9t\u00e9 mont\u00e9e dans le cadre d&#8217;un prototypage du socle SILLL. Ce socle a pour vocation de conserver et de mettre \u00e0 disposition toutes les donn\u00e9es produites \u00e0 partir des plateformes d\u00e9velopp\u00e9es au sein du LLL. Les donn\u00e9es entrepos\u00e9es proviennent de la plateforme AlimCorp, DeepBdd, Orpal &#8230; .<\/p>\n","protected":false},"excerpt":{"rendered":"<p>Solution CouchBase : NoSQL Langage : N1QL Type : Document Cette solution de base de donn\u00e9es dans sa version communautaire a \u00e9t\u00e9 mont\u00e9e dans le cadre d&#8217;un prototypage du socle SILLL. Ce socle a pour vocation de conserver et de mettre \u00e0 disposition toutes les donn\u00e9es produites \u00e0 partir des plateformes d\u00e9velopp\u00e9es au sein du [&hellip;]<\/p>\n","protected":false},"author":1,"featured_media":0,"parent":0,"menu_order":0,"comment_status":"closed","ping_status":"closed","template":"","meta":{"footnotes":""},"class_list":["post-503","page","type-page","status-publish","hentry"],"_links":{"self":[{"href":"https:\/\/spgoo.org\/index.php?rest_route=\/wp\/v2\/pages\/503","targetHints":{"allow":["GET"]}}],"collection":[{"href":"https:\/\/spgoo.org\/index.php?rest_route=\/wp\/v2\/pages"}],"about":[{"href":"https:\/\/spgoo.org\/index.php?rest_route=\/wp\/v2\/types\/page"}],"author":[{"embeddable":true,"href":"https:\/\/spgoo.org\/index.php?rest_route=\/wp\/v2\/users\/1"}],"replies":[{"embeddable":true,"href":"https:\/\/spgoo.org\/index.php?rest_route=%2Fwp%2Fv2%2Fcomments&post=503"}],"version-history":[{"count":4,"href":"https:\/\/spgoo.org\/index.php?rest_route=\/wp\/v2\/pages\/503\/revisions"}],"predecessor-version":[{"id":607,"href":"https:\/\/spgoo.org\/index.php?rest_route=\/wp\/v2\/pages\/503\/revisions\/607"}],"wp:attachment":[{"href":"https:\/\/spgoo.org\/index.php?rest_route=%2Fwp%2Fv2%2Fmedia&parent=503"}],"curies":[{"name":"wp","href":"https:\/\/api.w.org\/{rel}","templated":true}]}}