{"id":5133,"date":"2025-02-07T10:11:42","date_gmt":"2025-02-07T09:11:42","guid":{"rendered":"https:\/\/spgoo.org\/?page_id=5133"},"modified":"2025-02-12T17:28:55","modified_gmt":"2025-02-12T16:28:55","slug":"liens-utiles","status":"publish","type":"page","link":"https:\/\/spgoo.org\/?page_id=5133","title":{"rendered":"Liens utiles"},"content":{"rendered":"\n<h2 class=\"wp-block-heading\">Liens utiles <\/h2>\n\n\n\n<p><a href=\"https:\/\/www.ouvrirlascience.fr\/accueil\/\" target=\"_blank\" rel=\"noreferrer noopener\">Sciences ouvertes<\/a> : SPGoo adh\u00e8re \u00e0 l&#8217;ensemble des recommandations issues de ce groupe de travail et partage les m\u00eames valeurs. <\/p>\n\n\n\n<p><a href=\"https:\/\/www.msh-vdl.fr\/reseaux-et-consortiums\/adcvl\/\">Atelier de la donn\u00e9e Centre-Val de Loire: <\/a> des guides et des recommandations sont disponibles directement sur le site de l&#8217;Atelier de la donn\u00e9e pour vous aider \u00e0 organiser et g\u00e9rer vos donn\u00e9es (DPM). Cette gestion de donn\u00e9es est \u00e0 prendre en compte au plus t\u00f4t dans vos projets de recherche afin de s\u00e9curiser et de pr\u00e9server cette &#8220;p\u00e9pites&#8221; pour votre propre usage et la partager dans un espace communautaire si elle s&#8217;y pr\u00eate.<\/p>\n\n\n\n<h2 class=\"wp-block-heading has-vivid-green-cyan-color has-text-color has-link-color has-medium-font-size wp-elements-f938932bf53dab6e7a939fe9d80f0264\">Ressources calculs : <\/h2>\n\n\n\n<p><a href=\"https:\/\/cascimodot.fr\/fr\">CaSciModOT<\/a> : dans le cadre des projets dans lesquels SPGoO intervient , des besoins en calcul sur des ressources mutualis\u00e9es sont r\u00e9guliers. Un travail se simplification de l&#8217;interaction sur ces ressources est en cours d&#8217;exploration en collaboration avec CaSciModoT.<\/p>\n\n\n\n<h2 class=\"wp-block-heading has-vivid-green-cyan-color has-text-color has-link-color has-medium-font-size wp-elements-88162f1df0826059be1012dee139f599\">R\u00e9seaux m\u00e9tier info :<\/h2>\n\n\n\n<ul class=\"wp-block-list\">\n<li>DevLog : r\u00e9seau de m\u00e9tier autour de d\u00e9veloppement logiciel et de son eco-syst\u00e9me.<\/li>\n\n\n\n<li>RBdd :r\u00e9seau m\u00e9tier autour des syst\u00e8mes de gestion de base de donn\u00e9es.<\/li>\n\n\n\n<li>Calcul : r\u00e9seau m\u00e9tier autour des probl\u00e9matiques calculs : HPC (CPU, GPU) clusters et massivement parall\u00e8le.<\/li>\n<\/ul>\n\n\n\n<h2 class=\"wp-block-heading has-vivid-green-cyan-color has-text-color has-link-color has-medium-font-size wp-elements-e4416e0ccb6a95bcd6e361e6af0738d1\">R\u00e9seaux m\u00e9tier Ch\u00e9moInformatique:<\/h2>\n\n\n\n<ul class=\"wp-block-list\">\n<li><a href=\"https:\/\/x.com\/i\/flow\/login?redirect_after_login=%2Fsfci_fr\">SFCi<\/a> &#8211; Soci\u00e9t\u00e9 Fran\u00e7aise de Ch\u00e9moInformatique<\/li>\n\n\n\n<li><a href=\"https:\/\/ggmmfr.wordpress.com\/\">GGMM<\/a>:  Groupe de Graphisme et Mod\u00e9lisation Mol\u00e9culaire<\/li>\n\n\n\n<li><a href=\"https:\/\/ngdc.cncb.ac.cn\/databasecommons\/\">Database_Commons<\/a>: Catalogue mondial des bases de donn\u00e9es en biologie.<\/li>\n<\/ul>\n","protected":false},"excerpt":{"rendered":"<p>Liens utiles Sciences ouvertes : SPGoo adh\u00e8re \u00e0 l&#8217;ensemble des recommandations issues de ce groupe de travail et partage les m\u00eames valeurs. Atelier de la donn\u00e9e Centre-Val de Loire: des guides et des recommandations sont disponibles directement sur le site de l&#8217;Atelier de la donn\u00e9e pour vous aider \u00e0 organiser et g\u00e9rer vos donn\u00e9es (DPM). [&hellip;]<\/p>\n","protected":false},"author":1,"featured_media":0,"parent":0,"menu_order":0,"comment_status":"closed","ping_status":"closed","template":"","meta":{"footnotes":""},"class_list":["post-5133","page","type-page","status-publish","hentry"],"_links":{"self":[{"href":"https:\/\/spgoo.org\/index.php?rest_route=\/wp\/v2\/pages\/5133","targetHints":{"allow":["GET"]}}],"collection":[{"href":"https:\/\/spgoo.org\/index.php?rest_route=\/wp\/v2\/pages"}],"about":[{"href":"https:\/\/spgoo.org\/index.php?rest_route=\/wp\/v2\/types\/page"}],"author":[{"embeddable":true,"href":"https:\/\/spgoo.org\/index.php?rest_route=\/wp\/v2\/users\/1"}],"replies":[{"embeddable":true,"href":"https:\/\/spgoo.org\/index.php?rest_route=%2Fwp%2Fv2%2Fcomments&post=5133"}],"version-history":[{"count":14,"href":"https:\/\/spgoo.org\/index.php?rest_route=\/wp\/v2\/pages\/5133\/revisions"}],"predecessor-version":[{"id":5251,"href":"https:\/\/spgoo.org\/index.php?rest_route=\/wp\/v2\/pages\/5133\/revisions\/5251"}],"wp:attachment":[{"href":"https:\/\/spgoo.org\/index.php?rest_route=%2Fwp%2Fv2%2Fmedia&parent=5133"}],"curies":[{"name":"wp","href":"https:\/\/api.w.org\/{rel}","templated":true}]}}