{"id":5216,"date":"2025-02-12T15:46:36","date_gmt":"2025-02-12T14:46:36","guid":{"rendered":"https:\/\/spgoo.org\/?page_id=5216"},"modified":"2025-06-04T15:57:38","modified_gmt":"2025-06-04T13:57:38","slug":"cda-repho-ia","status":"publish","type":"page","link":"https:\/\/spgoo.org\/?page_id=5216","title":{"rendered":"CDA RePho-IA"},"content":{"rendered":"\n<h2 class=\"wp-block-heading\">CDA RePhon-IA : resp Badreddine Hamma<\/h2>\n\n\n\n<p class=\"has-text-align-center has-vivid-green-cyan-color has-text-color has-link-color has-medium-font-size wp-elements-24e8b8ed5c015c23cf06ae2192431a0f\">Ressources : Yvan Stroppa (D\u00e9c 2024 &#8211; )<\/p>\n\n\n<img decoding=\"async\" style=\"position:absolute;top:-10px;right:20px;\"  src=\"\/wp-content\/uploads\/2025\/03\/rephonia_1.png\" width=\"200px\"  \/>\n\n\n<p>Projet de constitution d&#8217;un avatar conversationnel en rem\u00e9diation phon\u00e9tique.<\/p>\n\n\n\n<p><strong>Objectifs du projet<\/strong> : construire un avatar conversationnel adapt\u00e9 \u00e0 la rem\u00e9diation phon\u00e9tique \u00e0 destination du public. <br>L&#8217;id\u00e9e est d&#8217;apporter \u00e0 chacun la possibilit\u00e9 d&#8217;am\u00e9liorer sa pratique du fran\u00e7ais \u00e0 sa vitesse et \u00e0 son rythme.<\/p>\n\n\n\n<p class=\"has-pale-cyan-blue-color has-text-color has-link-color has-medium-font-size wp-elements-b08479d2159f424b2011cd9d53c85601\">Comment proc\u00e9der pour cette construction : <\/p>\n\n\n\n<p>Deux axes vont \u00eatre suivi \u00e0 ce niveau : <\/p>\n\n\n\n<p><strong>Axe \u00e9nonc\u00e9s :<\/strong><\/p>\n\n\n\n<p>Ce principe de ces \u00e9nonc\u00e9s a \u00e9t\u00e9 sugg\u00e9r\u00e9 Magali Bourreux en Juin 2023. Il consiste \u00e0 produire des \u00e9nonc\u00e9s tr\u00e8s sp\u00e9cifiques   pour mettre le locuteur dans un contexte de r\u00e9p\u00e9tition uniquement et ainsi  enlever toute d\u00e9marche de construction de phrase qui viendra dans un deuxi\u00e8me temps. Cette premi\u00e8re production d&#8217;enregistrement doit nous amener \u00e0 des choses tr\u00e8s pr\u00e9cises  afin d&#8217;analyser les erreurs commises par le locuteur. <\/p>\n\n\n\n<p><\/p>\n\n\n\n<p><strong>Axe enregistrements :<\/strong><\/p>\n\n\n\n<p>Le principe de collecte de ces enregistrements est effectu\u00e9 en parti par les \u00e9tudiants de Master avec le choix d&#8217;un locuteur de pays d&#8217;origine diff\u00e9rent de la France. L&#8217;entretien est conduit par l&#8217;\u00e9tudiant et dure environ 15 \u00e0 20 minutes. Au cours de cet entretien, l&#8217;\u00e9tudiant poss\u00e8de un guide avec des questions orient\u00e9es pour avoir les diff\u00e9rentes informations qui permettront de caract\u00e9riser le locuteur ( langues parl\u00e9es, s\u00e9jours prolong\u00e9s &#8230;.) et proc\u00e8de principalement par r\u00e9action aux informations fournies par le locuteur pour engager l&#8217;\u00e9change et cr\u00e9er un contexte des plus serein et apais\u00e9. <\/p>\n\n\n\n<p class=\"has-pale-cyan-blue-color has-text-color has-link-color has-medium-font-size wp-elements-c78cab463521dcda6480f21b9be6b280\">Interface Web d&#8217;alimentation des \u00e9nonc\u00e9s : <\/p>\n\n\n\n<hr class=\"wp-block-separator has-text-color has-vivid-red-color has-alpha-channel-opacity has-vivid-red-background-color has-background is-style-wide\"\/>\n\n\n\n<p class=\"has-vivid-green-cyan-color has-text-color has-link-color has-medium-font-size wp-elements-834178fb215fd1b3a17dee5e80db9a1b\">Premi\u00e8re partie : d\u00e9finition des \u00e9nonc\u00e9s <\/p>\n\n\n<div class=\"wp-block-image\">\n<figure class=\"aligncenter size-full\"><img loading=\"lazy\" decoding=\"async\" width=\"234\" height=\"204\" src=\"https:\/\/spgoo.org\/wp-content\/uploads\/2025\/03\/rephonia_enonce.png\" alt=\"\" class=\"wp-image-5852\"\/><\/figure>\n<\/div>\n\n\n<p>Cette partie permet aux utilisateurs autoris\u00e9s de saisir et de modifier des \u00e9nonc\u00e9s dans un contexte de r\u00e9p\u00e9tition.  Le contenu de chaque \u00e9nonc\u00e9 doit \u00eatre fix\u00e9 par des objectifs, caract\u00e9ris\u00e9, avec un niveau de  difficult\u00e9 et des cibles potentielles de locuteur. l&#8217;\u00e9nonc\u00e9 appartient \u00e0 l&#8217;utilisateur qu&#8217;il l&#8217;a con\u00e7u et peut-\u00eatre partag\u00e9 aux autres utilisateurs. Chaque \u00e9nonc\u00e9 est accompagn\u00e9 \u00e9galement d&#8217;enregistrement sonores avec des caract\u00e9ristiques diff\u00e9rents (Sexe, \u00e2ge, vitesse de prononciation).<\/p>\n\n\n\n<div class=\"wp-block-columns is-layout-flex wp-container-core-columns-is-layout-9d6595d7 wp-block-columns-is-layout-flex\">\n<div class=\"wp-block-column is-layout-flow wp-block-column-is-layout-flow\" style=\"flex-basis:30%\">\n<figure class=\"wp-block-image size-full is-resized\"><img loading=\"lazy\" decoding=\"async\" width=\"245\" height=\"464\" src=\"https:\/\/spgoo.org\/wp-content\/uploads\/2025\/03\/enonces_1.png\" alt=\"\" class=\"wp-image-5849\" style=\"width:200px\" srcset=\"https:\/\/spgoo.org\/wp-content\/uploads\/2025\/03\/enonces_1.png 245w, https:\/\/spgoo.org\/wp-content\/uploads\/2025\/03\/enonces_1-158x300.png 158w\" sizes=\"auto, (max-width: 245px) 100vw, 245px\" \/><\/figure>\n<\/div>\n\n\n\n<div class=\"wp-block-column is-layout-flow wp-block-column-is-layout-flow\" style=\"flex-basis:70%\">\n<figure class=\"wp-block-image size-full\"><img loading=\"lazy\" decoding=\"async\" width=\"796\" height=\"791\" src=\"https:\/\/spgoo.org\/wp-content\/uploads\/2025\/03\/enonces_2.png\" alt=\"\" class=\"wp-image-5848\" srcset=\"https:\/\/spgoo.org\/wp-content\/uploads\/2025\/03\/enonces_2.png 796w, https:\/\/spgoo.org\/wp-content\/uploads\/2025\/03\/enonces_2-300x298.png 300w, https:\/\/spgoo.org\/wp-content\/uploads\/2025\/03\/enonces_2-150x150.png 150w, https:\/\/spgoo.org\/wp-content\/uploads\/2025\/03\/enonces_2-768x763.png 768w\" sizes=\"auto, (max-width: 796px) 100vw, 796px\" \/><\/figure>\n<\/div>\n<\/div>\n\n\n\n<p>Partie compl\u00e9mentaire d&#8217;alimentation des enregistrements sonores par les utilisateurs autoris\u00e9s.<\/p>\n\n\n\n<div class=\"wp-block-columns is-layout-flex wp-container-core-columns-is-layout-9d6595d7 wp-block-columns-is-layout-flex\">\n<div class=\"wp-block-column is-layout-flow wp-block-column-is-layout-flow\">\n<figure class=\"wp-block-image size-full\"><img loading=\"lazy\" decoding=\"async\" width=\"799\" height=\"253\" src=\"https:\/\/spgoo.org\/wp-content\/uploads\/2025\/03\/enonces_3.png\" alt=\"\" class=\"wp-image-5847\" srcset=\"https:\/\/spgoo.org\/wp-content\/uploads\/2025\/03\/enonces_3.png 799w, https:\/\/spgoo.org\/wp-content\/uploads\/2025\/03\/enonces_3-300x95.png 300w, https:\/\/spgoo.org\/wp-content\/uploads\/2025\/03\/enonces_3-768x243.png 768w\" sizes=\"auto, (max-width: 799px) 100vw, 799px\" \/><\/figure>\n<\/div>\n\n\n\n<div class=\"wp-block-column is-layout-flow wp-block-column-is-layout-flow\">\n<figure class=\"wp-block-image size-full\"><img loading=\"lazy\" decoding=\"async\" width=\"801\" height=\"330\" src=\"https:\/\/spgoo.org\/wp-content\/uploads\/2025\/03\/enonces_4.png\" alt=\"\" class=\"wp-image-5846\" srcset=\"https:\/\/spgoo.org\/wp-content\/uploads\/2025\/03\/enonces_4.png 801w, https:\/\/spgoo.org\/wp-content\/uploads\/2025\/03\/enonces_4-300x124.png 300w, https:\/\/spgoo.org\/wp-content\/uploads\/2025\/03\/enonces_4-768x316.png 768w\" sizes=\"auto, (max-width: 801px) 100vw, 801px\" \/><\/figure>\n<\/div>\n<\/div>\n\n\n\n<p>Description technique utilis\u00e9e pour cette partie : A FAIRE <\/p>\n\n\n\n<p class=\"has-vivid-green-cyan-color has-text-color has-link-color has-medium-font-size wp-elements-a1e96ac3cf4116dbaae991b5781a372b\">Partie sc\u00e9nario  : <\/p>\n\n\n<div class=\"wp-block-image\">\n<figure class=\"aligncenter size-full\"><img loading=\"lazy\" decoding=\"async\" width=\"238\" height=\"180\" src=\"https:\/\/spgoo.org\/wp-content\/uploads\/2025\/03\/rephonia_scenario.png\" alt=\"\" class=\"wp-image-5851\"\/><\/figure>\n<\/div>\n\n\n<p>Cette partie a pour objectif d&#8217;organiser les s\u00e9ances de r\u00e9p\u00e9tition  en constituant des sc\u00e9narios. Un sc\u00e9nario est un d\u00e9roulement d&#8217;\u00e9nonc\u00e9s dans un temps d\u00e9fini. Dans cette composition l&#8217;utilisateur peut  choisir parmi la liste des \u00e9nonc\u00e9s et s\u00e9lectionner les enregistrements sonores associ\u00e9s. Une fois le sc\u00e9nario d\u00e9fini, il est mis \u00e0 la disposition des locuteurs. <\/p>\n\n\n<div class=\"wp-block-image\">\n<figure class=\"aligncenter size-large\"><img loading=\"lazy\" decoding=\"async\" width=\"1024\" height=\"545\" src=\"https:\/\/spgoo.org\/wp-content\/uploads\/2025\/03\/compo_1-1024x545.png\" alt=\"\" class=\"wp-image-5867\" srcset=\"https:\/\/spgoo.org\/wp-content\/uploads\/2025\/03\/compo_1-1024x545.png 1024w, https:\/\/spgoo.org\/wp-content\/uploads\/2025\/03\/compo_1-300x160.png 300w, https:\/\/spgoo.org\/wp-content\/uploads\/2025\/03\/compo_1-768x409.png 768w, https:\/\/spgoo.org\/wp-content\/uploads\/2025\/03\/compo_1.png 1178w\" sizes=\"auto, (max-width: 1024px) 100vw, 1024px\" \/><\/figure>\n<\/div>\n\n<div class=\"wp-block-image\">\n<figure class=\"aligncenter size-large\"><img loading=\"lazy\" decoding=\"async\" width=\"1024\" height=\"212\" src=\"https:\/\/spgoo.org\/wp-content\/uploads\/2025\/03\/compo_2-1024x212.png\" alt=\"\" class=\"wp-image-5866\" srcset=\"https:\/\/spgoo.org\/wp-content\/uploads\/2025\/03\/compo_2-1024x212.png 1024w, https:\/\/spgoo.org\/wp-content\/uploads\/2025\/03\/compo_2-300x62.png 300w, https:\/\/spgoo.org\/wp-content\/uploads\/2025\/03\/compo_2-768x159.png 768w, https:\/\/spgoo.org\/wp-content\/uploads\/2025\/03\/compo_2.png 1176w\" sizes=\"auto, (max-width: 1024px) 100vw, 1024px\" \/><\/figure>\n<\/div>\n\n\n<p>D\u00e9tail de la partie technique \u00e0 ce niveau : <\/p>\n\n\n\n<p class=\"has-vivid-green-cyan-color has-text-color has-link-color has-medium-font-size wp-elements-7d47bdd742ee7d4d98eef29ee44f0ea3\">Partie Exploitation des r\u00e9sultats : <\/p>\n\n\n<div class=\"wp-block-image\">\n<figure class=\"aligncenter size-full\"><img loading=\"lazy\" decoding=\"async\" width=\"237\" height=\"199\" src=\"https:\/\/spgoo.org\/wp-content\/uploads\/2025\/03\/rephonia_exploiresultats.png\" alt=\"\" class=\"wp-image-5850\"\/><\/figure>\n<\/div>\n\n\n<p>Cette partie est d\u00e9di\u00e9e pour les utilisateurs Linguistes. Elle est d\u00e9di\u00e9e dans l&#8217;exploration et l&#8217;interpr\u00e9tation des erreurs commises par les locuteurs allophones et permet de poser des diagnostics et de commencer \u00e0 d\u00e9finir quelles sont les rem\u00e9diations possibles. <\/p>\n\n\n\n<figure class=\"wp-block-image size-large\"><img loading=\"lazy\" decoding=\"async\" width=\"1024\" height=\"443\" src=\"https:\/\/spgoo.org\/wp-content\/uploads\/2025\/03\/diag_1-1024x443.png\" alt=\"\" class=\"wp-image-5876\" srcset=\"https:\/\/spgoo.org\/wp-content\/uploads\/2025\/03\/diag_1-1024x443.png 1024w, https:\/\/spgoo.org\/wp-content\/uploads\/2025\/03\/diag_1-300x130.png 300w, https:\/\/spgoo.org\/wp-content\/uploads\/2025\/03\/diag_1-768x332.png 768w, https:\/\/spgoo.org\/wp-content\/uploads\/2025\/03\/diag_1.png 1167w\" sizes=\"auto, (max-width: 1024px) 100vw, 1024px\" \/><\/figure>\n\n\n\n<figure class=\"wp-block-image size-large\"><img loading=\"lazy\" decoding=\"async\" width=\"1024\" height=\"250\" src=\"https:\/\/spgoo.org\/wp-content\/uploads\/2025\/03\/diag_2-1024x250.png\" alt=\"\" class=\"wp-image-5875\" srcset=\"https:\/\/spgoo.org\/wp-content\/uploads\/2025\/03\/diag_2-1024x250.png 1024w, https:\/\/spgoo.org\/wp-content\/uploads\/2025\/03\/diag_2-300x73.png 300w, https:\/\/spgoo.org\/wp-content\/uploads\/2025\/03\/diag_2-768x188.png 768w, https:\/\/spgoo.org\/wp-content\/uploads\/2025\/03\/diag_2.png 1146w\" sizes=\"auto, (max-width: 1024px) 100vw, 1024px\" \/><\/figure>\n\n\n\n<figure class=\"wp-block-image size-large\"><img loading=\"lazy\" decoding=\"async\" width=\"1024\" height=\"229\" src=\"https:\/\/spgoo.org\/wp-content\/uploads\/2025\/03\/diag_3-1024x229.png\" alt=\"\" class=\"wp-image-5874\" srcset=\"https:\/\/spgoo.org\/wp-content\/uploads\/2025\/03\/diag_3-1024x229.png 1024w, https:\/\/spgoo.org\/wp-content\/uploads\/2025\/03\/diag_3-300x67.png 300w, https:\/\/spgoo.org\/wp-content\/uploads\/2025\/03\/diag_3-768x172.png 768w, https:\/\/spgoo.org\/wp-content\/uploads\/2025\/03\/diag_3.png 1332w\" sizes=\"auto, (max-width: 1024px) 100vw, 1024px\" \/><\/figure>\n\n\n\n<figure class=\"wp-block-image size-large\"><img loading=\"lazy\" decoding=\"async\" width=\"1024\" height=\"625\" src=\"https:\/\/spgoo.org\/wp-content\/uploads\/2025\/03\/diag_4-1024x625.png\" alt=\"\" class=\"wp-image-5873\" srcset=\"https:\/\/spgoo.org\/wp-content\/uploads\/2025\/03\/diag_4-1024x625.png 1024w, https:\/\/spgoo.org\/wp-content\/uploads\/2025\/03\/diag_4-300x183.png 300w, https:\/\/spgoo.org\/wp-content\/uploads\/2025\/03\/diag_4-768x468.png 768w, https:\/\/spgoo.org\/wp-content\/uploads\/2025\/03\/diag_4.png 1146w\" sizes=\"auto, (max-width: 1024px) 100vw, 1024px\" \/><\/figure>\n\n\n\n<p class=\"has-vivid-green-cyan-color has-text-color has-link-color has-medium-font-size wp-elements-2282c9563bcf1eb72b81e96e327d201f\">Partie Locuteur : <\/p>\n\n\n\n<p><\/p>\n","protected":false},"excerpt":{"rendered":"<p>CDA RePhon-IA : resp Badreddine Hamma Ressources : Yvan Stroppa (D\u00e9c 2024 &#8211; ) Projet de constitution d&#8217;un avatar conversationnel en rem\u00e9diation phon\u00e9tique. Objectifs du projet : construire un avatar conversationnel adapt\u00e9 \u00e0 la rem\u00e9diation phon\u00e9tique \u00e0 destination du public. L&#8217;id\u00e9e est d&#8217;apporter \u00e0 chacun la possibilit\u00e9 d&#8217;am\u00e9liorer sa pratique du fran\u00e7ais \u00e0 sa vitesse [&hellip;]<\/p>\n","protected":false},"author":1,"featured_media":0,"parent":0,"menu_order":0,"comment_status":"closed","ping_status":"closed","template":"","meta":{"footnotes":""},"class_list":["post-5216","page","type-page","status-publish","hentry"],"_links":{"self":[{"href":"https:\/\/spgoo.org\/index.php?rest_route=\/wp\/v2\/pages\/5216","targetHints":{"allow":["GET"]}}],"collection":[{"href":"https:\/\/spgoo.org\/index.php?rest_route=\/wp\/v2\/pages"}],"about":[{"href":"https:\/\/spgoo.org\/index.php?rest_route=\/wp\/v2\/types\/page"}],"author":[{"embeddable":true,"href":"https:\/\/spgoo.org\/index.php?rest_route=\/wp\/v2\/users\/1"}],"replies":[{"embeddable":true,"href":"https:\/\/spgoo.org\/index.php?rest_route=%2Fwp%2Fv2%2Fcomments&post=5216"}],"version-history":[{"count":30,"href":"https:\/\/spgoo.org\/index.php?rest_route=\/wp\/v2\/pages\/5216\/revisions"}],"predecessor-version":[{"id":7041,"href":"https:\/\/spgoo.org\/index.php?rest_route=\/wp\/v2\/pages\/5216\/revisions\/7041"}],"wp:attachment":[{"href":"https:\/\/spgoo.org\/index.php?rest_route=%2Fwp%2Fv2%2Fmedia&parent=5216"}],"curies":[{"name":"wp","href":"https:\/\/api.w.org\/{rel}","templated":true}]}}