{"id":5540,"date":"2025-02-26T12:36:30","date_gmt":"2025-02-26T11:36:30","guid":{"rendered":"https:\/\/spgoo.org\/?page_id=5540"},"modified":"2025-02-26T16:14:07","modified_gmt":"2025-02-26T15:14:07","slug":"echarts","status":"publish","type":"page","link":"https:\/\/spgoo.org\/?page_id=5540","title":{"rendered":"ECharts"},"content":{"rendered":"\n<h2 class=\"wp-block-heading\"><a href=\"https:\/\/echarts.apache.org\/en\/index.html\">ECharts <\/a><\/h2>\n\n\n\n<p>Retour d&#8217;exp\u00e9rience dans la pratique de Echarts dans le contexte des plateformes. <\/p>\n\n\n\n<p>Repr\u00e9sentation simple de type scatter <\/p>\n\n\n<div class=\"wp-block-image\">\n<figure class=\"aligncenter size-large\"><img loading=\"lazy\" decoding=\"async\" width=\"1024\" height=\"673\" src=\"https:\/\/spgoo.org\/wp-content\/uploads\/2025\/02\/Capture-du-2025-02-26-16-11-30-1024x673.png\" alt=\"\" class=\"wp-image-5603\" srcset=\"https:\/\/spgoo.org\/wp-content\/uploads\/2025\/02\/Capture-du-2025-02-26-16-11-30-1024x673.png 1024w, https:\/\/spgoo.org\/wp-content\/uploads\/2025\/02\/Capture-du-2025-02-26-16-11-30-300x197.png 300w, https:\/\/spgoo.org\/wp-content\/uploads\/2025\/02\/Capture-du-2025-02-26-16-11-30-768x505.png 768w, https:\/\/spgoo.org\/wp-content\/uploads\/2025\/02\/Capture-du-2025-02-26-16-11-30.png 1073w\" sizes=\"auto, (max-width: 1024px) 100vw, 1024px\" \/><\/figure>\n<\/div>\n\n\n<p>Repr\u00e9sentation plus complexe de type scatter avec l&#8217;option grid. <\/p>\n\n\n<div class=\"wp-block-image\">\n<figure class=\"aligncenter size-large\"><img loading=\"lazy\" decoding=\"async\" width=\"1024\" height=\"763\" src=\"https:\/\/spgoo.org\/wp-content\/uploads\/2025\/02\/Capture-du-2025-02-26-16-12-06-1024x763.png\" alt=\"\" class=\"wp-image-5602\" srcset=\"https:\/\/spgoo.org\/wp-content\/uploads\/2025\/02\/Capture-du-2025-02-26-16-12-06-1024x763.png 1024w, https:\/\/spgoo.org\/wp-content\/uploads\/2025\/02\/Capture-du-2025-02-26-16-12-06-300x223.png 300w, https:\/\/spgoo.org\/wp-content\/uploads\/2025\/02\/Capture-du-2025-02-26-16-12-06-768x572.png 768w, https:\/\/spgoo.org\/wp-content\/uploads\/2025\/02\/Capture-du-2025-02-26-16-12-06.png 1073w\" sizes=\"auto, (max-width: 1024px) 100vw, 1024px\" \/><\/figure>\n<\/div>\n\n\n<p>Repr\u00e9sentation de type graph <\/p>\n\n\n<div class=\"wp-block-image\">\n<figure class=\"aligncenter size-large\"><img loading=\"lazy\" decoding=\"async\" width=\"1024\" height=\"765\" src=\"https:\/\/spgoo.org\/wp-content\/uploads\/2025\/02\/Capture-du-2025-02-26-16-12-49-1024x765.png\" alt=\"\" class=\"wp-image-5600\" srcset=\"https:\/\/spgoo.org\/wp-content\/uploads\/2025\/02\/Capture-du-2025-02-26-16-12-49-1024x765.png 1024w, https:\/\/spgoo.org\/wp-content\/uploads\/2025\/02\/Capture-du-2025-02-26-16-12-49-300x224.png 300w, https:\/\/spgoo.org\/wp-content\/uploads\/2025\/02\/Capture-du-2025-02-26-16-12-49-768x574.png 768w, https:\/\/spgoo.org\/wp-content\/uploads\/2025\/02\/Capture-du-2025-02-26-16-12-49.png 1069w\" sizes=\"auto, (max-width: 1024px) 100vw, 1024px\" \/><\/figure>\n<\/div>","protected":false},"excerpt":{"rendered":"<p>ECharts Retour d&#8217;exp\u00e9rience dans la pratique de Echarts dans le contexte des plateformes. Repr\u00e9sentation simple de type scatter Repr\u00e9sentation plus complexe de type scatter avec l&#8217;option grid. Repr\u00e9sentation de type graph<\/p>\n","protected":false},"author":1,"featured_media":0,"parent":0,"menu_order":0,"comment_status":"closed","ping_status":"closed","template":"","meta":{"footnotes":""},"class_list":["post-5540","page","type-page","status-publish","hentry"],"_links":{"self":[{"href":"https:\/\/spgoo.org\/index.php?rest_route=\/wp\/v2\/pages\/5540","targetHints":{"allow":["GET"]}}],"collection":[{"href":"https:\/\/spgoo.org\/index.php?rest_route=\/wp\/v2\/pages"}],"about":[{"href":"https:\/\/spgoo.org\/index.php?rest_route=\/wp\/v2\/types\/page"}],"author":[{"embeddable":true,"href":"https:\/\/spgoo.org\/index.php?rest_route=\/wp\/v2\/users\/1"}],"replies":[{"embeddable":true,"href":"https:\/\/spgoo.org\/index.php?rest_route=%2Fwp%2Fv2%2Fcomments&post=5540"}],"version-history":[{"count":5,"href":"https:\/\/spgoo.org\/index.php?rest_route=\/wp\/v2\/pages\/5540\/revisions"}],"predecessor-version":[{"id":5604,"href":"https:\/\/spgoo.org\/index.php?rest_route=\/wp\/v2\/pages\/5540\/revisions\/5604"}],"wp:attachment":[{"href":"https:\/\/spgoo.org\/index.php?rest_route=%2Fwp%2Fv2%2Fmedia&parent=5540"}],"curies":[{"name":"wp","href":"https:\/\/api.w.org\/{rel}","templated":true}]}}