{"id":5726,"date":"2025-03-02T17:42:52","date_gmt":"2025-03-02T16:42:52","guid":{"rendered":"https:\/\/spgoo.org\/?page_id=5726"},"modified":"2025-03-02T17:53:31","modified_gmt":"2025-03-02T16:53:31","slug":"jsxgraph-pour-la-chimie","status":"publish","type":"page","link":"https:\/\/spgoo.org\/?page_id=5726","title":{"rendered":"JSXGraph pour la Chimie"},"content":{"rendered":"\n<h2 class=\"wp-block-heading\">JSXGraph pour la Chimie<\/h2>\n\n\n\n<p>Des impl\u00e9mentations \u00e0 l&#8217;aide de JSXGraph ont permis de d\u00e9velopper des compl\u00e9ments visuels adapt\u00e9s aux besoins de la plateforme Emolgine. Deux r\u00e9alisations ont \u00e9t\u00e9 effectu\u00e9es une pour l&#8217;affichage des mol\u00e9cules \u00e0 partir de leur description contenu dans un fichier sdf et un l&#8217;affichage d&#8217;une repr\u00e9sentation sous forme de graphe de type radar des param\u00e8tres associ\u00e9s \u00e0 une mol\u00e9cule.<\/p>\n\n\n\n<p>Ces approches nous ont permis de nous soustraire \u00e0 des librairies plus g\u00e9n\u00e9ralistes du domaine telles que JSMOL ou rdkit.js et de garder la ma\u00eetrise compl\u00e8te des diff\u00e9rentes repr\u00e9sentations pour les adapter \u00e0 nos besoins.  Le temps de r\u00e9alisation de ces d\u00e9veloppements a \u00e9t\u00e9 r\u00e9duit gr\u00e2ce aux fonctionnalit\u00e9s offertes par JSXGraph et la collaboration avec les concepteurs de la librairie.<\/p>\n\n\n\n<div class=\"wp-block-columns is-layout-flex wp-container-core-columns-is-layout-9d6595d7 wp-block-columns-is-layout-flex\">\n<div class=\"wp-block-column is-layout-flow wp-block-column-is-layout-flow\"><div class=\"wp-block-image\">\n<figure class=\"aligncenter size-full is-resized\"><img loading=\"lazy\" decoding=\"async\" width=\"233\" height=\"272\" src=\"https:\/\/spgoo.org\/wp-content\/uploads\/2025\/03\/Capture-du-2025-03-02-17-47-07.png\" alt=\"\" class=\"wp-image-5731\" style=\"width:260px\"\/><figcaption class=\"wp-element-caption\">Mol\u00e9cule <\/figcaption><\/figure>\n<\/div><\/div>\n\n\n\n<div class=\"wp-block-column is-layout-flow wp-block-column-is-layout-flow\"><div class=\"wp-block-image\">\n<figure class=\"aligncenter size-full is-resized\"><img loading=\"lazy\" decoding=\"async\" width=\"401\" height=\"401\" src=\"https:\/\/spgoo.org\/wp-content\/uploads\/2025\/03\/Capture-du-2025-03-02-17-46-23.png\" alt=\"\" class=\"wp-image-5730\" style=\"width:300px\" srcset=\"https:\/\/spgoo.org\/wp-content\/uploads\/2025\/03\/Capture-du-2025-03-02-17-46-23.png 401w, https:\/\/spgoo.org\/wp-content\/uploads\/2025\/03\/Capture-du-2025-03-02-17-46-23-300x300.png 300w, https:\/\/spgoo.org\/wp-content\/uploads\/2025\/03\/Capture-du-2025-03-02-17-46-23-150x150.png 150w\" sizes=\"auto, (max-width: 401px) 100vw, 401px\" \/><figcaption class=\"wp-element-caption\">Graphe de type Radar<\/figcaption><\/figure>\n<\/div><\/div>\n<\/div>\n","protected":false},"excerpt":{"rendered":"<p>JSXGraph pour la Chimie Des impl\u00e9mentations \u00e0 l&#8217;aide de JSXGraph ont permis de d\u00e9velopper des compl\u00e9ments visuels adapt\u00e9s aux besoins de la plateforme Emolgine. Deux r\u00e9alisations ont \u00e9t\u00e9 effectu\u00e9es une pour l&#8217;affichage des mol\u00e9cules \u00e0 partir de leur description contenu dans un fichier sdf et un l&#8217;affichage d&#8217;une repr\u00e9sentation sous forme de graphe de type [&hellip;]<\/p>\n","protected":false},"author":1,"featured_media":0,"parent":0,"menu_order":0,"comment_status":"closed","ping_status":"closed","template":"","meta":{"footnotes":""},"class_list":["post-5726","page","type-page","status-publish","hentry"],"_links":{"self":[{"href":"https:\/\/spgoo.org\/index.php?rest_route=\/wp\/v2\/pages\/5726","targetHints":{"allow":["GET"]}}],"collection":[{"href":"https:\/\/spgoo.org\/index.php?rest_route=\/wp\/v2\/pages"}],"about":[{"href":"https:\/\/spgoo.org\/index.php?rest_route=\/wp\/v2\/types\/page"}],"author":[{"embeddable":true,"href":"https:\/\/spgoo.org\/index.php?rest_route=\/wp\/v2\/users\/1"}],"replies":[{"embeddable":true,"href":"https:\/\/spgoo.org\/index.php?rest_route=%2Fwp%2Fv2%2Fcomments&post=5726"}],"version-history":[{"count":17,"href":"https:\/\/spgoo.org\/index.php?rest_route=\/wp\/v2\/pages\/5726\/revisions"}],"predecessor-version":[{"id":5747,"href":"https:\/\/spgoo.org\/index.php?rest_route=\/wp\/v2\/pages\/5726\/revisions\/5747"}],"wp:attachment":[{"href":"https:\/\/spgoo.org\/index.php?rest_route=%2Fwp%2Fv2%2Fmedia&parent=5726"}],"curies":[{"name":"wp","href":"https:\/\/api.w.org\/{rel}","templated":true}]}}