{"id":5885,"date":"2025-03-20T10:30:33","date_gmt":"2025-03-20T09:30:33","guid":{"rendered":"https:\/\/spgoo.org\/?page_id=5885"},"modified":"2025-03-24T10:48:33","modified_gmt":"2025-03-24T09:48:33","slug":"propositions-de-projet-de-fin-detudes","status":"publish","type":"page","link":"https:\/\/spgoo.org\/?page_id=5885","title":{"rendered":"Propositions de projet de Fin d&#8217;\u00e9tudes"},"content":{"rendered":"\n<h2 class=\"wp-block-heading\">Propositions de projet de Fin d&#8217;\u00e9tudes<\/h2>\n\n\n\n<p class=\"has-text-align-center has-pale-cyan-blue-color has-text-color has-link-color has-medium-font-size wp-elements-912a70a2e451d1847f7b30044fba6884\">PFE 1 : <\/p>\n\n\n\n<p><strong>Contact<\/strong> : SPGoO Orl\u00e9ans &#8211; YS<\/p>\n\n\n\n<p><strong>Titre<\/strong> : Avatar Conversationnel<\/p>\n\n\n\n<p><strong>Contexte<\/strong> : linguistique, m\u00e9thode verbo-tonale. Apprentissage de la langue fran\u00e7aise.<\/p>\n\n\n\n<p><strong>Pr\u00e9-requis<\/strong> : connaissance dans UNREAL<\/p>\n\n\n\n<p><strong>Description<\/strong> : \u00e9laborer sous UNREAL un avatar conversationnel param\u00e9trable. L&#8217;objet doit \u00eatre modifiable en fonction de choix utilisateur: avatar de type masculin, f\u00e9minin et \u00e2g\u00e9 ou jeune. Il doit \u00eatre tr\u00e8s pr\u00e9cis au niveau du visage dans la formulation des sons. Il doit \u00eatre capable \u00e0 partir d&#8217;une liste de segments de mots, les r\u00e9p\u00e9ter de fa\u00e7on classique et avec des intonations tr\u00e8s sp\u00e9cifiques. La formulation des mots \u00e0 l&#8217;aide de la bouche doit \u00eatre pr\u00e9cise afin que l&#8217;utilisateur puisse calquer et essayer de r\u00e9p\u00e9ter les m\u00eames sons.<\/p>\n\n\n\n<p class=\"has-text-align-center has-pale-cyan-blue-color has-text-color has-link-color has-medium-font-size wp-elements-8898caf3f6874e466b4366cbf8298288\">PFE 2 : <\/p>\n\n\n\n<p><strong>Contact<\/strong> : SPGoO Orl\u00e9ans &#8211; YS<\/p>\n\n\n\n<p><strong>Titre<\/strong> : Commande vocale pour une application web.<\/p>\n\n\n\n<p><strong>Contexte<\/strong> : plateforme de g\u00e9n\u00e9ration et de traitement de mol\u00e9cules en Chimie et en biologie.<\/p>\n\n\n\n<p><strong>Pr\u00e9-requis<\/strong> : html, css, js, python, base de donn\u00e9es<\/p>\n\n\n\n<p><strong>Description<\/strong> : dans les plateformes que l&#8217;on d\u00e9veloppe au sein de nos institutions, nous souhaiterions offrir la possibilit\u00e9 \u00e0 nos utilisateurs d&#8217;interroger la plateforme en commande vocale dans leur langue (Fran\u00e7ais, Anglais &#8230;.). La commande doit \u00eatre traduite et interpr\u00e9ter par le syst\u00e8me pour fournir les r\u00e9sultats correspondants.<\/p>\n\n\n\n<p class=\"has-text-align-center has-pale-cyan-blue-color has-text-color has-link-color has-medium-font-size wp-elements-9ee71d8ee5a8c6d02509bf82b75857d5\">PFE 3 : <\/p>\n\n\n\n<p><br><strong>Contact<\/strong> : SPGoO Orl\u00e9ans &#8211; YS<\/p>\n\n\n\n<p><strong>Titre<\/strong> : M\u00e9thode d&#8217;affichage de donn\u00e9es volumineuses<\/p>\n\n\n\n<p><strong>Contexte<\/strong> : plateforme web d&#8217;exploration de donn\u00e9es <\/p>\n\n\n\n<p><strong>Pr\u00e9-requis<\/strong> : html, css, js <\/p>\n\n\n\n<p><strong>Description<\/strong> : sur les plateformes web que nous d\u00e9veloppions, nous sommes souvent confront\u00e9s \u00e0 des probl\u00e9matiques d&#8217;affichage de donn\u00e9es, de r\u00e9sultats et tout autre objet \u00e0 afficher dans un espace restreint et multi  m\u00e9dias (Ecran d&#8217;ordinateur, tablette et t\u00e9l\u00e9phone). Comment trouver et organiser ces affichages afin d&#8217;\u00e9viter de noyer l&#8217;utilisateur et de  lui permettre une navigation dans ses donn\u00e9es les plus intuitives. <\/p>\n\n\n\n<p class=\"has-text-align-center has-pale-cyan-blue-color has-text-color has-link-color has-medium-font-size wp-elements-738b54dc2736a63cdfa1fc908b4da4e9\"><\/p>\n","protected":false},"excerpt":{"rendered":"<p>Propositions de projet de Fin d&#8217;\u00e9tudes PFE 1 : Contact : SPGoO Orl\u00e9ans &#8211; YS Titre : Avatar Conversationnel Contexte : linguistique, m\u00e9thode verbo-tonale. Apprentissage de la langue fran\u00e7aise. Pr\u00e9-requis : connaissance dans UNREAL Description : \u00e9laborer sous UNREAL un avatar conversationnel param\u00e9trable. L&#8217;objet doit \u00eatre modifiable en fonction de choix utilisateur: avatar de type [&hellip;]<\/p>\n","protected":false},"author":1,"featured_media":0,"parent":0,"menu_order":0,"comment_status":"closed","ping_status":"closed","template":"","meta":{"footnotes":""},"class_list":["post-5885","page","type-page","status-publish","hentry"],"_links":{"self":[{"href":"https:\/\/spgoo.org\/index.php?rest_route=\/wp\/v2\/pages\/5885","targetHints":{"allow":["GET"]}}],"collection":[{"href":"https:\/\/spgoo.org\/index.php?rest_route=\/wp\/v2\/pages"}],"about":[{"href":"https:\/\/spgoo.org\/index.php?rest_route=\/wp\/v2\/types\/page"}],"author":[{"embeddable":true,"href":"https:\/\/spgoo.org\/index.php?rest_route=\/wp\/v2\/users\/1"}],"replies":[{"embeddable":true,"href":"https:\/\/spgoo.org\/index.php?rest_route=%2Fwp%2Fv2%2Fcomments&post=5885"}],"version-history":[{"count":8,"href":"https:\/\/spgoo.org\/index.php?rest_route=\/wp\/v2\/pages\/5885\/revisions"}],"predecessor-version":[{"id":5938,"href":"https:\/\/spgoo.org\/index.php?rest_route=\/wp\/v2\/pages\/5885\/revisions\/5938"}],"wp:attachment":[{"href":"https:\/\/spgoo.org\/index.php?rest_route=%2Fwp%2Fv2%2Fmedia&parent=5885"}],"curies":[{"name":"wp","href":"https:\/\/api.w.org\/{rel}","templated":true}]}}