{"id":5917,"date":"2025-03-21T18:14:58","date_gmt":"2025-03-21T17:14:58","guid":{"rendered":"https:\/\/spgoo.org\/?page_id=5917"},"modified":"2025-03-24T10:49:28","modified_gmt":"2025-03-24T09:49:28","slug":"projet-science-art-tech-organisation-dun-concours-international-dedie-au-calcul-scientifique","status":"publish","type":"page","link":"https:\/\/spgoo.org\/?page_id=5917","title":{"rendered":"Projet Science\/Art\/Tech: Organisation d\u2019un concours international d\u00e9di\u00e9 au calcul scientifique"},"content":{"rendered":"\n<p><strong>Contact<\/strong>&nbsp;: SPGoO Orl\u00e9ans \u2013 PKL<\/p>\n\n\n\n<p><strong>Titre<\/strong>&nbsp;: Projet Science\/Art\/Tech: Organisation d\u2019un concours international d\u00e9di\u00e9 au calcul scientifique<\/p>\n\n\n\n<p><strong>Contexte<\/strong>\u00a0: Mise en valeur des activit\u00e9s de recherche.<\/p>\n\n\n\n<p><strong>Pr\u00e9-requis<\/strong>&nbsp;: python, html<\/p>\n\n\n\n<p><strong>Description<\/strong>&nbsp;: Le calcul scientifique a une dimension artistique si on sait r\u00e9aliser le couplage. Si on y r\u00e9fl\u00e9chit bien, il y a plein de projets possibles. En voici un premier: le calcul des modes propres d\u2019une plaque m\u00e9tallique. L\u2019id\u00e9e du concours est simple: Soit une plaque m\u00e9tallique con\u00e7ue pour avoir des modes propres int\u00e9ressants sous vide, qui pourront \u00eatre vus par stroboscope et rendus audibles gr\u00e2ce \u00e0 des capteurs, l\u2019objectif est de pr\u00e9dire les valeurs des modes propres par calcul. Un fichier 3D de la plaque sera donn\u00e9 \u00e0 chaque \u00e9quipe. Les \u00e9quipes auront la journ\u00e9e pour faire ce calcul. L\u2019\u00e9quipe donnant les r\u00e9sultats les plus proches des valeurs exp\u00e9rimentales remportera le concours et le cadeau associ\u00e9. Ce projet combine la cr\u00e9ation d\u2019un site, la recherche de sponsors, la d\u00e9finition du probl\u00e8me pos\u00e9 aux candidats et l\u2019organisation du concours.<\/p>\n","protected":false},"excerpt":{"rendered":"<p>Contact&nbsp;: SPGoO Orl\u00e9ans \u2013 PKL Titre&nbsp;: Projet Science\/Art\/Tech: Organisation d\u2019un concours international d\u00e9di\u00e9 au calcul scientifique Contexte\u00a0: Mise en valeur des activit\u00e9s de recherche. Pr\u00e9-requis&nbsp;: python, html Description&nbsp;: Le calcul scientifique a une dimension artistique si on sait r\u00e9aliser le couplage. Si on y r\u00e9fl\u00e9chit bien, il y a plein de projets possibles. En voici [&hellip;]<\/p>\n","protected":false},"author":4,"featured_media":0,"parent":0,"menu_order":0,"comment_status":"closed","ping_status":"closed","template":"","meta":{"footnotes":""},"class_list":["post-5917","page","type-page","status-publish","hentry"],"_links":{"self":[{"href":"https:\/\/spgoo.org\/index.php?rest_route=\/wp\/v2\/pages\/5917","targetHints":{"allow":["GET"]}}],"collection":[{"href":"https:\/\/spgoo.org\/index.php?rest_route=\/wp\/v2\/pages"}],"about":[{"href":"https:\/\/spgoo.org\/index.php?rest_route=\/wp\/v2\/types\/page"}],"author":[{"embeddable":true,"href":"https:\/\/spgoo.org\/index.php?rest_route=\/wp\/v2\/users\/4"}],"replies":[{"embeddable":true,"href":"https:\/\/spgoo.org\/index.php?rest_route=%2Fwp%2Fv2%2Fcomments&post=5917"}],"version-history":[{"count":2,"href":"https:\/\/spgoo.org\/index.php?rest_route=\/wp\/v2\/pages\/5917\/revisions"}],"predecessor-version":[{"id":5940,"href":"https:\/\/spgoo.org\/index.php?rest_route=\/wp\/v2\/pages\/5917\/revisions\/5940"}],"wp:attachment":[{"href":"https:\/\/spgoo.org\/index.php?rest_route=%2Fwp%2Fv2%2Fmedia&parent=5917"}],"curies":[{"name":"wp","href":"https:\/\/api.w.org\/{rel}","templated":true}]}}