{"id":5924,"date":"2025-03-21T18:19:11","date_gmt":"2025-03-21T17:19:11","guid":{"rendered":"https:\/\/spgoo.org\/?page_id=5924"},"modified":"2025-03-21T18:19:11","modified_gmt":"2025-03-21T17:19:11","slug":"avatar-conversationnel","status":"publish","type":"page","link":"https:\/\/spgoo.org\/?page_id=5924","title":{"rendered":"Avatar Conversationnel"},"content":{"rendered":"\n<p><strong>Contact<\/strong>&nbsp;: SPGoO Orl\u00e9ans \u2013 YS<\/p>\n\n\n\n<p><strong>Titre<\/strong>&nbsp;: Avatar Conversationnel<\/p>\n\n\n\n<p><strong>Contexte<\/strong>&nbsp;: linguistique, m\u00e9thode verbo-tonale. Apprentissage de la langue fran\u00e7aise.<\/p>\n\n\n\n<p><strong>Pr\u00e9-requis<\/strong>&nbsp;: connaissance dans UNREAL<\/p>\n\n\n\n<p><strong>Description<\/strong>&nbsp;: \u00e9laborer sous UNREAL un avatar conversationnel param\u00e9trable. L\u2019objet doit \u00eatre modifiable en fonction de choix utilisateur: avatar de type masculin, f\u00e9minin et \u00e2g\u00e9 ou jeune. Il doit \u00eatre tr\u00e8s pr\u00e9cis au niveau du visage dans la formulation des sons. Il doit \u00eatre capable \u00e0 partir d\u2019une liste de segments de mots, les r\u00e9p\u00e9ter de fa\u00e7on classique et avec des intonations tr\u00e8s sp\u00e9cifiques. La formulation des mots \u00e0 l\u2019aide de la bouche doit \u00eatre pr\u00e9cise afin que l\u2019utilisateur puisse calquer et essayer de r\u00e9p\u00e9ter les m\u00eames sons.<\/p>\n","protected":false},"excerpt":{"rendered":"<p>Contact&nbsp;: SPGoO Orl\u00e9ans \u2013 YS Titre&nbsp;: Avatar Conversationnel Contexte&nbsp;: linguistique, m\u00e9thode verbo-tonale. Apprentissage de la langue fran\u00e7aise. Pr\u00e9-requis&nbsp;: connaissance dans UNREAL Description&nbsp;: \u00e9laborer sous UNREAL un avatar conversationnel param\u00e9trable. L\u2019objet doit \u00eatre modifiable en fonction de choix utilisateur: avatar de type masculin, f\u00e9minin et \u00e2g\u00e9 ou jeune. Il doit \u00eatre tr\u00e8s pr\u00e9cis au niveau du [&hellip;]<\/p>\n","protected":false},"author":4,"featured_media":0,"parent":0,"menu_order":0,"comment_status":"closed","ping_status":"closed","template":"","meta":{"footnotes":""},"class_list":["post-5924","page","type-page","status-publish","hentry"],"_links":{"self":[{"href":"https:\/\/spgoo.org\/index.php?rest_route=\/wp\/v2\/pages\/5924","targetHints":{"allow":["GET"]}}],"collection":[{"href":"https:\/\/spgoo.org\/index.php?rest_route=\/wp\/v2\/pages"}],"about":[{"href":"https:\/\/spgoo.org\/index.php?rest_route=\/wp\/v2\/types\/page"}],"author":[{"embeddable":true,"href":"https:\/\/spgoo.org\/index.php?rest_route=\/wp\/v2\/users\/4"}],"replies":[{"embeddable":true,"href":"https:\/\/spgoo.org\/index.php?rest_route=%2Fwp%2Fv2%2Fcomments&post=5924"}],"version-history":[{"count":1,"href":"https:\/\/spgoo.org\/index.php?rest_route=\/wp\/v2\/pages\/5924\/revisions"}],"predecessor-version":[{"id":5925,"href":"https:\/\/spgoo.org\/index.php?rest_route=\/wp\/v2\/pages\/5924\/revisions\/5925"}],"wp:attachment":[{"href":"https:\/\/spgoo.org\/index.php?rest_route=%2Fwp%2Fv2%2Fmedia&parent=5924"}],"curies":[{"name":"wp","href":"https:\/\/api.w.org\/{rel}","templated":true}]}}