{"id":6108,"date":"2025-04-08T15:05:40","date_gmt":"2025-04-08T13:05:40","guid":{"rendered":"https:\/\/spgoo.org\/?page_id=6108"},"modified":"2025-06-25T08:42:04","modified_gmt":"2025-06-25T06:42:04","slug":"journees-thematiques","status":"publish","type":"page","link":"https:\/\/spgoo.org\/?page_id=6108","title":{"rendered":"Journ\u00e9es th\u00e9matiques"},"content":{"rendered":"\n<h2 class=\"wp-block-heading has-text-align-center\">Journ\u00e9es th\u00e9matiques SPGoO<\/h2>\n\n\n\n<link rel='stylesheet' id='4485-css'  href='https:\/\/spgoo.org\/wp-content\/uploads\/winp-css-js\/4485.css?ver=1747039442' type='text\/css' media='all' \/>\n\n\n<!-- Google tag (gtag.js) -->\r\n<script async src=\"https:\/\/www.googletagmanager.com\/gtag\/js?id=G-FVL025Y824\"><\/script>\r\n<script>\r\n  window.dataLayer = window.dataLayer || [];\r\n  function gtag(){dataLayer.push(arguments);}\r\n  gtag('js', new Date());\r\n\r\n  gtag('config', 'G-FVL025Y824');\r\n<\/script>\n\n\n<p class=\"has-text-align-center has-pale-cyan-blue-color has-text-color has-link-color has-medium-font-size wp-elements-ebca456e396719023c2c1afd4bae3e40\">Les tests dans tous leurs \u00e9tats<\/p>\n\n\n\n<p class=\"has-text-align-center\">23 Septembre 2025 \/ IRD Universit\u00e9 d&#8217;Orl\u00e9ans<\/p>\n\n\n\n<details class=\"wp-block-details has-background is-layout-flow wp-block-details-is-layout-flow\" style=\"background:radial-gradient(rgb(238,238,238) 0%,rgb(21,192,192) 100%)\"><summary>En savoir plus :<\/summary>\n<p class=\"has-text-align-center has-black-color has-text-color has-link-color has-medium-font-size wp-elements-6eb886574a59ee2c25896878f88fa03f\">Journ\u00e9e Th\u00e9matique <\/p>\n\n\n\n<p class=\"has-text-align-center has-vivid-red-color has-text-color has-link-color has-medium-font-size wp-elements-3afc29d8dc3fd58e9fec7747f3f185cc\">Les tests dans tous leurs \u00e9tats<\/p>\n\n\n\n<p class=\"has-text-align-center has-black-color has-text-color has-link-color has-medium-font-size wp-elements-a86a3fba4cf8a20b075ab3990d17acb4\">Appel \u00e0 communication &#8212; comit\u00e9 organisateur: SPGoO<\/p>\n\n\n\n<p class=\"has-black-color has-text-color has-link-color wp-elements-5d28747de82a67c7b3be0ad2e2ef461e\">Lieu : Amphi IRD (Universit\u00e9 d&#8217;Orl\u00e9ans)<\/p>\n\n\n\n<p class=\"has-black-color has-text-color has-link-color wp-elements-2bde32161f1a58556cd641e92028f0aa\">Objectif de la journ\u00e9e:<\/p>\n\n\n\n<p class=\"has-black-color has-text-color has-link-color wp-elements-755fa7c1c5ca4bce6199be66cdc1dacf\">Cette journ\u00e9e va nous permettre d\u2019aborder diff\u00e9rentes difficult\u00e9s dans le d\u00e9veloppement de code informatique. En effet, dans nos laboratoires et institutions nous sommes amen\u00e9s \u00e0 concevoir, int\u00e9grer des codes pour r\u00e9pondre \u00e0 des besoins diff\u00e9rents : impl\u00e9mentation d\u2019un algorithme pour r\u00e9soudre une probl\u00e9matique donn\u00e9e, d\u00e9velopper une application, d\u00e9velopper un site web, un web service \u2026.travailler seul ou \u00e0 plusieurs.<\/p>\n\n\n\n<p class=\"has-black-color has-text-color has-link-color wp-elements-ccafa9ea0cd868a503d7a76a14213107\">Dans toutes ces r\u00e9alisations et cas de figure se posent plusieurs questions et parmi ces questions :<\/p>\n\n\n\n<p class=\"has-text-align-center has-black-color has-text-color has-link-color has-medium-font-size wp-elements-a0d073fa2a756ca990c9c24b1815c686\"><em>comment v\u00e9rifier le bon fonctionnement de nos d\u00e9veloppements<\/em><\/p>\n\n\n\n<ul class=\"wp-block-list\">\n<li class=\"has-black-color has-text-color has-link-color wp-elements-58a59a68968d4b654183bf17acea2060\">Comment s\u2019assurer du bon fonctionnement lors :\n<ul class=\"wp-block-list\">\n<li class=\"has-black-color has-text-color has-link-color wp-elements-f3c99b42c1d14cde55f93054153b281e\">de l\u2019ajout\/suppression d\u2019une fonctionnalit\u00e9<\/li>\n\n\n\n<li class=\"has-black-color has-text-color has-link-color wp-elements-622254c1aaa3e817b201cd99d3f30dfb\">de la modification de l\u2019environnement d\u2019ex\u00e9cution li\u00e9e \u00e0 l&#8217;\u00e9volution du syst\u00e8me et\/ou \u00e0 ses d\u00e9pendances ,<\/li>\n<\/ul>\n<\/li>\n\n\n\n<li class=\"has-black-color has-text-color has-link-color wp-elements-983f8e0b9916083d88078e8cb4b92013\">Quelles pratiques et quels outils utilise-t-on pour contr\u00f4ler la bonne ex\u00e9cution ?<\/li>\n\n\n\n<li class=\"has-black-color has-text-color has-link-color wp-elements-b1348f957f4e3d19cbbd913b8a709ec0\">Tests de mont\u00e9e en charge<\/li>\n\n\n\n<li class=\"has-black-color has-text-color has-link-color wp-elements-5b3cb0b3be68df74ddaf944fc133d44c\">Pratique et usage de CI\/CD ?<\/li>\n\n\n\n<li class=\"has-black-color has-text-color has-link-color wp-elements-2346bfe399c80cc07ea688fb828e5c23\">Conteneurisation ?<\/li>\n<\/ul>\n\n\n\n<p class=\"has-text-align-center has-black-color has-text-color has-link-color wp-elements-defe331d880e3456d60e129ed334ceaa\">Cette journ\u00e9e doit nous permettre <strong>d\u2019\u00e9changer<\/strong> sur nos pratiques et nos usages.<\/p>\n\n\n\n<p class=\"has-black-color has-text-color has-link-color wp-elements-94f11d2f9d6b3116da57f2901f412d92\">Liste des sujets \u00e0 proposer :<\/p>\n\n\n\n<p class=\"has-black-color has-text-color has-link-color wp-elements-54d0483c19f49bce7849e53a10e1060b\">1\/ Contexte calcul et HPC<br>2\/ Contexte d\u00e9veloppement d\u2019application standalone<br>3\/ D\u00e9veloppement de site et plateforme Web<br>4\/ D\u00e9veloppement de web service<br>5\/ Embarqu\u00e9<br>&#8230;&#8230;..<\/p>\n\n\n\n<p class=\"has-text-align-center has-vivid-red-color has-text-color has-link-color has-medium-font-size wp-elements-f7ae5b3cc33fa58e3f61b9bb914e1d48\">Ouvert \u00e0 tous<\/p>\n<\/details>\n\n\n\n<hr class=\"wp-block-separator has-alpha-channel-opacity\"\/>\n\n\n\n<p class=\"has-text-align-center has-pale-cyan-blue-color has-text-color has-link-color has-medium-font-size wp-elements-87f2c6bcbd926b74c7dab04253eec6c9\">BDD : relationnelle versus NoSQL<\/p>\n\n\n\n<p class=\"has-text-align-center\">25 Novembre 2025 \/ CBM<\/p>\n\n\n\n<details class=\"wp-block-details has-background is-layout-flow wp-block-details-is-layout-flow\" style=\"background:radial-gradient(rgb(238,238,238) 6%,rgb(21,192,192) 92%)\"><summary>En avoir plus :<\/summary>\n<p class=\"has-text-align-center has-black-color has-text-color has-link-color has-medium-font-size wp-elements-20ebd01928a0817a828057b119a53553\">Journ\u00e9e Th\u00e9matique<\/p>\n\n\n\n<p class=\"has-text-align-center has-vivid-red-color has-text-color has-link-color has-medium-font-size wp-elements-36a525c983f7b8b21b7a3d16b5ea6be4\">Les bases de donn\u00e9es : Relationnelle versus NoSQL<\/p>\n\n\n\n<p class=\"has-text-align-center has-black-color has-text-color has-link-color has-medium-font-size wp-elements-2d77c8e8e3b49a9b49df330fe9854013\">Appel \u00e0 communication &#8212; Comit\u00e9 d&#8217;organisation: SPGoO<\/p>\n\n\n\n<p class=\"has-black-color has-text-color has-link-color wp-elements-ea3544400ebaf16ae6542e075d63de28\">Lieu : CBM \u00e0 confirmer<\/p>\n\n\n\n<p class=\"has-black-color has-text-color has-link-color wp-elements-7e1eb077b09049bd6294e26dc598a083\">Objectif de la journ\u00e9e : <\/p>\n\n\n\n<p class=\"has-black-color has-text-color has-link-color wp-elements-e8454ba0c628c0d73ad3acf9ed2584e0\">Cette journ\u00e9e va nous permettre d\u2019aborder diff\u00e9rentes difficult\u00e9s dans l&#8217;utilisation et la mise en place de SGBD au sein de nos infrastructures. En effet, dans nos institutions et laboratoires  nous avons besoin d&#8217;interconnecter nos applications \u00e0 des syst\u00e8mes de persistance soit directement \u00e0 partir de l&#8217;application soit via des interm\u00e9diaires. Plusieurs situations peuvent se pr\u00e9senter avec le choix ou non du SGBD. Dans ce deuxi\u00e8me cas quels sont mes crit\u00e8res pour le choix de la solution \u00e0 mettre en place : relationnelle ou NoSQL. Cette journ\u00e9e va se d\u00e9rouler en trois \u00e9tapes : rappel des concepts, illustration de r\u00e9alisation et table ronde sur retour d&#8217;exp\u00e9rience. <\/p>\n\n\n\n<p class=\"has-text-align-center has-black-color has-text-color has-link-color wp-elements-defe331d880e3456d60e129ed334ceaa\">Cette journ\u00e9e doit nous permettre <strong>d\u2019\u00e9changer<\/strong> sur nos pratiques et nos usages.<\/p>\n\n\n\n<p class=\"has-black-color has-text-color has-link-color wp-elements-8cab6a3a6808bc069da282321cee69bb\">Liste des sujets possibles :<\/p>\n\n\n\n<p class=\"has-black-color has-text-color has-link-color wp-elements-449796cc586d4d2e5ee81d32383f7d33\">1\/ Mise en oeuvre avec de solution relationnelle : mariadb, mysql, postgresql, oracle, sql-server &#8230;.<br>2\/ Mise en oeuvre avec des solutions NoSQL : <span class='tooltipsall tooltipsincontent classtoolTips3'>MongoDB<\/span>, couchbase, <span class='tooltipsall tooltipsincontent classtoolTips5'>Neo4J<\/span> &#8230; redis <br>3\/ Configurations sp\u00e9cifiques pour scalabilit\u00e9 et\/ou performance : replication \/ cluster <br>4\/ Usage sp\u00e9cifique : proc\u00e9dures stock\u00e9es, trigger, vue, et autres solutions  <br>5\/ autres<\/p>\n\n\n\n<p class=\"has-text-align-center has-vivid-red-color has-text-color has-link-color has-medium-font-size wp-elements-f7ae5b3cc33fa58e3f61b9bb914e1d48\">Ouvert \u00e0 tous<\/p>\n\n\n\n<p><\/p>\n\n\n\n<p><\/p>\n<\/details>\n\n\n\n<hr class=\"wp-block-separator has-alpha-channel-opacity\"\/>\n\n\n\n<p class=\"has-text-align-center\"><strong>Journ\u00e9es \u00e0 venir :<\/strong><\/p>\n\n\n\n<ul class=\"wp-block-list\">\n<li>D\u00e9cembre 2025 Int\u00e9gration continue et d\u00e9ploiement continu : outils ou\/et d\u00e9veloppements sp\u00e9cifiques<\/li>\n\n\n\n<li>Avril 2026  Reprise de code , int\u00e9gration de code externe : pratique, risque (usage de code \u00e0 partir de l&#8217;IA) et d\u00e9marche &#8211;&gt; droits et propri\u00e9t\u00e9 intellectuelle<\/li>\n\n\n\n<li>Septembre 2026  IA dans nos codes : pourquoi et comment<\/li>\n\n\n\n<li>D\u00e9cembre 2026 Outillage pour des graphes interactifs : solutions existantes ou d\u00e9veloppement sp\u00e9cifique<\/li>\n\n\n\n<li>&#8230;.. Jupyter NoteBook en interaction : Pymol, Jbrowse2 &#8230;.<\/li>\n\n\n\n<li>&#8230;.. Conteneurisation\/Orchestration : concept et int\u00e9gration<\/li>\n<\/ul>\n\n\n\n<p><\/p>\n<script type=\"text\/javascript\"> toolTips('.classtoolTips3','<a style=\"text-decoration: none;\" href=\"https:\/\/www.mongodb.com\/fr-fr\"><img style=\"width: 180px; height: 50px;\" src=\"\/wp-content\/uploads\/2025\/01\/mongodb-logo-rgb-scaled.jpg\" \/><\/a>'); <\/script><script type=\"text\/javascript\"> toolTips('.classtoolTips5','<a style=\"text-decoration: none;\" href=\"https:\/\/neo4j.com\/\"><img style=\"width: 180px; height: 50px;\" src=\"\/wp-content\/uploads\/2025\/01\/Neo4j-logo_color.png\" \/><\/a>'); <\/script>","protected":false},"excerpt":{"rendered":"<p>Journ\u00e9es th\u00e9matiques SPGoO Les tests dans tous leurs \u00e9tats 23 Septembre 2025 \/ IRD Universit\u00e9 d&#8217;Orl\u00e9ans BDD : relationnelle versus NoSQL 25 Novembre 2025 \/ CBM Journ\u00e9es \u00e0 venir :<\/p>\n","protected":false},"author":1,"featured_media":0,"parent":0,"menu_order":0,"comment_status":"closed","ping_status":"closed","template":"","meta":{"footnotes":""},"class_list":["post-6108","page","type-page","status-publish","hentry"],"_links":{"self":[{"href":"https:\/\/spgoo.org\/index.php?rest_route=\/wp\/v2\/pages\/6108","targetHints":{"allow":["GET"]}}],"collection":[{"href":"https:\/\/spgoo.org\/index.php?rest_route=\/wp\/v2\/pages"}],"about":[{"href":"https:\/\/spgoo.org\/index.php?rest_route=\/wp\/v2\/types\/page"}],"author":[{"embeddable":true,"href":"https:\/\/spgoo.org\/index.php?rest_route=\/wp\/v2\/users\/1"}],"replies":[{"embeddable":true,"href":"https:\/\/spgoo.org\/index.php?rest_route=%2Fwp%2Fv2%2Fcomments&post=6108"}],"version-history":[{"count":70,"href":"https:\/\/spgoo.org\/index.php?rest_route=\/wp\/v2\/pages\/6108\/revisions"}],"predecessor-version":[{"id":7117,"href":"https:\/\/spgoo.org\/index.php?rest_route=\/wp\/v2\/pages\/6108\/revisions\/7117"}],"wp:attachment":[{"href":"https:\/\/spgoo.org\/index.php?rest_route=%2Fwp%2Fv2%2Fmedia&parent=6108"}],"curies":[{"name":"wp","href":"https:\/\/api.w.org\/{rel}","templated":true}]}}