{"id":6617,"date":"2025-05-21T10:07:01","date_gmt":"2025-05-21T08:07:01","guid":{"rendered":"https:\/\/spgoo.org\/?page_id=6617"},"modified":"2025-05-21T10:07:01","modified_gmt":"2025-05-21T08:07:01","slug":"illusions-doptiques","status":"publish","type":"page","link":"https:\/\/spgoo.org\/?page_id=6617","title":{"rendered":"Illusions d&#8217;optiques"},"content":{"rendered":"\n<p><strong>Contact<\/strong>&nbsp;: SPGoO Orl\u00e9ans \u2013 PKL<\/p>\n\n\n\n<p><strong>Titre<\/strong>&nbsp;: Plateforme d\u00e9di\u00e9e aux illusions d&#8217;optiques<\/p>\n\n\n\n<p><strong>Contexte<\/strong>&nbsp;: Physique, math\u00e9matiques, programmation, art<\/p>\n\n\n\n<p><strong>Pr\u00e9-requis<\/strong>\u00a0: <\/p>\n\n\n\n<p><strong>Description<\/strong>: Les illusions d&#8217;optiques r\u00e9alis\u00e9es \u00e0 l&#8217;aide de motifs r\u00e9p\u00e9t\u00e9s sont un sujet pluridisciplinaire par excellence. En effet, cela touche \u00e0 la physique (optique), aux math\u00e9matiques, \u00e0 la programmation, \u00e0 l&#8217;art et \u00e0 la neurologie. Dans le cadre d&#8217;une collaboration avec une personne sp\u00e9cialis\u00e9e dans ce domaine, nous proposons de r\u00e9aliser une application web permettant de mieux comprendre comme cela est possible et de permettre de g\u00e9n\u00e9rer soi-m\u00eame ses propres illusions d&#8217;optiques.<\/p>\n","protected":false},"excerpt":{"rendered":"<p>Contact&nbsp;: SPGoO Orl\u00e9ans \u2013 PKL Titre&nbsp;: Plateforme d\u00e9di\u00e9e aux illusions d&#8217;optiques Contexte&nbsp;: Physique, math\u00e9matiques, programmation, art Pr\u00e9-requis\u00a0: Description: Les illusions d&#8217;optiques r\u00e9alis\u00e9es \u00e0 l&#8217;aide de motifs r\u00e9p\u00e9t\u00e9s sont un sujet pluridisciplinaire par excellence. En effet, cela touche \u00e0 la physique (optique), aux math\u00e9matiques, \u00e0 la programmation, \u00e0 l&#8217;art et \u00e0 la neurologie. Dans le cadre [&hellip;]<\/p>\n","protected":false},"author":4,"featured_media":0,"parent":0,"menu_order":0,"comment_status":"closed","ping_status":"closed","template":"","meta":{"footnotes":""},"class_list":["post-6617","page","type-page","status-publish","hentry"],"_links":{"self":[{"href":"https:\/\/spgoo.org\/index.php?rest_route=\/wp\/v2\/pages\/6617","targetHints":{"allow":["GET"]}}],"collection":[{"href":"https:\/\/spgoo.org\/index.php?rest_route=\/wp\/v2\/pages"}],"about":[{"href":"https:\/\/spgoo.org\/index.php?rest_route=\/wp\/v2\/types\/page"}],"author":[{"embeddable":true,"href":"https:\/\/spgoo.org\/index.php?rest_route=\/wp\/v2\/users\/4"}],"replies":[{"embeddable":true,"href":"https:\/\/spgoo.org\/index.php?rest_route=%2Fwp%2Fv2%2Fcomments&post=6617"}],"version-history":[{"count":1,"href":"https:\/\/spgoo.org\/index.php?rest_route=\/wp\/v2\/pages\/6617\/revisions"}],"predecessor-version":[{"id":6618,"href":"https:\/\/spgoo.org\/index.php?rest_route=\/wp\/v2\/pages\/6617\/revisions\/6618"}],"wp:attachment":[{"href":"https:\/\/spgoo.org\/index.php?rest_route=%2Fwp%2Fv2%2Fmedia&parent=6617"}],"curies":[{"name":"wp","href":"https:\/\/api.w.org\/{rel}","templated":true}]}}