{"id":6791,"date":"2025-05-30T10:49:48","date_gmt":"2025-05-30T08:49:48","guid":{"rendered":"https:\/\/spgoo.org\/?page_id=6791"},"modified":"2025-06-03T11:26:56","modified_gmt":"2025-06-03T09:26:56","slug":"exploration-avatar","status":"publish","type":"page","link":"https:\/\/spgoo.org\/?page_id=6791","title":{"rendered":"Exploration Avatar"},"content":{"rendered":"\n<h2 class=\"wp-block-heading has-text-align-center\">Exploration dans les outils de cr\u00e9ation d&#8217;Avatar<\/h2>\n\n\n\n<link rel='stylesheet' id='6814-css'  href='https:\/\/spgoo.org\/wp-content\/uploads\/winp-css-js\/6814.css?ver=1748600247' type='text\/css' media='all' \/>\n\n\n\n<p>Dans le cadre du projet RePhon-IA, nous avons comme objectif l&#8217;\u00e9laboration d&#8217;un avatar conversationnel pour offrir au public une aide dans l&#8217;apprentissage de la langue fran\u00e7aise. Pour r\u00e9aliser ce projet, nous avons besoin de faire un tour d&#8217;horizon dans les solutions et m\u00e9thodes actuellement disponibles pour ce type de r\u00e9alisation:<\/p>\n\n\n\n<p class=\"has-pale-cyan-blue-color has-text-color has-link-color has-medium-font-size wp-elements-98feb4d8a2cb4da210323c76c3a2acb0\">Etat de l&#8217;art dans la construction d&#8217;Avatar <\/p>\n\n\n\n<p>Quelques solutions pr\u00eates \u00e0 l&#8217;emploi existent et permettent de se rendre compte des possibilit\u00e9s et des restrictions. Cette liste n&#8217;est pas exhaustive et sera compl\u00e9t\u00e9e au fur et \u00e0 mesure de nos explorations et n&#8217;a pas vocation \u00e0 faire la promotion des solutions.<\/p>\n\n\n\n<p class=\"has-vivid-green-cyan-color has-text-color has-link-color has-medium-font-size wp-elements-d129159fbad7fac089153dbef5ddc841\">Site D-ID : <a href=\"https:\/\/www.d-id.com\/\">lien<\/a><\/p>\n\n\n\n<p>Exemple mise en place avec une photo Badreddine  <\/p>\n\n\n\n<div class=\"wp-block-columns is-layout-flex wp-container-core-columns-is-layout-9d6595d7 wp-block-columns-is-layout-flex\">\n<div class=\"wp-block-column is-layout-flow wp-block-column-is-layout-flow\">\n<p>Photo initiale <\/p>\n\n\n<div class=\"wp-block-image\">\n<figure class=\"aligncenter size-full\"><img loading=\"lazy\" decoding=\"async\" width=\"238\" height=\"262\" src=\"https:\/\/spgoo.org\/wp-content\/uploads\/2025\/05\/bad.png\" alt=\"\" class=\"wp-image-6798\"\/><\/figure>\n<\/div>\n\n\n<p>Phrase : Bienvenue sur au colloque sur la rem\u00e9diation phon\u00e9tique assist\u00e9e par l&#8217;IA<\/p>\n<\/div>\n\n\n\n<div class=\"wp-block-column is-layout-flow wp-block-column-is-layout-flow\">\n<p>R\u00e9sultat obtenu \u00e0 l&#8217;aide de D-ID<\/p>\n\n\n\n<figure class=\"wp-block-video aligncenter\"><video height=\"1920\" style=\"aspect-ratio: 1920 \/ 1920;\" width=\"1920\" controls src=\"https:\/\/spgoo.org\/wp-content\/uploads\/2025\/05\/bad2.mp4\"><\/video><\/figure>\n<\/div>\n<\/div>\n\n\n\n<p>Production simple \u00e0 construire \u00e0 partir d&#8217;une photo et d&#8217;un texte ou d&#8217;un fichier sonore. <\/p>\n\n\n\n<p class=\"has-vivid-green-cyan-color has-text-color has-link-color has-medium-font-size wp-elements-b738ead79f9ad25798151df0d44d547e\">Heygen : l<a href=\"https:\/\/app.heygen.com\/projects\">ien<\/a><\/p>\n\n\n\n<p>Exemple mise en place avec une photo Badreddine avec une voix pr\u00e9-enregistr\u00e9e d&#8217;Yvan<\/p>\n\n\n\n<div class=\"wp-block-columns has-background is-layout-flex wp-container-core-columns-is-layout-9d6595d7 wp-block-columns-is-layout-flex\" style=\"background:linear-gradient(135deg,rgb(238,238,238) 0%,rgb(169,184,195) 36%)\">\n<div class=\"wp-block-column is-layout-flow wp-block-column-is-layout-flow\">\n<p class=\"has-vivid-cyan-blue-color has-text-color has-link-color wp-elements-c02b9b60fac86af9a3fc3ccb86c3eb09\">Photo initiale<\/p>\n\n\n<div class=\"wp-block-image\">\n<figure class=\"aligncenter size-full\"><img loading=\"lazy\" decoding=\"async\" width=\"238\" height=\"262\" src=\"https:\/\/spgoo.org\/wp-content\/uploads\/2025\/05\/bad.png\" alt=\"\" class=\"wp-image-6798\"\/><\/figure>\n<\/div><\/div>\n\n\n\n<div class=\"wp-block-column is-layout-flow wp-block-column-is-layout-flow\">\n<p class=\"has-vivid-cyan-blue-color has-text-color has-link-color wp-elements-46b3ab85abf160d28051fe3bee8408d7\">Vid\u00e9o : image + fichier sonore<\/p>\n\n\n\n<figure class=\"wp-block-video video_frapeor\"><video controls src=\"https:\/\/spgoo.org\/personnalisation\/frapeor\/bad_heygen.mp4\"><\/video><\/figure>\n<\/div>\n<\/div>\n\n\n\n<p>Exemple \u00e0 partir d&#8217;une photo et d&#8217;un fichier sonore avec une voix enregistr\u00e9e.<\/p>\n\n\n\n<p class=\"has-pale-cyan-blue-color has-text-color has-link-color has-medium-font-size wp-elements-cba1ad038cbd87ba4c7901be6c1c0d8b\">Autres outils pour la construction d&#8217;avatar  :<\/p>\n\n\n\n<p><a href=\"https:\/\/godotengine.org\/\">MidJourney<\/a> : cr\u00e9ation d&#8217;avatar par IA, g\u00e9n\u00e9rateur d&#8217;images \u00e0 partir d&#8217;un prompt et possibilit\u00e9 de r\u00e9cup\u00e9ration dans des environnements d&#8217;animation.<\/p>\n\n\n\n<p><a href=\"https:\/\/canva.com\">https:\/\/canva.com<\/a><\/p>\n\n\n\n<p><a href=\"https:\/\/openart.ai\/home\">https:\/\/openart.ai\/home<\/a><\/p>\n\n\n\n<p class=\"has-pale-cyan-blue-color has-text-color has-link-color has-medium-font-size wp-elements-516d3da0a5a824ea0752bfe39654d451\">Environnement de cr\u00e9ation de jeux :<\/p>\n\n\n\n<p>Ces environnements tr\u00e8s puissants permettent de construire des environnements d\u00e9di\u00e9s pour la mise en contexte de l&#8217;apprenant dans des situations de vie classiques. Une premi\u00e8re exp\u00e9rience a \u00e9t\u00e9 \u00e9labor\u00e9e dans le cadre de la th\u00e8se de Stell\u00e8ne Narainen <strong>Concevoir un Serious Game en FLE : enjeux pratiques, esth\u00e9tiques et linguistiques<\/strong> en 2021. Cette premi\u00e8re \u00e9laboration a permis de construire une premi\u00e8re plateforme nomm\u00e9e ORPAL sous WordPress afin de poser les briques pour la construction de ce type de dispositif dans un contexte de formation. La contextualisation et la sc\u00e9narisation permet d&#8217;amener l&#8217;apprenant dans des contextes quotidiens de vie et de le confronter \u00e0 des personnages diff\u00e9rents (accents, intonation et situation) qui ne peuvent que l&#8217;enrichir. On se propose dans le cadre de notre projet FRAP\u00e9OR-RePhon-IA de poursuivre cette piste et de l&#8217;amener dans des contextes plus \u00e9volu\u00e9s.<\/p>\n\n\n\n<p class=\"has-vivid-red-color has-text-color has-link-color has-medium-font-size wp-elements-52d82e1c3bf09a494a1923288533b6b0\"><a href=\"https:\/\/www.unrealengine.com\/en-US\">UNREAL Engine<\/a> :  <\/p>\n\n\n\n<p class=\"has-vivid-red-color has-text-color has-link-color has-medium-font-size wp-elements-41b8f4f0520e991ea1a54c310ff51d6e\"><a href=\"https:\/\/unity.com\/fr\">UNITY<\/a> :  <\/p>\n\n\n\n<p class=\"has-vivid-red-color has-text-color has-link-color has-medium-font-size wp-elements-88e220c5601833841b47ad70602e8d03\"><a href=\"https:\/\/godotengine.org\/\">Godot engine<\/a>: <\/p>\n\n\n\n<p><\/p>\n","protected":false},"excerpt":{"rendered":"<p>Exploration dans les outils de cr\u00e9ation d&#8217;Avatar Dans le cadre du projet RePhon-IA, nous avons comme objectif l&#8217;\u00e9laboration d&#8217;un avatar conversationnel pour offrir au public une aide dans l&#8217;apprentissage de la langue fran\u00e7aise. Pour r\u00e9aliser ce projet, nous avons besoin de faire un tour d&#8217;horizon dans les solutions et m\u00e9thodes actuellement disponibles pour ce type [&hellip;]<\/p>\n","protected":false},"author":1,"featured_media":0,"parent":0,"menu_order":0,"comment_status":"closed","ping_status":"closed","template":"","meta":{"footnotes":""},"class_list":["post-6791","page","type-page","status-publish","hentry"],"_links":{"self":[{"href":"https:\/\/spgoo.org\/index.php?rest_route=\/wp\/v2\/pages\/6791","targetHints":{"allow":["GET"]}}],"collection":[{"href":"https:\/\/spgoo.org\/index.php?rest_route=\/wp\/v2\/pages"}],"about":[{"href":"https:\/\/spgoo.org\/index.php?rest_route=\/wp\/v2\/types\/page"}],"author":[{"embeddable":true,"href":"https:\/\/spgoo.org\/index.php?rest_route=\/wp\/v2\/users\/1"}],"replies":[{"embeddable":true,"href":"https:\/\/spgoo.org\/index.php?rest_route=%2Fwp%2Fv2%2Fcomments&post=6791"}],"version-history":[{"count":34,"href":"https:\/\/spgoo.org\/index.php?rest_route=\/wp\/v2\/pages\/6791\/revisions"}],"predecessor-version":[{"id":6927,"href":"https:\/\/spgoo.org\/index.php?rest_route=\/wp\/v2\/pages\/6791\/revisions\/6927"}],"wp:attachment":[{"href":"https:\/\/spgoo.org\/index.php?rest_route=%2Fwp%2Fv2%2Fmedia&parent=6791"}],"curies":[{"name":"wp","href":"https:\/\/api.w.org\/{rel}","templated":true}]}}