{"id":787,"date":"2024-06-22T16:32:53","date_gmt":"2024-06-22T14:32:53","guid":{"rendered":"https:\/\/spgoo.org\/?page_id=787"},"modified":"2024-06-22T16:58:06","modified_gmt":"2024-06-22T14:58:06","slug":"explication-boite-edgeworth","status":"publish","type":"page","link":"https:\/\/spgoo.org\/?page_id=787","title":{"rendered":"Explication Boite EdgeWorth"},"content":{"rendered":"<style>\r\n.zone_corpus { cursor:pointer;}\r\ndiv[data-tooltip]:after {\r\n    left: 5px!important;\r\n}\r\ndiv.dt-container {\r\n        width: 800px;\r\n        margin: 0 auto;\r\n}\r\nh2 {color:white;}\r\n<\/style>\r\n\r\n<div class=\"row col-sm-12\">\r\n\t<div class=\"col-sm-12\">\r\n\t\t<h1 id=\"super_titre\" style=\"color:#00c2a9;text-align:center;\"> Etapes d&#8217;\u00e9laboration &#8212; Boite EdgeWorth &#8212;<\/h1>\r\n\t<\/div>\r\n<\/div>\r\n<br\/>\r\n<div class=\"service-section\">\r\n\t<div class=\"container\">\r\n\t\t<div class=\"row\">\r\n\t\t\t<div class=\"col-md-3 col-sm-6 service-effect\" style=\"cursor:pointer;\" onclick=\"charge_script('\/\/jsfiddle.net\/spgoo\/81bdasfj\/embed\/');\" onmouseover=\"affiche_commentaires('Etape 1')\">\r\n\t\t\t\t\t<div class=\"service-box\">\r\n\t\t\t\t\t\t<img decoding=\"async\" class=\"img-responsive service-box-image\" style=\"height:80px;\" alt=\"Historique\"\r\n\t\t\t\t\t\t\t src=\"\/wp-content\/uploads\/2024\/06\/serp.png\">\r\n\t\t\t\t\t<\/div>\r\n\t\t\t\t\t<div class=\"service-area\">\r\n\t\t\t\t\t\t<h2 style=\"color:white;\">Etape 1<\/h2>\r\n\t\t\t\t\t\t<p style=\"font-size:14px;text-align:center;\">Boards<\/p>\r\n\t\t\t\t\t<\/div>\r\n\t\t\t<\/div>\r\n\t\t\t<div class=\"col-md-3 col-sm-6 service-effect\" style=\"cursor:pointer;\" onclick=\"charge_script('\/\/jsfiddle.net\/spgoo\/bc0xmap3\/2\/embed\/js,html,css,result\/dark\/');\" onmouseover=\"affiche_commentaires('Etape 2')\">\r\n\t\t\t\t\t<div class=\"service-box\">\r\n\t\t\t\t\t\t<img decoding=\"async\" class=\"img-responsive service-box-image\" style=\"height:80px;\" alt=\"Historique\"\r\n\t\t\t\t\t\t\t src=\"\/wp-content\/uploads\/2024\/06\/jag.png\">\r\n\t\t\t\t\t<\/div>\r\n\t\t\t\t\t<div class=\"service-area\">\r\n\t\t\t\t\t\t<h2 style=\"color:white;\">Etape 2<\/h2>\r\n\t\t\t\t\t\t<p style=\"font-size:14px;text-align:center;\">Cadre + Glider<\/p>\r\n\t\t\t\t\t<\/div>\r\n\t\t\t<\/div>\t\t\t\r\n\t\t\t<div class=\"col-md-3 col-sm-6 service-effect\" style=\"cursor:pointer;\" onclick=\"charge_script('\/\/jsfiddle.net\/spgoo\/uyrdg5cm\/13\/embed\/js,html,css,result\/dark\/');\" onmouseover=\"affiche_commentaires('Etape 3')\">\t\t\t\r\n\t\t\t\t\t<div class=\"service-box\">\r\n\t\t\t\t\t\t<img decoding=\"async\" class=\"img-responsive service-box-image\" style=\"height:80px;\" alt=\"Historique\"\r\n\t\t\t\t\t\t\t src=\"\/wp-content\/uploads\/2024\/06\/serp.png\">\r\n\t\t\t\t\t<\/div>\r\n\t\t\t\t\t<div class=\"service-area\" >\r\n\t\t\t\t\t\t<h2 style=\"color:white;\">Etape 3<\/h2>\r\n\t\t\t\t\t\t<p style=\"font-size:14px;text-align:center;\">Synchronisation\/segments<\/p>\r\n\t\t\t\t\t<\/div>\r\n\t\t\t<\/div>\t\t\t\r\n\t\t\t<div class=\"col-md-3 col-sm-6 service-effect\" style=\"cursor:pointer;\" onclick=\"charge_script('\/\/jsfiddle.net\/spgoo\/gjk5ahLx\/18\/embed\/js,html,css,result\/dark\/');\" onmouseover=\"affiche_commentaires('Etape 4')\" >\r\n\t\t\t\t\t<div class=\"service-box\">\r\n\t\t\t\t\t\t<img decoding=\"async\" class=\"img-responsive service-box-image\" style=\"height:80px;\" alt=\"Historique\"\r\n\t\t\t\t\t\t\t src=\"\/wp-content\/uploads\/2024\/06\/jag.png\">\r\n\t\t\t\t\t<\/div>\r\n\t\t\t\t\t<div class=\"service-area\" >\r\n\t\t\t\t\t\t<h2 style=\"color:white;\">Etape 4<\/h2>\r\n\t\t\t\t\t\t<p style=\"font-size:14px;text-align:center;\">Fonctions<\/p>\r\n\t\t\t\t\t<\/div>\r\n\t\t\t<\/div>\t\t\t\r\n\t\t\r\n\t\t<\/div>\r\n\t<\/div>\r\n<\/div>\r\n<br\/>\r\n<!-- <script async src=\"\/\/jsfiddle.net\/spgoo\/81bdasfj\/embed\/\"><\/script> -->\r\n\r\n<!-- <script async src=\"\/\/jsfiddle.net\/spgoo\/bc0xmap3\/2\/embed\/js,html,css,result\/dark\/\"><\/script>  -->\r\n<div class=\"row col-sm-12\" id=\"commentaires\" style=\"display:block;\" >\r\n\t<div class=\"col-sm-12\" style=\"text-align:center;\">\r\n\t\t<p id=\"comment\" style=\"color:#00c2a9\"><\/p>\r\n\t<\/div>\r\n<\/div>\r\n\r\n<div id=\"embedded\" style=\"display:block;\" >\r\n\t\r\n<\/div>\r\n\r\n<script>\r\n\tlet script=null; \r\n\tconst charge_script=function(src) {\t\r\n\t\tif (script !=null) {\r\n\t\t\tscript.remove();\r\n\t\t}\r\n\t\tlet iframe= document.querySelector(\"iframe\");\r\n\t\tif (iframe != null) \r\n\t\t\tiframe.remove();\r\n\t\tscript = document.createElement('script');\r\n\t\tscript.src =src;\r\n\t\tscript.id=\"code_jsfiddle\";\r\n\t\tscript.async = true;\r\n\t\tscript.onload = () => {\r\n\t\t};\r\n\t\tscript.onerror = () => {\r\n\t\t\tconsole.log('Error occurred while loading script');\r\n\t\t};\r\n\t\tdocument.getElementById(\"embedded\").appendChild(script);\r\n\t\t\/\/ document.body.appendChild(script);\r\n\t}\r\n\t\r\n\t\r\n\tconst commentaires= {\r\n\t\t\"Etape 1\": \"D\u00e9finition d'une div de classe jsxbox dans le HTML et appel de la fonction JXG.JSXGraph.initBoard en javascript pour la cr\u00e9ation du board associ\u00e9 en pr\u00e9cisant les dimensions et param\u00e8tres visuels.\",\r\n\t\t\"Etape 2\":\" D\u00e9finition dans le board des diff\u00e9rentes parties mobiles \u00e0 partir d'un glider qui coupe chaque c\u00f4t\u00e9 en deux, associ\u00e9 \u00e0 deux segments.\",\r\n\t\t\"Etape 3\": \"Synchronisation des gliders pour permettre un d\u00e9placement parall\u00e8le deux \u00e0 deux. Ajout des styles pour les diff\u00e9rentes segments.\",\r\n\t\t\"Etape 4\": \"Ajout des fonctions d'utilit\u00e9, de contrat. Ajout \u00e9galement d'un d\u00e9corateur pour l'utilisation et le passage des fonctions directement au fonction de trac\u00e9.  \"\r\n\t};\t\r\n\tconst affiche_commentaires=function(etape) {\r\n\t\tdocument.getElementById(\"comment\").innerHTML=commentaires[etape];\r\n\t}\r\n\t\r\n<\/script>\r\n\r\n","protected":false},"excerpt":{"rendered":"","protected":false},"author":1,"featured_media":0,"parent":0,"menu_order":0,"comment_status":"closed","ping_status":"closed","template":"","meta":{"footnotes":""},"class_list":["post-787","page","type-page","status-publish","hentry"],"_links":{"self":[{"href":"https:\/\/spgoo.org\/index.php?rest_route=\/wp\/v2\/pages\/787","targetHints":{"allow":["GET"]}}],"collection":[{"href":"https:\/\/spgoo.org\/index.php?rest_route=\/wp\/v2\/pages"}],"about":[{"href":"https:\/\/spgoo.org\/index.php?rest_route=\/wp\/v2\/types\/page"}],"author":[{"embeddable":true,"href":"https:\/\/spgoo.org\/index.php?rest_route=\/wp\/v2\/users\/1"}],"replies":[{"embeddable":true,"href":"https:\/\/spgoo.org\/index.php?rest_route=%2Fwp%2Fv2%2Fcomments&post=787"}],"version-history":[{"count":1,"href":"https:\/\/spgoo.org\/index.php?rest_route=\/wp\/v2\/pages\/787\/revisions"}],"predecessor-version":[{"id":788,"href":"https:\/\/spgoo.org\/index.php?rest_route=\/wp\/v2\/pages\/787\/revisions\/788"}],"wp:attachment":[{"href":"https:\/\/spgoo.org\/index.php?rest_route=%2Fwp%2Fv2%2Fmedia&parent=787"}],"curies":[{"name":"wp","href":"https:\/\/api.w.org\/{rel}","templated":true}]}}