{"id":86,"date":"2024-05-22T09:19:23","date_gmt":"2024-05-22T07:19:23","guid":{"rendered":"https:\/\/spgoo.org\/?page_id=86"},"modified":"2025-06-12T15:39:28","modified_gmt":"2025-06-12T13:39:28","slug":"iaml","status":"publish","type":"page","link":"https:\/\/spgoo.org\/?page_id=86","title":{"rendered":"IAML"},"content":{"rendered":"\n<h2 class=\"wp-block-heading has-text-align-center\">CDA IAML <\/h2>\n\n\n\n<p class=\"has-text-align-center has-vivid-green-cyan-color has-text-color has-link-color has-medium-font-size wp-elements-fb0d8757a6b3055e54fe76f2a2fce862\">Ressources SPGoO : Y. Stroppa, E. Eveno, P. Krezel<\/p>\n\n\n\n<p class=\"has-text-align-center has-vivid-cyan-blue-color has-text-color has-link-color has-medium-font-size wp-elements-613002fde807d1b1f95012c933becbd9\">Projet de conception et de mise \u00e0 disposition d&#8217;un pipeline de traitements avanc\u00e9s. <\/p>\n\n\n\n<p>Introduction : <\/p>\n\n\n\n<p>La plateforme IAML est issue d&#8217;un constat autour de l&#8217;organisation et de la relation entre les acteurs du projet Ravioli. En effet, les projets multi disciplinaires peuvent \u00eatre complexes et apportent leur lot de difficult\u00e9s dans l&#8217;\u00e9change et la compr\u00e9hension des domaines connexes. C&#8217;est pourquoi il nous a sembl\u00e9 important de profiter de ce retour d&#8217;exp\u00e9rience et de proposer une approche collaborative, une plus grande visibilit\u00e9 sur l&#8217;ensemble du projet et es r\u00e9alisations effectu\u00e9es pour essayer d&#8217;am\u00e9liorer l&#8217;interaction entre les partenaires. <\/p>\n\n\n\n<p>IAML est l&#8217;\u00e9laboration d&#8217;une plateforme organis\u00e9e sous forme d&#8217;un pipeline qui doit permettre aux utilisateurs de produire au moment opportun  les \u00e9l\u00e9ments n\u00e9cessaires pour alimenter ce dispositif et avoir une vue et une possibilit\u00e9 d&#8217;interagir sur l&#8217;ensemble du projet. <\/p>\n\n\n\n<p>Plusieurs notions sont importantes dans ce dispositif : <\/p>\n\n\n\n<ul class=\"wp-block-list\">\n<li>Travailler \u00e0 plusieurs sur des disciplines compl\u00e9mentaires <\/li>\n\n\n\n<li>Reproductibilit\u00e9 : conserver une trace et \u00eatre capable de reproduire un r\u00e9sultats<\/li>\n\n\n\n<li>Conserver la tra\u00e7abilit\u00e9 des op\u00e9rations effectu\u00e9es <br><\/li>\n<\/ul>\n\n\n\n<p>URL https:\/\/ravioli.org et interface de pr\u00e9sentation de la plateforme. <\/p>\n\n\n\n<figure class=\"wp-block-image size-large\"><img loading=\"lazy\" decoding=\"async\" width=\"1024\" height=\"538\" src=\"https:\/\/spgoo.org\/wp-content\/uploads\/2024\/05\/iaml_page_acceuil-1024x538.png\" alt=\"\" class=\"wp-image-266\" srcset=\"https:\/\/spgoo.org\/wp-content\/uploads\/2024\/05\/iaml_page_acceuil-1024x538.png 1024w, https:\/\/spgoo.org\/wp-content\/uploads\/2024\/05\/iaml_page_acceuil-300x158.png 300w, https:\/\/spgoo.org\/wp-content\/uploads\/2024\/05\/iaml_page_acceuil-768x404.png 768w, https:\/\/spgoo.org\/wp-content\/uploads\/2024\/05\/iaml_page_acceuil.png 1206w\" sizes=\"auto, (max-width: 1024px) 100vw, 1024px\" \/><\/figure>\n\n\n\n<p>Repr\u00e9sentation des flux associ\u00e9s.<\/p>\n\n\n<div class=\"wp-block-image\">\n<figure class=\"aligncenter size-large is-resized\"><img loading=\"lazy\" decoding=\"async\" width=\"1024\" height=\"668\" src=\"https:\/\/spgoo.org\/wp-content\/uploads\/2024\/11\/IAML_diagramme-1024x668.jpg\" alt=\"\" class=\"wp-image-1843\" style=\"width:758px;height:auto\" srcset=\"https:\/\/spgoo.org\/wp-content\/uploads\/2024\/11\/IAML_diagramme-1024x668.jpg 1024w, https:\/\/spgoo.org\/wp-content\/uploads\/2024\/11\/IAML_diagramme-300x196.jpg 300w, https:\/\/spgoo.org\/wp-content\/uploads\/2024\/11\/IAML_diagramme-768x501.jpg 768w, https:\/\/spgoo.org\/wp-content\/uploads\/2024\/11\/IAML_diagramme.jpg 1152w\" sizes=\"auto, (max-width: 1024px) 100vw, 1024px\" \/><\/figure>\n<\/div>\n\n\n<p class=\"has-text-align-center has-vivid-cyan-blue-color has-text-color has-link-color wp-elements-a4cf3f884f8930801fc63be7d4bb6cd6\">D\u00e9tails des fonctionnalit\u00e9s par module <\/p>\n\n\n\n<p>Module Gestion des sources: <\/p>\n\n\n\n<p>Objectifs : \u00e0 partir de source identifi\u00e9es dans des structures de bases de donn\u00e9es (<span class='tooltipsall tooltipsincontent classtoolTips3'>MongoDB<\/span>, CouchBase ou autres) sous forme de document (NoSQL), l&#8217;utilisateur autoris\u00e9 peut reconstituer ses propres sources de donn\u00e9es. <\/p>\n\n\n<div class=\"wp-block-image\">\n<figure class=\"aligncenter size-large is-resized\"><img loading=\"lazy\" decoding=\"async\" width=\"1024\" height=\"548\" src=\"https:\/\/spgoo.org\/wp-content\/uploads\/2024\/06\/iaml_modele_2-1024x548.png\" alt=\"\" class=\"wp-image-373\" style=\"width:611px;height:auto\" srcset=\"https:\/\/spgoo.org\/wp-content\/uploads\/2024\/06\/iaml_modele_2-1024x548.png 1024w, https:\/\/spgoo.org\/wp-content\/uploads\/2024\/06\/iaml_modele_2-300x161.png 300w, https:\/\/spgoo.org\/wp-content\/uploads\/2024\/06\/iaml_modele_2-768x411.png 768w, https:\/\/spgoo.org\/wp-content\/uploads\/2024\/06\/iaml_modele_2.png 1040w\" sizes=\"auto, (max-width: 1024px) 100vw, 1024px\" \/><\/figure>\n<\/div>\n\n\n<p>Cette op\u00e9ration se d\u00e9roule en plusieurs \u00e9tapes : <\/p>\n\n\n\n<ul class=\"wp-block-list\">\n<li>\u00e9tape 1 : d\u00e9finition de mod\u00e8le <\/li>\n\n\n\n<li>\u00e9tape 2 : alimentation du mod\u00e8le <\/li>\n\n\n\n<li>\u00e9tape 3 : exploitation du mod\u00e8le<\/li>\n<\/ul>\n\n\n\n<p class=\"has-vivid-purple-color has-text-color has-link-color wp-elements-0edcff6480b50f12aa64ffad8663e6a6\">D\u00e9finir son mod\u00e8le de donn\u00e9es : <\/p>\n\n\n\n<p>Construire un mod\u00e8le consiste \u00e0 d\u00e9finir une liste d&#8217;attributs et \u00e0 les caract\u00e9riser un par un. Chaque attribut doit avoir un nom unique au sein du mod\u00e8le et doit \u00eatre caract\u00e9ris\u00e9 par diff\u00e9rentes valeurs dont l&#8217;expression et  conditions. L&#8217;expression associ\u00e9e \u00e0 un attribut permet de d\u00e9finir quelles sont les sources d&#8217;alimentation \u00e0 partir desquelles la plateforme var alimenter cet attribut, c&#8217;est comme un wrapper que l&#8217;on \u00e9crit entre les sources de donn\u00e9es externes et le mod\u00e8le que l&#8217;on veut constituer. Dans cette expression, l&#8217;utilisateur peut indiquer son dispositif d&#8217;alimentation en fonction de la source d&#8217;origine et peut \u00e9galement utiliser des op\u00e9rateurs entre diff\u00e9rents attributs pour effectuer des calculs ou conversions. Il peut \u00e9galement indiquer des valeurs par d\u00e9faut, dans le cas o\u00f9 la source de dispose pas de donn\u00e9es sp\u00e9cifiques (null, undefined). <\/p>\n\n\n<div class=\"wp-block-image\">\n<figure class=\"aligncenter size-large is-resized\"><img loading=\"lazy\" decoding=\"async\" width=\"1024\" height=\"576\" src=\"https:\/\/spgoo.org\/wp-content\/uploads\/2024\/06\/iaml_modele_3-1024x576.png\" alt=\"\" class=\"wp-image-372\" style=\"width:624px;height:auto\" srcset=\"https:\/\/spgoo.org\/wp-content\/uploads\/2024\/06\/iaml_modele_3-1024x576.png 1024w, https:\/\/spgoo.org\/wp-content\/uploads\/2024\/06\/iaml_modele_3-300x169.png 300w, https:\/\/spgoo.org\/wp-content\/uploads\/2024\/06\/iaml_modele_3-768x432.png 768w, https:\/\/spgoo.org\/wp-content\/uploads\/2024\/06\/iaml_modele_3.png 1077w\" sizes=\"auto, (max-width: 1024px) 100vw, 1024px\" \/><\/figure>\n<\/div>\n\n\n<p class=\"has-vivid-purple-color has-text-color has-link-color wp-elements-027ed2cec28c2dd214e055a5cfcfe30c\">Alimentation du mod\u00e8le :<\/p>\n\n\n\n<p>Une fois le mod\u00e8le d\u00e9fini, l&#8217;utilisateur peut construire son propre mod\u00e8le en fixant les r\u00e8gles d&#8217;appariement qu&#8217;il \u00e9tablit entre les diff\u00e9rentes sources.<\/p>\n\n\n\n<div class=\"wp-block-columns is-layout-flex wp-container-core-columns-is-layout-9d6595d7 wp-block-columns-is-layout-flex\">\n<div class=\"wp-block-column is-layout-flow wp-block-column-is-layout-flow\">\n<figure class=\"wp-block-image size-large\"><img loading=\"lazy\" decoding=\"async\" width=\"1024\" height=\"610\" src=\"https:\/\/spgoo.org\/wp-content\/uploads\/2024\/06\/iaml_modele_lll-1024x610.png\" alt=\"\" class=\"wp-image-385\" srcset=\"https:\/\/spgoo.org\/wp-content\/uploads\/2024\/06\/iaml_modele_lll-1024x610.png 1024w, https:\/\/spgoo.org\/wp-content\/uploads\/2024\/06\/iaml_modele_lll-300x179.png 300w, https:\/\/spgoo.org\/wp-content\/uploads\/2024\/06\/iaml_modele_lll-768x457.png 768w, https:\/\/spgoo.org\/wp-content\/uploads\/2024\/06\/iaml_modele_lll.png 1100w\" sizes=\"auto, (max-width: 1024px) 100vw, 1024px\" \/><\/figure>\n<\/div>\n\n\n\n<div class=\"wp-block-column is-layout-flow wp-block-column-is-layout-flow\">\n<figure class=\"wp-block-image size-large\"><img loading=\"lazy\" decoding=\"async\" width=\"1024\" height=\"609\" src=\"https:\/\/spgoo.org\/wp-content\/uploads\/2024\/06\/iaml_modele_cbm-1024x609.png\" alt=\"\" class=\"wp-image-384\" srcset=\"https:\/\/spgoo.org\/wp-content\/uploads\/2024\/06\/iaml_modele_cbm-1024x609.png 1024w, https:\/\/spgoo.org\/wp-content\/uploads\/2024\/06\/iaml_modele_cbm-300x179.png 300w, https:\/\/spgoo.org\/wp-content\/uploads\/2024\/06\/iaml_modele_cbm-768x457.png 768w, https:\/\/spgoo.org\/wp-content\/uploads\/2024\/06\/iaml_modele_cbm.png 1099w\" sizes=\"auto, (max-width: 1024px) 100vw, 1024px\" \/><\/figure>\n<\/div>\n<\/div>\n\n\n\n<p class=\"has-vivid-purple-color has-text-color has-link-color wp-elements-63eba17c6ef8bcd7216b48d06917cf79\">Changement de mod\u00e8le :<\/p>\n\n\n\n<p>Pr\u00e9sentation : <\/p>\n\n\n\n<div class=\"wp-block-columns is-layout-flex wp-container-core-columns-is-layout-9d6595d7 wp-block-columns-is-layout-flex\">\n<div class=\"wp-block-column is-layout-flow wp-block-column-is-layout-flow\"><div class=\"wp-block-image\">\n<figure class=\"aligncenter size-large\"><img loading=\"lazy\" decoding=\"async\" width=\"1024\" height=\"800\" src=\"https:\/\/spgoo.org\/wp-content\/uploads\/2024\/05\/iaml_source_2-1024x800.png\" alt=\"\" class=\"wp-image-302\" style=\"object-fit:cover\" srcset=\"https:\/\/spgoo.org\/wp-content\/uploads\/2024\/05\/iaml_source_2-1024x800.png 1024w, https:\/\/spgoo.org\/wp-content\/uploads\/2024\/05\/iaml_source_2-300x234.png 300w, https:\/\/spgoo.org\/wp-content\/uploads\/2024\/05\/iaml_source_2-768x600.png 768w, https:\/\/spgoo.org\/wp-content\/uploads\/2024\/05\/iaml_source_2.png 1174w\" sizes=\"auto, (max-width: 1024px) 100vw, 1024px\" \/><\/figure>\n<\/div>\n\n\n<p class=\"has-text-align-center\">Partie LLL<\/p>\n<\/div>\n\n\n\n<div class=\"wp-block-column is-layout-flow wp-block-column-is-layout-flow\"><div class=\"wp-block-image\">\n<figure class=\"aligncenter size-large\"><img loading=\"lazy\" decoding=\"async\" width=\"1024\" height=\"797\" src=\"https:\/\/spgoo.org\/wp-content\/uploads\/2024\/05\/iaml_source_3-1024x797.png\" alt=\"\" class=\"wp-image-305\" srcset=\"https:\/\/spgoo.org\/wp-content\/uploads\/2024\/05\/iaml_source_3-1024x797.png 1024w, https:\/\/spgoo.org\/wp-content\/uploads\/2024\/05\/iaml_source_3-300x234.png 300w, https:\/\/spgoo.org\/wp-content\/uploads\/2024\/05\/iaml_source_3-768x598.png 768w, https:\/\/spgoo.org\/wp-content\/uploads\/2024\/05\/iaml_source_3.png 1174w\" sizes=\"auto, (max-width: 1024px) 100vw, 1024px\" \/><\/figure>\n<\/div>\n\n\n<p class=\"has-text-align-center\">Partie CBM<\/p>\n<\/div>\n<\/div>\n\n\n\n<p>Module Exploration des donn\u00e9es : <\/p>\n\n\n\n<p>Objectif de cette partie : produire les donn\u00e9es n\u00e9cessaires pour compl\u00e9ter l&#8217;information et d&#8217;effectuer des repr\u00e9sentations graphiques et statistiques de ces donn\u00e9es. Le but est de connaitre au sens statistique la distribution de notre jeu de donn\u00e9es. <\/p>\n\n\n\n<p>Module gestion Solveurs<\/p>\n\n\n\n<p>Module Gestion plan d&#8217;exp\u00e9rience <\/p>\n\n\n\n<p>Module Traitements avanc\u00e9s<\/p>\n\n\n\n<p>Module de Suivi des Jobs et r\u00e9sultats <\/p>\n<script type=\"text\/javascript\"> toolTips('.classtoolTips3','<a style=\"text-decoration: none;\" href=\"https:\/\/www.mongodb.com\/fr-fr\"><img style=\"width: 180px; height: 50px;\" src=\"\/wp-content\/uploads\/2025\/01\/mongodb-logo-rgb-scaled.jpg\" \/><\/a>'); <\/script>","protected":false},"excerpt":{"rendered":"<p>CDA IAML Ressources SPGoO : Y. Stroppa, E. Eveno, P. Krezel Projet de conception et de mise \u00e0 disposition d&#8217;un pipeline de traitements avanc\u00e9s. Introduction : La plateforme IAML est issue d&#8217;un constat autour de l&#8217;organisation et de la relation entre les acteurs du projet Ravioli. En effet, les projets multi disciplinaires peuvent \u00eatre complexes [&hellip;]<\/p>\n","protected":false},"author":1,"featured_media":0,"parent":0,"menu_order":0,"comment_status":"closed","ping_status":"closed","template":"","meta":{"footnotes":""},"class_list":["post-86","page","type-page","status-publish","hentry"],"_links":{"self":[{"href":"https:\/\/spgoo.org\/index.php?rest_route=\/wp\/v2\/pages\/86","targetHints":{"allow":["GET"]}}],"collection":[{"href":"https:\/\/spgoo.org\/index.php?rest_route=\/wp\/v2\/pages"}],"about":[{"href":"https:\/\/spgoo.org\/index.php?rest_route=\/wp\/v2\/types\/page"}],"author":[{"embeddable":true,"href":"https:\/\/spgoo.org\/index.php?rest_route=\/wp\/v2\/users\/1"}],"replies":[{"embeddable":true,"href":"https:\/\/spgoo.org\/index.php?rest_route=%2Fwp%2Fv2%2Fcomments&post=86"}],"version-history":[{"count":30,"href":"https:\/\/spgoo.org\/index.php?rest_route=\/wp\/v2\/pages\/86\/revisions"}],"predecessor-version":[{"id":7078,"href":"https:\/\/spgoo.org\/index.php?rest_route=\/wp\/v2\/pages\/86\/revisions\/7078"}],"wp:attachment":[{"href":"https:\/\/spgoo.org\/index.php?rest_route=%2Fwp%2Fv2%2Fmedia&parent=86"}],"curies":[{"name":"wp","href":"https:\/\/api.w.org\/{rel}","templated":true}]}}