{"id":9,"date":"2024-05-21T15:45:54","date_gmt":"2024-05-21T13:45:54","guid":{"rendered":"https:\/\/spgoo.org\/?page_id=9"},"modified":"2024-05-29T16:57:56","modified_gmt":"2024-05-29T14:57:56","slug":"home","status":"publish","type":"page","link":"https:\/\/spgoo.org\/","title":{"rendered":"Accueil"},"content":{"rendered":"\n<p class=\"has-cyan-bluish-gray-color has-text-color has-link-color wp-elements-fa79df1f7a2f0887cae7ef7e8f9a7d08\">SPGoO se distingue par son caract\u00e8re interdisciplinaire qui favorise les \u00e9changes entre chercheurs et ing\u00e9nieurs de diff\u00e9rentes disciplines, sa dimension novatrice qui explore de nouvelles m\u00e9thodes et techniques, et son approche exploratoire qui encourage l&#8217;exp\u00e9rimentation et l&#8217;am\u00e9lioration continue. Ces aspects combin\u00e9s font du projet une initiative prometteuse et ambitieuse pour r\u00e9pondre aux d\u00e9fis actuels de la recherche interdisciplinaire et de la gestion des donn\u00e9es complexes.<\/p>\n","protected":false},"excerpt":{"rendered":"<p>SPGoO se distingue par son caract\u00e8re interdisciplinaire qui favorise les \u00e9changes entre chercheurs et ing\u00e9nieurs de diff\u00e9rentes disciplines, sa dimension novatrice qui explore de nouvelles m\u00e9thodes et techniques, et son approche exploratoire qui encourage l&#8217;exp\u00e9rimentation et l&#8217;am\u00e9lioration continue. Ces aspects combin\u00e9s font du projet une initiative prometteuse et ambitieuse pour r\u00e9pondre aux d\u00e9fis actuels de [&hellip;]<\/p>\n","protected":false},"author":1,"featured_media":0,"parent":0,"menu_order":0,"comment_status":"closed","ping_status":"closed","template":"template-homepage.php","meta":{"footnotes":""},"class_list":["post-9","page","type-page","status-publish","hentry"],"_links":{"self":[{"href":"https:\/\/spgoo.org\/index.php?rest_route=\/wp\/v2\/pages\/9","targetHints":{"allow":["GET"]}}],"collection":[{"href":"https:\/\/spgoo.org\/index.php?rest_route=\/wp\/v2\/pages"}],"about":[{"href":"https:\/\/spgoo.org\/index.php?rest_route=\/wp\/v2\/types\/page"}],"author":[{"embeddable":true,"href":"https:\/\/spgoo.org\/index.php?rest_route=\/wp\/v2\/users\/1"}],"replies":[{"embeddable":true,"href":"https:\/\/spgoo.org\/index.php?rest_route=%2Fwp%2Fv2%2Fcomments&post=9"}],"version-history":[{"count":4,"href":"https:\/\/spgoo.org\/index.php?rest_route=\/wp\/v2\/pages\/9\/revisions"}],"predecessor-version":[{"id":326,"href":"https:\/\/spgoo.org\/index.php?rest_route=\/wp\/v2\/pages\/9\/revisions\/326"}],"wp:attachment":[{"href":"https:\/\/spgoo.org\/index.php?rest_route=%2Fwp%2Fv2%2Fmedia&parent=9"}],"curies":[{"name":"wp","href":"https:\/\/api.w.org\/{rel}","templated":true}]}}