{"id":9259,"date":"2025-08-05T10:41:42","date_gmt":"2025-08-05T08:41:42","guid":{"rendered":"https:\/\/spgoo.org\/?page_id=9259"},"modified":"2025-08-08T09:18:12","modified_gmt":"2025-08-08T07:18:12","slug":"simul-compta","status":"publish","type":"page","link":"https:\/\/spgoo.org\/?page_id=9259","title":{"rendered":"Simul Compta"},"content":{"rendered":"\n<link rel='stylesheet' id='9505-css'  href='https:\/\/spgoo.org\/wp-content\/uploads\/winp-css-js\/9505.css?ver=1754573796' type='text\/css' media='all' \/>\n\n\n\n<link rel='stylesheet' id='4485-css'  href='https:\/\/spgoo.org\/wp-content\/uploads\/winp-css-js\/4485.css?ver=1747039442' type='text\/css' media='all' \/>\n\n\n<div style=\"text-align:center\">\r\n\t<h2>Prototype de simulateur de comptabilit\u00e9 nationale<\/h2>\r\n\t<p style=\"font-size:18px;\">Imagin\u00e9\u00a0et con\u00e7u par SPGoO \u00e0 des fins p\u00e9dagogiques JUILLET 2025 <\/p>\r\n\t<img decoding=\"async\"  data-toggle=\"tooltip\" data-placement=\"top\"  title=\"Juste pour rire ; Cliquez\"  style=\"cursor:pointer;position:absolute;top:100px;right:5%;\" src=\".\/personnalisation\/cursilab\/traceur\/images\/cropped-serp.png\" width=200px\/> \r\n<\/div>\r\n\r\n<div class=\"row\" style=\"height:920px;width:100%\">\r\n\t<!-- zone gauche -->\r\n\t<div class=\"col col-sm-2 fen_arrondie\" style=\"background:#bbbaba;height:820px;\" >\r\n\t\t<div class=\"row\" id=\"zone_menu\" style=\"display:block;height:200px;text-align:center;\">\r\n\t\t\t<p class=\"libelle\" onclick=\"ajoute_evenement();\" >Start<\/p>\r\n\t\t\t<p class=\"libelle\" onclick=\"save();\" >Save<\/p>\r\n\t\t\t<p class=\"libelle\" onclick=\"affiche_recap()\" >Recap<\/p>\r\n\t\t\t<p class=\"libelle\" onclick=\"reset();\" style=\"color:red\" >Reset<\/p>\r\n\t\t<\/div>\r\n\t\t<div class=\"row\" id=\"zone_evenementielle\" style=\"text-align:center;height:600px;overflow:auto;\">\r\n\t\t\t<h2>Events<\/h2>\r\n\t\t<\/div>\r\n\t<\/div>\r\n\t<!-- zone centrale -->\r\n\t<div id=\"zone_centrale\" class=\"col col-sm-10\" style=\"display:block\";>\r\n\t\t<div id=\"zoneC_entete\" style=\"display:flex;justify-content:space-between; width:100%;margin:10px\">\r\n\t\t<\/div>\r\n\t\t<div id=\"zoneC_principale\" style=\"text-align:center;height:660px;width:100%;overflow:auto;background:#bbbaba;\">\r\n\t\t<\/div>\t\t\r\n\t<\/div>\r\n\t<div id=\"zone_recap\" class=\"col col-sm-10\" style=\"display:none;height:840px;overflow:auto;\">\r\n\t\t<h2>R\u00e9capitulatif de vos actions<\/h2>\r\n\t<\/div>\r\n<\/div>\r\n\n\n<script type='text\/javascript'>\nvar id = \"9507\";<\/script>\n<script type='text\/javascript' src='https:\/\/spgoo.org\/wp-content\/uploads\/winp-css-js\/9507.js?ver=1754576737'><\/script>\n\n\n\n<details class=\"wp-block-details is-layout-flow wp-block-details-is-layout-flow\"><summary>Pour en savoir plus <\/summary>\n<p>Ce projet con\u00e7u \u00e0 partir d&#8217;une id\u00e9e novatrice de CP, d&#8217;amener les \u00e9tudiants \u00e0 appr\u00e9hender les concepts de la comptabilit\u00e9 Nationale avec un simulateur. Il nous a permis de concevoir cette interface. Plusieurs subtilit\u00e9s ont pu \u00eatre d\u00e9velopp\u00e9es :<\/p>\n\n\n\n<ul class=\"wp-block-list\">\n<li>Param\u00e9trage adaptatif pour g\u00e8rer des sc\u00e9narios diff\u00e9rents <\/li>\n\n\n\n<li>Ergonomie uniquement avec la souris par l&#8217;usage de m\u00e9canisme de glisser&amp;d\u00e9poser <\/li>\n\n\n\n<li>Et bien  d&#8217;autres subtilit\u00e9s que vous aller d\u00e9couvrir en manipulant cette interface.<\/li>\n<\/ul>\n\n\n\n<p>Cette page est compos\u00e9e en deux parties : la partie principale qui vous permet de placer les \u00e9v\u00e9nements dans les bons comptes et la partie r\u00e9cap qui vous permet visualiser l&#8217;ensemble de vos placements. Deux syst\u00e8mes automatiques accompagnent ce dispositif, un syst\u00e8me de g\u00e9n\u00e9ration d&#8217;\u00e9v\u00e9nements qui va puiser dans une liste l&#8217;\u00e9v\u00e9nement \u00e0 placer par l&#8217;utilisateur dans le bon compte, un syst\u00e8me de v\u00e9rification globale des placements pour valider l&#8217;ensemble des actions et de conseiller en cas de mauvais placements.<\/p>\n<\/details>\n","protected":false},"excerpt":{"rendered":"","protected":false},"author":1,"featured_media":0,"parent":0,"menu_order":0,"comment_status":"closed","ping_status":"closed","template":"","meta":{"footnotes":""},"class_list":["post-9259","page","type-page","status-publish","hentry"],"_links":{"self":[{"href":"https:\/\/spgoo.org\/index.php?rest_route=\/wp\/v2\/pages\/9259","targetHints":{"allow":["GET"]}}],"collection":[{"href":"https:\/\/spgoo.org\/index.php?rest_route=\/wp\/v2\/pages"}],"about":[{"href":"https:\/\/spgoo.org\/index.php?rest_route=\/wp\/v2\/types\/page"}],"author":[{"embeddable":true,"href":"https:\/\/spgoo.org\/index.php?rest_route=\/wp\/v2\/users\/1"}],"replies":[{"embeddable":true,"href":"https:\/\/spgoo.org\/index.php?rest_route=%2Fwp%2Fv2%2Fcomments&post=9259"}],"version-history":[{"count":8,"href":"https:\/\/spgoo.org\/index.php?rest_route=\/wp\/v2\/pages\/9259\/revisions"}],"predecessor-version":[{"id":9673,"href":"https:\/\/spgoo.org\/index.php?rest_route=\/wp\/v2\/pages\/9259\/revisions\/9673"}],"wp:attachment":[{"href":"https:\/\/spgoo.org\/index.php?rest_route=%2Fwp%2Fv2%2Fmedia&parent=9259"}],"curies":[{"name":"wp","href":"https:\/\/api.w.org\/{rel}","templated":true}]}}