{"id":9841,"date":"2025-09-06T11:43:33","date_gmt":"2025-09-06T09:43:33","guid":{"rendered":"https:\/\/spgoo.org\/?page_id=9841"},"modified":"2025-09-07T12:20:10","modified_gmt":"2025-09-07T10:20:10","slug":"densite-discrete","status":"publish","type":"page","link":"https:\/\/spgoo.org\/?page_id=9841","title":{"rendered":"Densit\u00e9 discr\u00e8te"},"content":{"rendered":"<title>[Densit\u00e9 de probabilit\u00e9 continues]<\/title>\r\n<script src=\"https:\/\/cdn.jsdelivr.net\/npm\/katex\/dist\/katex.min.js\"><\/script>\r\n<link href=\"https:\/\/cdn.jsdelivr.net\/npm\/katex\/dist\/katex.min.css\" rel=\"stylesheet\">\r\n<script src=\"https:\/\/cdn.jsdelivr.net\/npm\/jsxgraph\/distrib\/jsxgraphcore.min.js\"><\/script> \r\n<script src=\"https:\/\/jsxgraph.org\/distrib\/JessieScript.js\"><\/script>  \r\n<script>\r\nwindow.MathJax = {\r\n  tex: {\r\n    inlineMath: [ ['$','$'], [\"\\\\(\",\"\\\\)\"] ],\r\n    displayMath: [ ['$$','$$'], [\"\\\\[\",\"\\\\]\"] ],\r\n    packages: ['base', 'ams']\r\n  },\r\n  options: {\r\n    ignoreHtmlClass: 'tex2jax_ignore',\r\n    processHtmlClass: 'tex2jax_process'\r\n  }\r\n};\r\n<\/script>  \r\n<script type=\"text\/javascript\" id=\"MathJax-script\" src=\"https:\/\/cdn.jsdelivr.net\/npm\/mathjax@3\/es5\/tex-mml-chtml.js\"> <\/script>\r\n\r\n<script>\r\n  window.WebFontConfig = {\r\n      custom: {\r\n          families: ['KaTeX_AMS', 'KaTeX_Caligraphic:n4,n7', 'KaTeX_Fraktur:n4,n7',\r\n              'KaTeX_Main:n4,n7,i4,i7', 'KaTeX_Math:i4,i7', 'KaTeX_Script',\r\n              'KaTeX_SansSerif:n4,n7,i4', 'KaTeX_Size1', 'KaTeX_Size2', 'KaTeX_Size3',\r\n              'KaTeX_Size4', 'KaTeX_Typewriter'],\r\n      },\r\n  };\r\n<\/script>\r\n\r\n<style>\r\n\t\r\n :root {\r\n      --rose-vieux: #C08081;\r\n      --violet: #6C5DD3;\r\n      --gris: #ccc;\r\n\t --densite_background:#D3D3D3;\r\n    }\t\r\n.grid-classes {\r\n  display: flex;\r\n  background-color:  #2196F3; \/*#00c2a9;*\/\r\n  overflow: auto;\r\n  width: 92%;\r\n  padding: 10px;\r\n}\r\n\r\n.grid-item {\r\n  background-color: rgba(255, 255, 255, 0.8);\r\n  border: 1px solid rgba(0, 0, 0, 0.9);\r\n  padding: 5px;\r\n  font-size: 12px;\r\n  text-align: center;\r\n}\t\r\n\t\r\n  #box1 {\r\n      width: 600px;\r\n      height: 400px;\r\n      position: relative;\r\n  }\r\n  .input-box {\r\n      position: absolute;\r\n      top: 10px;\r\n      left: 10px;\r\n      background: rgb(240,248,255);\r\n      padding: 10px;\r\n      border-radius: 5px;\r\n     box-shadow: 10px 5px 5px  rgba(0, 0, 0, 0.2);\r\n  }\r\n  .input-box input {\r\n      width: 50px;\r\n      margin: 2px;\r\n  }\r\n\tlabel {\r\n\t\tcolor:#00c2a9;\r\n\t\tfont-family: \"KaTeX_Math\"; \r\n\t}\r\n\th2 {\r\n\t\tfont-family: \"KaTeX_Math\"; \r\n\t\ttext-align :center;\r\n\t}\t\r\n\t\r\n\r\n.fen_arrondie {\r\n  border-bottom: 1px solid #ddd;\r\n  -webkit-border-top-left-radius: 10px;\r\n  -moz-border-radius-topleft: 10px;\r\n  -ms-border-radius-topleft: 10px;\r\n  border-top-left-radius: 10px;   \r\n\t\r\n  -webkit-border-top-right-radius: 10px;\r\n  -ms-border-top-right-radius: 10px;\r\n  -moz-border-radius-topright: 10px;\r\n  border-top-right-radius: 10px;\t\r\n\t\r\n  -webkit-border-bottom-right-radius: 10px;\r\n  -ms-border-bottom-right-radius: 10px;\r\n  -moz-border-radius-bottomright: 10px;\r\n  border-bottom-right-radius: 10px;\t\r\n\t\r\n  -webkit-border-bottom-left-radius: 10px;\r\n  -ms-border-bottom-left-radius: 10px;\r\n  -moz-border-radius-bottomleft: 10px;\r\n  border-bottom-left-radius: 10px;\t\t\t\r\n}\t\r\n  #box {\r\n      width: 760px;\r\n      height: 460px;\r\n      margin: 40px auto;\r\n      position: relative;\r\n    }\r\n    .controls {\r\n      position: absolute;\r\n      top: 130px;\r\n      left: 580px;\r\n      background: #fff;\r\n      padding: 12px;\r\n      border-radius: 8px;\r\n      box-shadow: 0 0 10px rgba(0,0,0,0.1);\r\n      font-family: serif;\r\n    }\r\n    .controls label { display: block; margin-bottom: 8px; }\r\n    .controls input {\r\n      width: 70px; margin-left: 6px; padding: 4px 6px;\r\n      border-radius: 6px; border: 1px solid #bbb;\r\n    }\r\n\r\n    .legend-item { display: flex; align-items: center; margin-bottom: 4px; }\r\n    .legend-color { width: 16px; height: 16px; margin-right: 6px; border-radius: 3px; border: 1px solid #333; }\r\n    .jxg-polygon { transition: fill 0.35s ease, stroke 0.35s ease; }\r\n\t\r\n<\/style>\r\n\r\n\r\n<div class=\"row\">\r\n\t<div class=\"col-sm-12\" style=\"display:flex;justify-content:space-around;\">\r\n\t\t<label>Loi Binomiale<input style=\"margin:2px;\" type=\"checkbox\" onclick=\"chargement_densite();\" id=\"CHK_binomiale\" checked\/><\/label> \r\n\t\t<label>Loi BetaBinomiale<input style=\"margin:2px;\" type=\"checkbox\" onclick=\"chargement_densite();\" id=\"CHK_betabinomiale\" \/><\/label> \r\n\t\t<label>Loi de Benford<input style=\"margin:2px;\" type=\"checkbox\" onclick=\"chargement_densite();\" id=\"CHK_benford\"\/><\/label> \r\n\t\t<label>Loi de Bernoulli<input style=\"margin:2px;\" type=\"checkbox\" onclick=\"chargement_densite();\" id=\"CHK_bernoulli\" \/><\/label> \r\n\t\t<label>Loi de MarkovPolya<input style=\"margin:2px;\" type=\"checkbox\" onclick=\"chargement_densite();\" id=\"CHK_markov\"\/><\/label> \r\n\t\t<label>Loi de Poisson<input style=\"margin:2px;\" type=\"checkbox\" onclick=\"chargement_densite();\" id=\"CHK_poisson\" \/><\/label> \r\n\t<\/div>\r\n\t<div class=\"col-sm-12\" style=\"display:flex;justify-content:space-around;\">\r\n\t\t<label>Loi YuleSimon<input style=\"margin:2px;\" type=\"checkbox\" onclick=\"chargement_densite();\" id=\"CHK_yulesimon\"\/><\/label> \r\n\t\t<label>Loi YuleSimon g\u00e9n\u00e9ralis\u00e9e<input style=\"margin:2px;\" type=\"checkbox\" onclick=\"chargement_densite();\" id=\"CHK_yulesimongene\"\/><\/label> \r\n\t\t<label>Loi hyperg\u00e9om\u00e9trique<input style=\"margin:2px;\" type=\"checkbox\" onclick=\"chargement_densite();\" id=\"CHK_hypergeo\" \/><\/label> \r\n\t\t<label>Loi logarithmique<input style=\"margin:2px;\" type=\"checkbox\" onclick=\"chargement_densite();\" id=\"CHK_logarithmique\"\/><\/label> \r\n\t\t<label>Loi triangulaire<input style=\"margin:2px;\" type=\"checkbox\" onclick=\"chargement_densite();\" id=\"CHK_triangulaire\" \/><\/label> \r\n\t\t<label>Loi uniforme<input style=\"margin:2px;\" type=\"checkbox\" onclick=\"chargement_densite();\" id=\"CHK_uniforme\" \/><\/label> \r\n\t<\/div>\r\n\t\r\n\t\r\n<\/div>\r\n<div class=\"row\">\t\r\n\t<div class=\"col-sm-12\">\r\n\t\t<div class=\"row\">\r\n\t\t\t<div class=\"col-sm-12 \" id=\"densite_binomiale\" style=\"text-align:center;margin:10px\">\r\n\t\t\t\t<div class=\"row\">\r\n\t\t\t\t\t<h2 style=\"text-align:center;font-family:KaTeX_Math\">Loi Binomiale<\/h2>\r\n\t\t\t\t<\/div>\r\n\t\t\t\t<div class=\"row\">\r\n\t\t\t\t\t<div class=\"col-sm-1\" id=\"info_normale\">\r\n\t\t\t\t\t<\/div>\r\n\t\t\t\t\t<div class=\"col-sm-10\">\r\n\t\t\t\t\t\t<div class=\"row\">\r\n\t\t\t\t\t\t\t<div class=\"grid-classes fen_arrondie\">\t\t\r\n\t\t\t\t\t\t\t\t<div class=\"grid-item fen_arrondie\" style=\"display:block;\" >\r\n\t\t\t\t\t\t\t\t\t<div id=\"box_binomiale\" class=\"jxgbox fen_arrondie\" style=\"width:800px; height:400px;\"><\/div>\r\n\t\t\t\t\t\t\t\t<\/div>\r\n\t\t\t\t\t\t\t<\/div>\r\n\t\t\t\t\t\t<\/div>\r\n\t\t\t\t\t<\/div>\t\t\t\t\t\r\n\t\t\t\t\t<div class=\"col-sm-1\">\r\n\t\t\t\t\t<\/div>\r\n\t\t\t\t<\/div>\t\t\r\n\t\t\t<\/div>\t\t\t\r\n\t\t<\/div>\r\n\r\n\t\t<div class=\"row\">  <!-- debut Benford --> \r\n\t\t\t<div class=\"col-sm-12 \" id=\"densite_benford\" style=\"display:none;text-align:center;margin:10px\">\r\n\t\t\t\t<div class=\"row\">\r\n\t\t\t\t\t<h2 style=\"text-align:center;font-family:KaTeX_Math\">Loi de Benford<\/h2>\r\n\t\t\t\t<\/div>\r\n\t\t\t\t<div class=\"row\">\r\n\t\t\t\t\t<div class=\"col-sm-1\" id=\"info_benford\">\r\n\t\t\t\t\t<\/div>\r\n\t\t\t\t\t<div class=\"col-sm-10\">\r\n\t\t\t\t\t\t<div class=\"row\">\r\n\t\t\t\t\t\t\t<div class=\"grid-classes fen_arrondie\">\t\t\r\n\t\t\t\t\t\t\t\t<div class=\"grid-item fen_arrondie\" style=\"display:block;\" >\r\n\t\t\t\t\t\t\t\t\t<div id=\"box_benford\" class=\"jxgbox fen_arrondie\" style=\"width:800px; height:400px;\"><\/div>\r\n\t\t\t\t\t\t\t\t<\/div>\r\n\t\t\t\t\t\t\t<\/div>\r\n\t\t\t\t\t\t<\/div>\r\n\t\t\t\t\t<\/div>\t\t\t\t\t\r\n\t\t\t\t\t<div class=\"col-sm-1\">\r\n\t\t\t\t\t<\/div>\r\n\t\t\t\t<\/div>\t\t\r\n\t\t\t<\/div>\t\t\t\r\n\t\t<\/div>  <!-- fin de Benford --> \r\n\r\n\t\t<div class=\"row\">  <!-- debut Bernoulli --> \r\n\t\t\t<div class=\"col-sm-12 \" id=\"densite_bernoulli\" style=\"display:none;text-align:center;margin:10px\">\r\n\t\t\t\t<div class=\"row\">\r\n\t\t\t\t\t<h2 style=\"text-align:center;font-family:KaTeX_Math\">Loi de Bernoulli<\/h2>\r\n\t\t\t\t<\/div>\r\n\t\t\t\t<div class=\"row\">\r\n\t\t\t\t\t<div class=\"col-sm-1\" id=\"info_bernoulli\">\r\n\t\t\t\t\t<\/div>\r\n\t\t\t\t\t<div class=\"col-sm-10\">\r\n\t\t\t\t\t\t<div class=\"row\">\r\n\t\t\t\t\t\t\t<div class=\"grid-classes fen_arrondie\">\t\t\r\n\t\t\t\t\t\t\t\t<div class=\"grid-item fen_arrondie\" style=\"display:block;\" >\r\n\t\t\t\t\t\t\t\t\t<div id=\"box_bernoulli\" class=\"jxgbox fen_arrondie\" style=\"width:800px; height:400px;\"><\/div>\r\n\t\t\t\t\t\t\t\t<\/div>\r\n\t\t\t\t\t\t\t<\/div>\r\n\t\t\t\t\t\t<\/div>\r\n\t\t\t\t\t<\/div>\t\t\t\t\t\r\n\t\t\t\t\t<div class=\"col-sm-1\">\r\n\t\t\t\t\t<\/div>\r\n\t\t\t\t<\/div>\t\t\r\n\t\t\t<\/div>\t\t\t\r\n\t\t<\/div>  <!-- fin de Bernoulli --> \r\n\r\n\t\t<div class=\"row\">  <!-- debut Markov --> \r\n\t\t\t<div class=\"col-sm-12 \" id=\"densite_markov\" style=\"display:none;text-align:center;margin:10px\">\r\n\t\t\t\t<div class=\"row\">\r\n\t\t\t\t\t<h2 style=\"text-align:center;font-family:KaTeX_Math\">Loi de MarkovPolya<\/h2>\r\n\t\t\t\t<\/div>\r\n\t\t\t\t<div class=\"row\">\r\n\t\t\t\t\t<div class=\"col-sm-1\" id=\"info_markov\">\r\n\t\t\t\t\t<\/div>\r\n\t\t\t\t\t<div class=\"col-sm-10\">\r\n\t\t\t\t\t\t<div class=\"row\">\r\n\t\t\t\t\t\t\t<div class=\"grid-classes fen_arrondie\">\t\t\r\n\t\t\t\t\t\t\t\t<div class=\"grid-item fen_arrondie\" style=\"display:block;\" >\r\n\t\t\t\t\t\t\t\t\t<div id=\"box_markov\" class=\"jxgbox fen_arrondie\" style=\"width:800px; height:400px;\"><\/div>\r\n\t\t\t\t\t\t\t\t<\/div>\r\n\t\t\t\t\t\t\t<\/div>\r\n\t\t\t\t\t\t<\/div>\r\n\t\t\t\t\t<\/div>\t\t\t\t\t\r\n\t\t\t\t\t<div class=\"col-sm-1\">\r\n\t\t\t\t\t<\/div>\r\n\t\t\t\t<\/div>\t\t\r\n\t\t\t<\/div>\t\t\t\r\n\t\t<\/div>  <!-- fin de Markov --> \r\n\r\n\t\t<div class=\"row\">  <!-- debut Poisson --> \r\n\t\t\t<div class=\"col-sm-12 \" id=\"densite_poisson\" style=\"display:none;text-align:center;margin:10px\">\r\n\t\t\t\t<div class=\"row\">\r\n\t\t\t\t\t<h2 style=\"text-align:center;font-family:KaTeX_Math\">Loi de Poisson<\/h2>\r\n\t\t\t\t<\/div>\r\n\t\t\t\t<div class=\"row\">\r\n\t\t\t\t\t<div class=\"col-sm-1\" id=\"info_poisson\">\r\n\t\t\t\t\t<\/div>\r\n\t\t\t\t\t<div class=\"col-sm-10\">\r\n\t\t\t\t\t\t<div class=\"row\">\r\n\t\t\t\t\t\t\t<div class=\"grid-classes fen_arrondie\">\t\t\r\n\t\t\t\t\t\t\t\t<div class=\"grid-item fen_arrondie\" style=\"display:block;\" >\r\n\t\t\t\t\t\t\t\t\t<div id=\"box_poisson\" class=\"jxgbox fen_arrondie\" style=\"width:800px; height:400px;\"><\/div>\r\n\t\t\t\t\t\t\t\t<\/div>\r\n\t\t\t\t\t\t\t<\/div>\r\n\t\t\t\t\t\t<\/div>\r\n\t\t\t\t\t<\/div>\t\t\t\t\t\r\n\t\t\t\t\t<div class=\"col-sm-1\">\r\n\t\t\t\t\t<\/div>\r\n\t\t\t\t<\/div>\t\t\r\n\t\t\t<\/div>\t\t\t\r\n\t\t<\/div>  <!-- fin de Poisson --> \r\n\t\t\r\n\t\t<div class=\"row\">  <!-- debut YuleSimon --> \r\n\t\t\t<div class=\"col-sm-12 \" id=\"densite_yulesimon\" style=\"display:none;text-align:center;margin:10px\">\r\n\t\t\t\t<div class=\"row\">\r\n\t\t\t\t\t<h2 style=\"text-align:center;font-family:KaTeX_Math\">Loi de YuleSimon<\/h2>\r\n\t\t\t\t<\/div>\r\n\t\t\t\t<div class=\"row\">\r\n\t\t\t\t\t<div class=\"col-sm-1\" id=\"info_yulesimon\">\r\n\t\t\t\t\t<\/div>\r\n\t\t\t\t\t<div class=\"col-sm-10\">\r\n\t\t\t\t\t\t<div class=\"row\">\r\n\t\t\t\t\t\t\t<div class=\"grid-classes fen_arrondie\">\t\t\r\n\t\t\t\t\t\t\t\t<div class=\"grid-item fen_arrondie\" style=\"display:block;\" >\r\n\t\t\t\t\t\t\t\t\t<div id=\"box_yulesimon\" class=\"jxgbox fen_arrondie\" style=\"width:800px; height:400px;\"><\/div>\r\n\t\t\t\t\t\t\t\t<\/div>\r\n\t\t\t\t\t\t\t<\/div>\r\n\t\t\t\t\t\t<\/div>\r\n\t\t\t\t\t<\/div>\t\t\t\t\t\r\n\t\t\t\t\t<div class=\"col-sm-1\">\r\n\t\t\t\t\t<\/div>\r\n\t\t\t\t<\/div>\t\t\r\n\t\t\t<\/div>\t\t\t\r\n\t\t<\/div>  <!-- fin de YuleSimon --> \r\n\r\n\t\t<div class=\"row\">  <!-- debut YuleSimonGene --> \r\n\t\t\t<div class=\"col-sm-12 \" id=\"densite_yulesimongene\" style=\"display:none;text-align:center;margin:10px\">\r\n\t\t\t\t<div class=\"row\">\r\n\t\t\t\t\t<h2 style=\"text-align:center;font-family:KaTeX_Math\">Loi de YuleSimon g\u00e9n\u00e9<\/h2>\r\n\t\t\t\t<\/div>\r\n\t\t\t\t<div class=\"row\">\r\n\t\t\t\t\t<div class=\"col-sm-1\" id=\"info_yulesimongene\">\r\n\t\t\t\t\t<\/div>\r\n\t\t\t\t\t<div class=\"col-sm-10\">\r\n\t\t\t\t\t\t<div class=\"row\">\r\n\t\t\t\t\t\t\t<div class=\"grid-classes fen_arrondie\">\t\t\r\n\t\t\t\t\t\t\t\t<div class=\"grid-item fen_arrondie\" style=\"display:block;\" >\r\n\t\t\t\t\t\t\t\t\t<div id=\"box_yulesimongene\" class=\"jxgbox fen_arrondie\" style=\"width:800px; height:400px;\"><\/div>\r\n\t\t\t\t\t\t\t\t<\/div>\r\n\t\t\t\t\t\t\t<\/div>\r\n\t\t\t\t\t\t<\/div>\r\n\t\t\t\t\t<\/div>\t\t\t\t\t\r\n\t\t\t\t\t<div class=\"col-sm-1\">\r\n\t\t\t\t\t<\/div>\r\n\t\t\t\t<\/div>\t\t\r\n\t\t\t<\/div>\t\t\t\r\n\t\t<\/div>  <!-- fin de YuleSimonGene --> \r\n\t\t\r\n\t\t<div class=\"row\">  <!-- debut hypergeno --> \r\n\t\t\t<div class=\"col-sm-12 \" id=\"densite_hypergeo\" style=\"display:none;text-align:center;margin:10px\">\r\n\t\t\t\t<div class=\"row\">\r\n\t\t\t\t\t<h2 style=\"text-align:center;font-family:KaTeX_Math\">Loi hyperg\u00e9om\u00e9trique<\/h2>\r\n\t\t\t\t<\/div>\r\n\t\t\t\t<div class=\"row\">\r\n\t\t\t\t\t<div class=\"col-sm-1\" id=\"info_hypergeo\">\r\n\t\t\t\t\t<\/div>\r\n\t\t\t\t\t<div class=\"col-sm-10\">\r\n\t\t\t\t\t\t<div class=\"row\">\r\n\t\t\t\t\t\t\t<div class=\"grid-classes fen_arrondie\">\t\t\r\n\t\t\t\t\t\t\t\t<div class=\"grid-item fen_arrondie\" style=\"display:block;\" >\r\n\t\t\t\t\t\t\t\t\t<div id=\"box_hypergeo\" class=\"jxgbox fen_arrondie\" style=\"width:800px; height:400px;\"><\/div>\r\n\t\t\t\t\t\t\t\t<\/div>\r\n\t\t\t\t\t\t\t<\/div>\r\n\t\t\t\t\t\t<\/div>\r\n\t\t\t\t\t<\/div>\t\t\t\t\t\r\n\t\t\t\t\t<div class=\"col-sm-1\">\r\n\t\t\t\t\t<\/div>\r\n\t\t\t\t<\/div>\t\t\r\n\t\t\t<\/div>\t\t\t\r\n\t\t<\/div>  <!-- fin de hypergeo --> \t\t\r\n\t\t\r\n\t\t\t\t\r\n\t\t<div class=\"row\">  <!-- debut loga --> \r\n\t\t\t<div class=\"col-sm-12 \" id=\"densite_logarithmique\" style=\"display:none;text-align:center;margin:10px\">\r\n\t\t\t\t<div class=\"row\">\r\n\t\t\t\t\t<h2 style=\"text-align:center;font-family:KaTeX_Math\">Loi logarithmique<\/h2>\r\n\t\t\t\t<\/div>\r\n\t\t\t\t<div class=\"row\">\r\n\t\t\t\t\t<div class=\"col-sm-1\" id=\"info_logarithmique\">\r\n\t\t\t\t\t<\/div>\r\n\t\t\t\t\t<div class=\"col-sm-10\">\r\n\t\t\t\t\t\t<div class=\"row\">\r\n\t\t\t\t\t\t\t<div class=\"grid-classes fen_arrondie\">\t\t\r\n\t\t\t\t\t\t\t\t<div class=\"grid-item fen_arrondie\" style=\"display:block;\" >\r\n\t\t\t\t\t\t\t\t\t<div id=\"box_logarithmique\" class=\"jxgbox fen_arrondie\" style=\"width:800px; height:400px;\"><\/div>\r\n\t\t\t\t\t\t\t\t<\/div>\r\n\t\t\t\t\t\t\t<\/div>\r\n\t\t\t\t\t\t<\/div>\r\n\t\t\t\t\t<\/div>\t\t\t\t\t\r\n\t\t\t\t\t<div class=\"col-sm-1\">\r\n\t\t\t\t\t<\/div>\r\n\t\t\t\t<\/div>\t\t\r\n\t\t\t<\/div>\t\t\t\r\n\t\t<\/div>  <!-- fin de loga --> \t\r\n\t\t\r\n\t\t<div class=\"row\">  <!-- debut triangulaire --> \r\n\t\t\t<div class=\"col-sm-12 \" id=\"densite_triangulaire\" style=\"display:none;text-align:center;margin:10px\">\r\n\t\t\t\t<div class=\"row\">\r\n\t\t\t\t\t<h2 style=\"text-align:center;font-family:KaTeX_Math\">Loi triangulaire<\/h2>\r\n\t\t\t\t<\/div>\r\n\t\t\t\t<div class=\"row\">\r\n\t\t\t\t\t<div class=\"col-sm-1\" id=\"info_triangulaire\">\r\n\t\t\t\t\t<\/div>\r\n\t\t\t\t\t<div class=\"col-sm-10\">\r\n\t\t\t\t\t\t<div class=\"row\">\r\n\t\t\t\t\t\t\t<div class=\"grid-classes fen_arrondie\">\t\t\r\n\t\t\t\t\t\t\t\t<div class=\"grid-item fen_arrondie\" style=\"display:block;\" >\r\n\t\t\t\t\t\t\t\t\t<div id=\"box_triangulaire\" class=\"jxgbox fen_arrondie\" style=\"width:800px; height:400px;\"><\/div>\r\n\t\t\t\t\t\t\t\t<\/div>\r\n\t\t\t\t\t\t\t<\/div>\r\n\t\t\t\t\t\t<\/div>\r\n\t\t\t\t\t<\/div>\t\t\t\t\t\r\n\t\t\t\t\t<div class=\"col-sm-1\">\r\n\t\t\t\t\t<\/div>\r\n\t\t\t\t<\/div>\t\t\r\n\t\t\t<\/div>\t\t\t\r\n\t\t<\/div>  <!-- fin de triangulaire--> \t\t\t\r\n\t\t\r\n\t\t<div class=\"row\">  <!-- debut uniforme --> \r\n\t\t\t<div class=\"col-sm-12 \" id=\"densite_uniforme\" style=\"display:none;text-align:center;margin:10px\">\r\n\t\t\t\t<div class=\"row\">\r\n\t\t\t\t\t<h2 style=\"text-align:center;font-family:KaTeX_Math\">Loi uniforme<\/h2>\r\n\t\t\t\t<\/div>\r\n\t\t\t\t<div class=\"row\">\r\n\t\t\t\t\t<div class=\"col-sm-1\" id=\"info_uniforme\">\r\n\t\t\t\t\t<\/div>\r\n\t\t\t\t\t<div class=\"col-sm-10\">\r\n\t\t\t\t\t\t<div class=\"row\">\r\n\t\t\t\t\t\t\t<div class=\"grid-classes fen_arrondie\">\t\t\r\n\t\t\t\t\t\t\t\t<div class=\"grid-item fen_arrondie\" style=\"display:block;\" >\r\n\t\t\t\t\t\t\t\t\t<div id=\"box_uniforme\" class=\"jxgbox fen_arrondie\" style=\"width:800px; height:400px;\"><\/div>\r\n\t\t\t\t\t\t\t\t<\/div>\r\n\t\t\t\t\t\t\t<\/div>\r\n\t\t\t\t\t\t<\/div>\r\n\t\t\t\t\t<\/div>\t\t\t\t\t\r\n\t\t\t\t\t<div class=\"col-sm-1\">\r\n\t\t\t\t\t<\/div>\r\n\t\t\t\t<\/div>\t\t\r\n\t\t\t<\/div>\t\t\t\r\n\t\t<\/div>  <!-- fin de uniforme--> \t\t\t\r\n\t\t\r\n\t\t<div class=\"row\">  <!-- debut betabinomiale --> \r\n\t\t\t<div class=\"col-sm-12 \" id=\"densite_betabinomiale\" style=\"display:none;text-align:center;margin:10px\">\r\n\t\t\t\t<div class=\"row\">\r\n\t\t\t\t\t<h2 style=\"text-align:center;font-family:KaTeX_Math\">Loi betabinomiale<\/h2>\r\n\t\t\t\t<\/div>\r\n\t\t\t\t<div class=\"row\">\r\n\t\t\t\t\t<div class=\"col-sm-1\" id=\"info_betabinomiale\">\r\n\t\t\t\t\t<\/div>\r\n\t\t\t\t\t<div class=\"col-sm-10\">\r\n\t\t\t\t\t\t<div class=\"row\">\r\n\t\t\t\t\t\t\t<div class=\"grid-classes fen_arrondie\">\t\t\r\n\t\t\t\t\t\t\t\t<div class=\"grid-item fen_arrondie\" style=\"display:block;\" >\r\n\t\t\t\t\t\t\t\t\t<div id=\"box_betabinomiale\" class=\"jxgbox fen_arrondie\" style=\"width:800px; height:400px;\"><\/div>\r\n\t\t\t\t\t\t\t\t<\/div>\r\n\t\t\t\t\t\t\t<\/div>\r\n\t\t\t\t\t\t<\/div>\r\n\t\t\t\t\t<\/div>\t\t\t\t\t\r\n\t\t\t\t\t<div class=\"col-sm-1\">\r\n\t\t\t\t\t<\/div>\r\n\t\t\t\t<\/div>\t\t\r\n\t\t\t<\/div>\t\t\t\r\n\t\t<\/div>  <!-- fin de betabinomiale--> \t\r\n\t\t\r\n\t<\/div>\r\n<\/div>\r\n\r\n<script>\r\n\t\r\nJXG.Options.text.useKatex = true; \r\nJXG.Options.text.cssDefaultStyle = 'font-family:KaTeX_Main, serif;font-size:4 vmin';\r\nJXG.Options.text.highlightCssDefaultStyle = 'font-family:KaTeX_Main, serif;font-size:4 vmin';\r\n\r\nconst lim = 3;\r\n\t\/\/ affectation aux differents labels des propri\u00e9t\u00e9s visuelles  \r\n\tconst list_labels=document.querySelectorAll('.extension');\r\n\tlist_labels.forEach((elem)=> {\r\n\t\telem.addEventListener(\"mouseover\", function() {\r\n\t\t\tif (this.style.cursor==\"pointer\")\r\n\t\t\t\tthis.style.color=\"red\";\r\n\t\t\tthis.style.backgroundColor=\"lightgrey\";\r\n\t\t})\r\n\t\telem.addEventListener(\"mouseleave\", function() {\r\n\t\t\tthis.style.color=\"#00c2a9\";\r\n\t\t\tthis.style.backgroundColor=\"#3c3f49\";\r\n\t\t})\r\n\t});\r\n\t\r\n\t\r\n\t\/\/ Chargement des reprsentations selectionn\u00e9es \r\n\tconst chargement_densite=function() {\r\n\t\tconst list_chk=document.querySelectorAll('input[type=\"checkbox\"]');\r\n\t\tlist_chk.forEach((elem)=> {\r\n\t\t\tconst ID=elem.id.split(\"_\")[1];\r\n\t\t\tif (elem.checked) {\r\n\t\t\t\t\/\/ alors on affiche \r\n\t\t\t\tdocument.getElementById(\"densite_\"+ID).style.display=\"block\";\r\n\t\t\t} else {\r\n\t\t\t\t\/\/ on masque \r\n\t\t\t\tdocument.getElementById(\"densite_\"+ID).style.display=\"none\";\r\n\t\t\t}\r\n\t\t});\r\n\t}\r\n<\/script>\n\n<script type='text\/javascript'>\nvar id = \"9837\";<\/script>\n<script type='text\/javascript' src='https:\/\/spgoo.org\/wp-content\/uploads\/winp-css-js\/9837.js?ver=1757238627'><\/script>\n\n\n<script type='text\/javascript'>\nvar id = \"9857\";<\/script>\n<script type='text\/javascript' src='https:\/\/spgoo.org\/wp-content\/uploads\/winp-css-js\/9857.js?ver=1757238620'><\/script>\n\n\n<script type='text\/javascript'>\nvar id = \"9864\";<\/script>\n<script type='text\/javascript' src='https:\/\/spgoo.org\/wp-content\/uploads\/winp-css-js\/9864.js?ver=1757238727'><\/script>\n\n\n<script type='text\/javascript'>\nvar id = \"9866\";<\/script>\n<script type='text\/javascript' src='https:\/\/spgoo.org\/wp-content\/uploads\/winp-css-js\/9866.js?ver=1757238602'><\/script>\n\n\n<script type='text\/javascript'>\nvar id = \"9868\";<\/script>\n<script type='text\/javascript' src='https:\/\/spgoo.org\/wp-content\/uploads\/winp-css-js\/9868.js?ver=1757238613'><\/script>\n\n\n<script type='text\/javascript'>\nvar id = \"9887\";<\/script>\n<script type='text\/javascript' src='https:\/\/spgoo.org\/wp-content\/uploads\/winp-css-js\/9887.js?ver=1757240687'><\/script>\n\n\n<script type='text\/javascript'>\nvar id = \"9889\";<\/script>\n<script type='text\/javascript' src='https:\/\/spgoo.org\/wp-content\/uploads\/winp-css-js\/9889.js?ver=1757240703'><\/script>\n\n\n<script type='text\/javascript'>\nvar id = \"9891\";<\/script>\n<script type='text\/javascript' src='https:\/\/spgoo.org\/wp-content\/uploads\/winp-css-js\/9891.js?ver=1757240717'><\/script>\n\n\n<script type='text\/javascript'>\nvar id = \"9893\";<\/script>\n<script type='text\/javascript' src='https:\/\/spgoo.org\/wp-content\/uploads\/winp-css-js\/9893.js?ver=1757241313'><\/script>\n\n\n<script type='text\/javascript'>\nvar id = \"9895\";<\/script>\n<script type='text\/javascript' src='https:\/\/spgoo.org\/wp-content\/uploads\/winp-css-js\/9895.js?ver=1757240745'><\/script>\n\n\n<script type='text\/javascript'>\nvar id = \"9897\";<\/script>\n<script type='text\/javascript' src='https:\/\/spgoo.org\/wp-content\/uploads\/winp-css-js\/9897.js?ver=1757240758'><\/script>\n\n\n<script type='text\/javascript'>\nvar id = \"9899\";<\/script>\n<script type='text\/javascript' src='https:\/\/spgoo.org\/wp-content\/uploads\/winp-css-js\/9899.js?ver=1757240771'><\/script>\n","protected":false},"excerpt":{"rendered":"","protected":false},"author":1,"featured_media":0,"parent":0,"menu_order":0,"comment_status":"closed","ping_status":"closed","template":"","meta":{"footnotes":""},"class_list":["post-9841","page","type-page","status-publish","hentry"],"_links":{"self":[{"href":"https:\/\/spgoo.org\/index.php?rest_route=\/wp\/v2\/pages\/9841","targetHints":{"allow":["GET"]}}],"collection":[{"href":"https:\/\/spgoo.org\/index.php?rest_route=\/wp\/v2\/pages"}],"about":[{"href":"https:\/\/spgoo.org\/index.php?rest_route=\/wp\/v2\/types\/page"}],"author":[{"embeddable":true,"href":"https:\/\/spgoo.org\/index.php?rest_route=\/wp\/v2\/users\/1"}],"replies":[{"embeddable":true,"href":"https:\/\/spgoo.org\/index.php?rest_route=%2Fwp%2Fv2%2Fcomments&post=9841"}],"version-history":[{"count":4,"href":"https:\/\/spgoo.org\/index.php?rest_route=\/wp\/v2\/pages\/9841\/revisions"}],"predecessor-version":[{"id":9905,"href":"https:\/\/spgoo.org\/index.php?rest_route=\/wp\/v2\/pages\/9841\/revisions\/9905"}],"wp:attachment":[{"href":"https:\/\/spgoo.org\/index.php?rest_route=%2Fwp%2Fv2%2Fmedia&parent=9841"}],"curies":[{"name":"wp","href":"https:\/\/api.w.org\/{rel}","templated":true}]}}